{"id":9767,"date":"2025-07-24T22:38:47","date_gmt":"2025-07-25T03:38:47","guid":{"rendered":"https:\/\/www.ledcmn.org\/johan-gomez\/"},"modified":"2025-11-25T13:23:36","modified_gmt":"2025-11-25T19:23:36","slug":"johan-gomez","status":"publish","type":"page","link":"https:\/\/www.ledcmn.org\/es\/johan-gomez\/","title":{"rendered":"Johan Gomez"},"content":{"rendered":"\t\t<div data-elementor-type=\"wp-page\" data-elementor-id=\"9767\" class=\"elementor elementor-9767 elementor-9762\" data-elementor-post-type=\"page\">\n\t\t\t\t\t\t<section class=\"elementor-section elementor-top-section elementor-element elementor-element-7e62a72c elementor-section-height-min-height elementor-section-boxed elementor-section-height-default elementor-section-items-middle\" data-id=\"7e62a72c\" data-element_type=\"section\" data-e-type=\"section\" data-settings=\"{&quot;background_background&quot;:&quot;classic&quot;,&quot;shape_divider_bottom&quot;:&quot;tilt&quot;}\">\n\t\t\t\t\t\t\t<div class=\"elementor-background-overlay\"><\/div>\n\t\t\t\t\t\t<div class=\"elementor-shape elementor-shape-bottom\" aria-hidden=\"true\" data-negative=\"false\">\n\t\t\t<svg xmlns=\"http:\/\/www.w3.org\/2000\/svg\" viewBox=\"0 0 1000 100\" preserveAspectRatio=\"none\">\n\t<path class=\"elementor-shape-fill\" d=\"M0,6V0h1000v100L0,6z\"\/>\n<\/svg>\t\t<\/div>\n\t\t\t\t\t<div class=\"elementor-container elementor-column-gap-default\">\n\t\t\t\t\t<div class=\"elementor-column elementor-col-100 elementor-top-column elementor-element elementor-element-6d46d0f3\" data-id=\"6d46d0f3\" data-element_type=\"column\" data-e-type=\"column\">\n\t\t\t<div class=\"elementor-widget-wrap elementor-element-populated\">\n\t\t\t\t\t\t<section class=\"elementor-section elementor-inner-section elementor-element elementor-element-64a4c048 elementor-section-boxed elementor-section-height-default elementor-section-height-default\" data-id=\"64a4c048\" data-element_type=\"section\" data-e-type=\"section\">\n\t\t\t\t\t\t<div class=\"elementor-container elementor-column-gap-default\">\n\t\t\t\t\t<div class=\"elementor-column elementor-col-50 elementor-inner-column elementor-element elementor-element-4e168e3e elementor-hidden-phone\" data-id=\"4e168e3e\" data-element_type=\"column\" data-e-type=\"column\">\n\t\t\t<div class=\"elementor-widget-wrap\">\n\t\t\t\t\t\t\t<\/div>\n\t\t<\/div>\n\t\t\t\t<div class=\"elementor-column elementor-col-50 elementor-inner-column elementor-element elementor-element-16fadbed\" data-id=\"16fadbed\" data-element_type=\"column\" data-e-type=\"column\">\n\t\t\t<div class=\"elementor-widget-wrap elementor-element-populated\">\n\t\t\t\t\t\t<div class=\"elementor-element elementor-element-3bba8d6c elementor-widget elementor-widget-heading\" data-id=\"3bba8d6c\" data-element_type=\"widget\" data-e-type=\"widget\" data-widget_type=\"heading.default\">\n\t\t\t\t<div class=\"elementor-widget-container\">\n\t\t\t\t\t<h2 class=\"elementor-heading-title elementor-size-default\">Miembro de la Junta Directiva<\/h2>\t\t\t\t<\/div>\n\t\t\t\t<\/div>\n\t\t\t\t\t<\/div>\n\t\t<\/div>\n\t\t\t\t\t<\/div>\n\t\t<\/section>\n\t\t\t\t\t<\/div>\n\t\t<\/div>\n\t\t\t\t\t<\/div>\n\t\t<\/section>\n\t\t\t\t<section class=\"elementor-section elementor-top-section elementor-element elementor-element-5cce3e46 elementor-section-boxed elementor-section-height-default elementor-section-height-default elementor-invisible\" data-id=\"5cce3e46\" data-element_type=\"section\" data-e-type=\"section\" data-settings=\"{&quot;animation&quot;:&quot;slideInUp&quot;}\">\n\t\t\t\t\t\t<div class=\"elementor-container elementor-column-gap-wider\">\n\t\t\t\t\t<div class=\"elementor-column elementor-col-33 elementor-top-column elementor-element elementor-element-6616394\" data-id=\"6616394\" data-element_type=\"column\" data-e-type=\"column\">\n\t\t\t<div class=\"elementor-widget-wrap elementor-element-populated\">\n\t\t\t\t\t\t<div class=\"elementor-element elementor-element-3fe20294 elementor-widget elementor-widget-image\" data-id=\"3fe20294\" data-element_type=\"widget\" data-e-type=\"widget\" data-widget_type=\"image.default\">\n\t\t\t\t<div class=\"elementor-widget-container\">\n\t\t\t\t\t\t\t\t\t\t\t\t\t\t\t<img fetchpriority=\"high\" decoding=\"async\" width=\"800\" height=\"800\" src=\"https:\/\/www.ledcmn.org\/wp-content\/uploads\/2025\/07\/board-Johan.jpg\" class=\"attachment-large size-large wp-image-9793\" alt=\"Photo of Board Member Johan Gomez\" srcset=\"https:\/\/www.ledcmn.org\/wp-content\/uploads\/2025\/07\/board-Johan.jpg 850w, https:\/\/www.ledcmn.org\/wp-content\/uploads\/2025\/07\/board-Johan-300x300.jpg 300w, https:\/\/www.ledcmn.org\/wp-content\/uploads\/2025\/07\/board-Johan-150x150.jpg 150w, https:\/\/www.ledcmn.org\/wp-content\/uploads\/2025\/07\/board-Johan-768x768.jpg 768w, https:\/\/www.ledcmn.org\/wp-content\/uploads\/2025\/07\/elementor\/thumbs\/board-Johan-r9heoeyl4czjma6ofu2itp0hjm0ufqs4gwgfu03ee8.jpg 400w\" sizes=\"(max-width: 800px) 100vw, 800px\" \/>\t\t\t\t\t\t\t\t\t\t\t\t\t\t\t<\/div>\n\t\t\t\t<\/div>\n\t\t\t\t\t<\/div>\n\t\t<\/div>\n\t\t\t\t<div class=\"elementor-column elementor-col-66 elementor-top-column elementor-element elementor-element-78a7d41e\" data-id=\"78a7d41e\" data-element_type=\"column\" data-e-type=\"column\">\n\t\t\t<div class=\"elementor-widget-wrap elementor-element-populated\">\n\t\t\t\t\t\t<div class=\"elementor-element elementor-element-59f597a0 elementor-widget elementor-widget-heading\" data-id=\"59f597a0\" data-element_type=\"widget\" data-e-type=\"widget\" data-widget_type=\"heading.default\">\n\t\t\t\t<div class=\"elementor-widget-container\">\n\t\t\t\t\t<h1 class=\"elementor-heading-title elementor-size-default\">Johan Gomez Sang<\/h1>\t\t\t\t<\/div>\n\t\t\t\t<\/div>\n\t\t\t\t<div class=\"elementor-element elementor-element-f85638b elementor-icon-list--layout-traditional elementor-list-item-link-full_width elementor-widget elementor-widget-icon-list\" data-id=\"f85638b\" data-element_type=\"widget\" data-e-type=\"widget\" data-widget_type=\"icon-list.default\">\n\t\t\t\t<div class=\"elementor-widget-container\">\n\t\t\t\t\t\t\t<ul class=\"elementor-icon-list-items\">\n\t\t\t\t\t\t\t<li class=\"elementor-icon-list-item\">\n\t\t\t\t\t\t\t\t\t\t\t<span class=\"elementor-icon-list-icon\">\n\t\t\t\t\t\t\t<i aria-hidden=\"true\" class=\"fas fa-chevron-right\"><\/i>\t\t\t\t\t\t<\/span>\n\t\t\t\t\t\t\t\t\t\t<span class=\"elementor-icon-list-text\">Especialista en Peque\u00f1os Negocios, Minnesota Bank and Trust<\/span>\n\t\t\t\t\t\t\t\t\t<\/li>\n\t\t\t\t\t\t\t\t<li class=\"elementor-icon-list-item\">\n\t\t\t\t\t\t\t\t\t\t\t<span class=\"elementor-icon-list-icon\">\n\t\t\t\t\t\t\t<i aria-hidden=\"true\" class=\"fas fa-chevron-right\"><\/i>\t\t\t\t\t\t<\/span>\n\t\t\t\t\t\t\t\t\t\t<span class=\"elementor-icon-list-text\">Miembro de la Junta Directiva<\/span>\n\t\t\t\t\t\t\t\t\t<\/li>\n\t\t\t\t\t\t<\/ul>\n\t\t\t\t\t\t<\/div>\n\t\t\t\t<\/div>\n\t\t\t\t<div class=\"elementor-element elementor-element-1dccc099 elementor-widget-divider--view-line elementor-widget elementor-widget-divider\" data-id=\"1dccc099\" data-element_type=\"widget\" data-e-type=\"widget\" data-widget_type=\"divider.default\">\n\t\t\t\t<div class=\"elementor-widget-container\">\n\t\t\t\t\t\t\t<div class=\"elementor-divider\">\n\t\t\t<span class=\"elementor-divider-separator\">\n\t\t\t\t\t\t<\/span>\n\t\t<\/div>\n\t\t\t\t\t\t<\/div>\n\t\t\t\t<\/div>\n\t\t\t\t<div class=\"elementor-element elementor-element-5b1e76ce elementor-widget elementor-widget-text-editor\" data-id=\"5b1e76ce\" data-element_type=\"widget\" data-e-type=\"widget\" data-widget_type=\"text-editor.default\">\n\t\t\t\t<div class=\"elementor-widget-container\">\n\t\t\t\t\t\t\t\t\t<p>Johan Gomez Sang es originario de la Rep\u00fablica Dominicana y desde hace seis a\u00f1os considera a Minnesota su hogar. De ascendencia chino-dominicana de tercera generaci\u00f3n, aporta una perspectiva multicultural y es fluido en espa\u00f1ol, ingl\u00e9s y mandar\u00edn. Johan tiene una licenciatura en Mercadeo de la Universidad Iberoamericana (UNIBE) y una maestr\u00eda en Gesti\u00f3n y Productividad de la Universidad APEC.  <\/p><p>Con m\u00e1s de 20 a\u00f1os de experiencia en la industria bancaria, Johan comenz\u00f3 su carrera en la banca de Estados Unidos como Banquero Personal en Wells Fargo. Posteriormente se uni\u00f3 a Minnesota Bank &amp; Trust como Oficial de Pr\u00e9stamos al Consumidor y actualmente se desempe\u00f1a como Banquero de Negocios Comunitarios en Old National Bank, donde apoya a emprendedores y propietarios de peque\u00f1as empresas con soluciones de financiamiento y asesor\u00eda financiera. <\/p><p>Johan tambi\u00e9n est\u00e1 profundamente comprometido con el liderazgo comunitario. En la Rep\u00fablica Dominicana, form\u00f3 parte de la junta directiva del Club Rotario de Punta Cana durante seis a\u00f1os. En Minnesota, ha sido miembro activo de la junta directiva de LatinoLEAD durante los \u00faltimos tres a\u00f1os, habiendo ocupado el cargo de Presidente del Comit\u00e9 de Recaudaci\u00f3n de Fondos y actualmente como Tesorero de la Junta y Presidente del Comit\u00e9 de Finanzas.  <\/p><p>Fuera del \u00e1mbito laboral, a Johan le encanta pasar tiempo de calidad con su esposa y sus dos hijos. Sus pasatiempos favoritos incluyen jugar pickleball, practicar golf y pescar.  <\/p>\t\t\t\t\t\t\t\t<\/div>\n\t\t\t\t<\/div>\n\t\t\t\t\t<\/div>\n\t\t<\/div>\n\t\t\t\t\t<\/div>\n\t\t<\/section>\n\t\t\t\t<\/div>\n\t\t","protected":false},"excerpt":{"rendered":"<p>Miembro de la Junta Directiva Johan Gomez Sang Especialista en Peque\u00f1os Negocios, Minnesota Bank and Trust Miembro de la Junta Directiva Johan Gomez Sang es originario de la Rep\u00fablica Dominicana y desde hace seis a\u00f1os considera a Minnesota su hogar. De ascendencia chino-dominicana de tercera generaci\u00f3n, aporta una perspectiva multicultural y es fluido en espa\u00f1ol, [&hellip;]<\/p>\n","protected":false},"author":1,"featured_media":0,"parent":0,"menu_order":0,"comment_status":"closed","ping_status":"closed","template":"elementor_header_footer","meta":{"_monsterinsights_skip_tracking":false,"_monsterinsights_sitenote_active":false,"_monsterinsights_sitenote_note":"","_monsterinsights_sitenote_category":0,"footnotes":""},"class_list":["post-9767","page","type-page","status-publish","hentry"],"_links":{"self":[{"href":"https:\/\/www.ledcmn.org\/es\/wp-json\/wp\/v2\/pages\/9767","targetHints":{"allow":["GET"]}}],"collection":[{"href":"https:\/\/www.ledcmn.org\/es\/wp-json\/wp\/v2\/pages"}],"about":[{"href":"https:\/\/www.ledcmn.org\/es\/wp-json\/wp\/v2\/types\/page"}],"author":[{"embeddable":true,"href":"https:\/\/www.ledcmn.org\/es\/wp-json\/wp\/v2\/users\/1"}],"replies":[{"embeddable":true,"href":"https:\/\/www.ledcmn.org\/es\/wp-json\/wp\/v2\/comments?post=9767"}],"version-history":[{"count":8,"href":"https:\/\/www.ledcmn.org\/es\/wp-json\/wp\/v2\/pages\/9767\/revisions"}],"predecessor-version":[{"id":10284,"href":"https:\/\/www.ledcmn.org\/es\/wp-json\/wp\/v2\/pages\/9767\/revisions\/10284"}],"wp:attachment":[{"href":"https:\/\/www.ledcmn.org\/es\/wp-json\/wp\/v2\/media?parent=9767"}],"curies":[{"name":"wp","href":"https:\/\/api.w.org\/{rel}","templated":true}]}}