{"id":9760,"date":"2025-07-24T22:34:17","date_gmt":"2025-07-25T03:34:17","guid":{"rendered":"https:\/\/www.ledcmn.org\/braynell-estrada-britton\/"},"modified":"2025-11-25T13:23:21","modified_gmt":"2025-11-25T19:23:21","slug":"braynell-estrada-britton","status":"publish","type":"page","link":"https:\/\/www.ledcmn.org\/es\/braynell-estrada-britton\/","title":{"rendered":"Braynell Estrada Britton"},"content":{"rendered":"\t\t<div data-elementor-type=\"wp-page\" data-elementor-id=\"9760\" class=\"elementor elementor-9760 elementor-9752\" data-elementor-post-type=\"page\">\n\t\t\t\t\t\t<section class=\"elementor-section elementor-top-section elementor-element elementor-element-2df5821c elementor-section-height-min-height elementor-section-boxed elementor-section-height-default elementor-section-items-middle\" data-id=\"2df5821c\" data-element_type=\"section\" data-e-type=\"section\" data-settings=\"{&quot;background_background&quot;:&quot;classic&quot;,&quot;shape_divider_bottom&quot;:&quot;tilt&quot;}\">\n\t\t\t\t\t\t\t<div class=\"elementor-background-overlay\"><\/div>\n\t\t\t\t\t\t<div class=\"elementor-shape elementor-shape-bottom\" aria-hidden=\"true\" data-negative=\"false\">\n\t\t\t<svg xmlns=\"http:\/\/www.w3.org\/2000\/svg\" viewBox=\"0 0 1000 100\" preserveAspectRatio=\"none\">\n\t<path class=\"elementor-shape-fill\" d=\"M0,6V0h1000v100L0,6z\"\/>\n<\/svg>\t\t<\/div>\n\t\t\t\t\t<div class=\"elementor-container elementor-column-gap-default\">\n\t\t\t\t\t<div class=\"elementor-column elementor-col-100 elementor-top-column elementor-element elementor-element-1ebfb449\" data-id=\"1ebfb449\" data-element_type=\"column\" data-e-type=\"column\">\n\t\t\t<div class=\"elementor-widget-wrap elementor-element-populated\">\n\t\t\t\t\t\t<section class=\"elementor-section elementor-inner-section elementor-element elementor-element-578cf221 elementor-section-boxed elementor-section-height-default elementor-section-height-default\" data-id=\"578cf221\" data-element_type=\"section\" data-e-type=\"section\">\n\t\t\t\t\t\t<div class=\"elementor-container elementor-column-gap-default\">\n\t\t\t\t\t<div class=\"elementor-column elementor-col-50 elementor-inner-column elementor-element elementor-element-36fa1f24 elementor-hidden-phone\" data-id=\"36fa1f24\" data-element_type=\"column\" data-e-type=\"column\">\n\t\t\t<div class=\"elementor-widget-wrap\">\n\t\t\t\t\t\t\t<\/div>\n\t\t<\/div>\n\t\t\t\t<div class=\"elementor-column elementor-col-50 elementor-inner-column elementor-element elementor-element-7cda36cc\" data-id=\"7cda36cc\" data-element_type=\"column\" data-e-type=\"column\">\n\t\t\t<div class=\"elementor-widget-wrap elementor-element-populated\">\n\t\t\t\t\t\t<div class=\"elementor-element elementor-element-6d9273ef elementor-widget elementor-widget-heading\" data-id=\"6d9273ef\" data-element_type=\"widget\" data-e-type=\"widget\" data-widget_type=\"heading.default\">\n\t\t\t\t<div class=\"elementor-widget-container\">\n\t\t\t\t\t<h2 class=\"elementor-heading-title elementor-size-default\">Miembro de la Junta Directiva<\/h2>\t\t\t\t<\/div>\n\t\t\t\t<\/div>\n\t\t\t\t\t<\/div>\n\t\t<\/div>\n\t\t\t\t\t<\/div>\n\t\t<\/section>\n\t\t\t\t\t<\/div>\n\t\t<\/div>\n\t\t\t\t\t<\/div>\n\t\t<\/section>\n\t\t\t\t<section class=\"elementor-section elementor-top-section elementor-element elementor-element-67a7b308 elementor-section-boxed elementor-section-height-default elementor-section-height-default elementor-invisible\" data-id=\"67a7b308\" data-element_type=\"section\" data-e-type=\"section\" data-settings=\"{&quot;animation&quot;:&quot;slideInUp&quot;}\">\n\t\t\t\t\t\t<div class=\"elementor-container elementor-column-gap-wider\">\n\t\t\t\t\t<div class=\"elementor-column elementor-col-33 elementor-top-column elementor-element elementor-element-195d126c\" data-id=\"195d126c\" data-element_type=\"column\" data-e-type=\"column\">\n\t\t\t<div class=\"elementor-widget-wrap elementor-element-populated\">\n\t\t\t\t\t\t<div class=\"elementor-element elementor-element-406a2132 elementor-widget elementor-widget-image\" data-id=\"406a2132\" data-element_type=\"widget\" data-e-type=\"widget\" data-widget_type=\"image.default\">\n\t\t\t\t<div class=\"elementor-widget-container\">\n\t\t\t\t\t\t\t\t\t\t\t\t\t\t\t<img fetchpriority=\"high\" decoding=\"async\" width=\"800\" height=\"800\" src=\"https:\/\/www.ledcmn.org\/wp-content\/uploads\/2025\/07\/board-Braynell-1024x1024.jpg\" class=\"attachment-large size-large wp-image-9751\" alt=\"Photo of Braynell Estrada Britton\" srcset=\"https:\/\/www.ledcmn.org\/wp-content\/uploads\/2025\/07\/board-Braynell-1024x1024.jpg 1024w, https:\/\/www.ledcmn.org\/wp-content\/uploads\/2025\/07\/board-Braynell-300x300.jpg 300w, https:\/\/www.ledcmn.org\/wp-content\/uploads\/2025\/07\/board-Braynell-150x150.jpg 150w, https:\/\/www.ledcmn.org\/wp-content\/uploads\/2025\/07\/board-Braynell-768x768.jpg 768w, https:\/\/www.ledcmn.org\/wp-content\/uploads\/2025\/07\/elementor\/thumbs\/board-Braynell-r99e5opsoec6jphln44f7qzm9cvzq66qfd6je4lmzk.jpg 400w, https:\/\/www.ledcmn.org\/wp-content\/uploads\/2025\/07\/board-Braynell.jpg 1200w\" sizes=\"(max-width: 800px) 100vw, 800px\" \/>\t\t\t\t\t\t\t\t\t\t\t\t\t\t\t<\/div>\n\t\t\t\t<\/div>\n\t\t\t\t\t<\/div>\n\t\t<\/div>\n\t\t\t\t<div class=\"elementor-column elementor-col-66 elementor-top-column elementor-element elementor-element-4808b153\" data-id=\"4808b153\" data-element_type=\"column\" data-e-type=\"column\">\n\t\t\t<div class=\"elementor-widget-wrap elementor-element-populated\">\n\t\t\t\t\t\t<div class=\"elementor-element elementor-element-3fac5519 elementor-widget elementor-widget-heading\" data-id=\"3fac5519\" data-element_type=\"widget\" data-e-type=\"widget\" data-widget_type=\"heading.default\">\n\t\t\t\t<div class=\"elementor-widget-container\">\n\t\t\t\t\t<h1 class=\"elementor-heading-title elementor-size-default\">Braynell Estrada Britton<\/h1>\t\t\t\t<\/div>\n\t\t\t\t<\/div>\n\t\t\t\t<div class=\"elementor-element elementor-element-608283e elementor-icon-list--layout-traditional elementor-list-item-link-full_width elementor-widget elementor-widget-icon-list\" data-id=\"608283e\" data-element_type=\"widget\" data-e-type=\"widget\" data-widget_type=\"icon-list.default\">\n\t\t\t\t<div class=\"elementor-widget-container\">\n\t\t\t\t\t\t\t<ul class=\"elementor-icon-list-items\">\n\t\t\t\t\t\t\t<li class=\"elementor-icon-list-item\">\n\t\t\t\t\t\t\t\t\t\t\t<span class=\"elementor-icon-list-icon\">\n\t\t\t\t\t\t\t<i aria-hidden=\"true\" class=\"fas fa-chevron-right\"><\/i>\t\t\t\t\t\t<\/span>\n\t\t\t\t\t\t\t\t\t\t<span class=\"elementor-icon-list-text\">Abogado, Banco de la Reserva Federal de Minneapolis<\/span>\n\t\t\t\t\t\t\t\t\t<\/li>\n\t\t\t\t\t\t\t\t<li class=\"elementor-icon-list-item\">\n\t\t\t\t\t\t\t\t\t\t\t<span class=\"elementor-icon-list-icon\">\n\t\t\t\t\t\t\t<i aria-hidden=\"true\" class=\"fas fa-chevron-right\"><\/i>\t\t\t\t\t\t<\/span>\n\t\t\t\t\t\t\t\t\t\t<span class=\"elementor-icon-list-text\">Miembro de la Junta Directiva<\/span>\n\t\t\t\t\t\t\t\t\t<\/li>\n\t\t\t\t\t\t<\/ul>\n\t\t\t\t\t\t<\/div>\n\t\t\t\t<\/div>\n\t\t\t\t<div class=\"elementor-element elementor-element-6ed55b66 elementor-widget-divider--view-line elementor-widget elementor-widget-divider\" data-id=\"6ed55b66\" data-element_type=\"widget\" data-e-type=\"widget\" data-widget_type=\"divider.default\">\n\t\t\t\t<div class=\"elementor-widget-container\">\n\t\t\t\t\t\t\t<div class=\"elementor-divider\">\n\t\t\t<span class=\"elementor-divider-separator\">\n\t\t\t\t\t\t<\/span>\n\t\t<\/div>\n\t\t\t\t\t\t<\/div>\n\t\t\t\t<\/div>\n\t\t\t\t<div class=\"elementor-element elementor-element-34f25edb elementor-widget elementor-widget-text-editor\" data-id=\"34f25edb\" data-element_type=\"widget\" data-e-type=\"widget\" data-widget_type=\"text-editor.default\">\n\t\t\t\t<div class=\"elementor-widget-container\">\n\t\t\t\t\t\t\t\t\t<p>Nacido y criado en Managua, Nicaragua, Braynell es un abogado biling\u00fce con una s\u00f3lida trayectoria en funciones de asesor\u00eda corporativa, cumplimiento normativo y transacciones tanto en Estados Unidos como en Nicaragua. Actualmente se desempe\u00f1a como abogado en el Banco de la Reserva Federal de Minneapolis, donde gestiona la revisi\u00f3n, redacci\u00f3n y negociaci\u00f3n de una amplia variedad de contratos para garantizar el cumplimiento organizacional y mitigar riesgos, adem\u00e1s de brindar apoyo a sus clientes en otros asuntos.  <\/p><p>Anteriormente, Braynell fue Abogado Corporativo Asociado en Best Buy y Consultor de Contratos en U.S. Bank, donde negoci\u00f3 acuerdos de alto valor, asesor\u00f3 en temas de privacidad y regulaci\u00f3n, y capacit\u00f3 a equipos de adquisiciones en el extranjero sobre mejores pr\u00e1cticas. Tiene experiencia en el manejo de contratos complejos a nivel nacional e internacional, as\u00ed como en el desarrollo de pol\u00edticas de cumplimiento alineadas con leyes nacionales e internacionales. <\/p><p>Braynell cuenta con licencias para ejercer la abogac\u00eda tanto en Minnesota como en Nicaragua. Fue presidente de la Asociaci\u00f3n de Abogados Hispanos de Minnesota (Minnesota Hispanic Bar Association) y form\u00f3 parte de la junta de exalumnos del programa de Pol\u00edtica P\u00fablica de la Escuela de Asuntos P\u00fablicos Humphrey de la Universidad de Minnesota. Actualmente, es miembro del Comit\u00e9 de Gobernanza del Latino Economic Development Center (LEDC). Braynell, fluido en espa\u00f1ol e ingl\u00e9s, combina su experiencia legal intercultural con un firme compromiso hacia el compromiso comunitario y la pol\u00edtica p\u00fablica.   <\/p>\t\t\t\t\t\t\t\t<\/div>\n\t\t\t\t<\/div>\n\t\t\t\t\t<\/div>\n\t\t<\/div>\n\t\t\t\t\t<\/div>\n\t\t<\/section>\n\t\t\t\t<\/div>\n\t\t","protected":false},"excerpt":{"rendered":"<p>Miembro de la Junta Directiva Braynell Estrada Britton Abogado, Banco de la Reserva Federal de Minneapolis Miembro de la Junta Directiva Nacido y criado en Managua, Nicaragua, Braynell es un abogado biling\u00fce con una s\u00f3lida trayectoria en funciones de asesor\u00eda corporativa, cumplimiento normativo y transacciones tanto en Estados Unidos como en Nicaragua. Actualmente se desempe\u00f1a [&hellip;]<\/p>\n","protected":false},"author":1,"featured_media":0,"parent":0,"menu_order":0,"comment_status":"closed","ping_status":"closed","template":"elementor_header_footer","meta":{"_monsterinsights_skip_tracking":false,"_monsterinsights_sitenote_active":false,"_monsterinsights_sitenote_note":"","_monsterinsights_sitenote_category":0,"footnotes":""},"class_list":["post-9760","page","type-page","status-publish","hentry"],"_links":{"self":[{"href":"https:\/\/www.ledcmn.org\/es\/wp-json\/wp\/v2\/pages\/9760","targetHints":{"allow":["GET"]}}],"collection":[{"href":"https:\/\/www.ledcmn.org\/es\/wp-json\/wp\/v2\/pages"}],"about":[{"href":"https:\/\/www.ledcmn.org\/es\/wp-json\/wp\/v2\/types\/page"}],"author":[{"embeddable":true,"href":"https:\/\/www.ledcmn.org\/es\/wp-json\/wp\/v2\/users\/1"}],"replies":[{"embeddable":true,"href":"https:\/\/www.ledcmn.org\/es\/wp-json\/wp\/v2\/comments?post=9760"}],"version-history":[{"count":3,"href":"https:\/\/www.ledcmn.org\/es\/wp-json\/wp\/v2\/pages\/9760\/revisions"}],"predecessor-version":[{"id":10282,"href":"https:\/\/www.ledcmn.org\/es\/wp-json\/wp\/v2\/pages\/9760\/revisions\/10282"}],"wp:attachment":[{"href":"https:\/\/www.ledcmn.org\/es\/wp-json\/wp\/v2\/media?parent=9760"}],"curies":[{"name":"wp","href":"https:\/\/api.w.org\/{rel}","templated":true}]}}