{"id":9748,"date":"2025-07-24T22:29:21","date_gmt":"2025-07-25T03:29:21","guid":{"rendered":"https:\/\/www.ledcmn.org\/jeremy-wermerskirchen\/"},"modified":"2025-11-25T13:23:06","modified_gmt":"2025-11-25T19:23:06","slug":"jeremy-wermerskirchen","status":"publish","type":"page","link":"https:\/\/www.ledcmn.org\/es\/jeremy-wermerskirchen\/","title":{"rendered":"Jeremy Wermerskirchen"},"content":{"rendered":"\t\t<div data-elementor-type=\"wp-page\" data-elementor-id=\"9748\" class=\"elementor elementor-9748 elementor-9743\" data-elementor-post-type=\"page\">\n\t\t\t\t\t\t<section class=\"elementor-section elementor-top-section elementor-element elementor-element-5d2621cf elementor-section-height-min-height elementor-section-boxed elementor-section-height-default elementor-section-items-middle\" data-id=\"5d2621cf\" data-element_type=\"section\" data-e-type=\"section\" data-settings=\"{&quot;background_background&quot;:&quot;classic&quot;,&quot;shape_divider_bottom&quot;:&quot;tilt&quot;}\">\n\t\t\t\t\t\t\t<div class=\"elementor-background-overlay\"><\/div>\n\t\t\t\t\t\t<div class=\"elementor-shape elementor-shape-bottom\" aria-hidden=\"true\" data-negative=\"false\">\n\t\t\t<svg xmlns=\"http:\/\/www.w3.org\/2000\/svg\" viewBox=\"0 0 1000 100\" preserveAspectRatio=\"none\">\n\t<path class=\"elementor-shape-fill\" d=\"M0,6V0h1000v100L0,6z\"\/>\n<\/svg>\t\t<\/div>\n\t\t\t\t\t<div class=\"elementor-container elementor-column-gap-default\">\n\t\t\t\t\t<div class=\"elementor-column elementor-col-100 elementor-top-column elementor-element elementor-element-7b16f828\" data-id=\"7b16f828\" data-element_type=\"column\" data-e-type=\"column\">\n\t\t\t<div class=\"elementor-widget-wrap elementor-element-populated\">\n\t\t\t\t\t\t<section class=\"elementor-section elementor-inner-section elementor-element elementor-element-1fa28146 elementor-section-boxed elementor-section-height-default elementor-section-height-default\" data-id=\"1fa28146\" data-element_type=\"section\" data-e-type=\"section\">\n\t\t\t\t\t\t<div class=\"elementor-container elementor-column-gap-default\">\n\t\t\t\t\t<div class=\"elementor-column elementor-col-50 elementor-inner-column elementor-element elementor-element-29524ef0 elementor-hidden-phone\" data-id=\"29524ef0\" data-element_type=\"column\" data-e-type=\"column\">\n\t\t\t<div class=\"elementor-widget-wrap\">\n\t\t\t\t\t\t\t<\/div>\n\t\t<\/div>\n\t\t\t\t<div class=\"elementor-column elementor-col-50 elementor-inner-column elementor-element elementor-element-665b4895\" data-id=\"665b4895\" data-element_type=\"column\" data-e-type=\"column\">\n\t\t\t<div class=\"elementor-widget-wrap elementor-element-populated\">\n\t\t\t\t\t\t<div class=\"elementor-element elementor-element-4b8ba12a elementor-widget elementor-widget-heading\" data-id=\"4b8ba12a\" data-element_type=\"widget\" data-e-type=\"widget\" data-widget_type=\"heading.default\">\n\t\t\t\t<div class=\"elementor-widget-container\">\n\t\t\t\t\t<h2 class=\"elementor-heading-title elementor-size-default\">Miembro de la Junta Directiva<\/h2>\t\t\t\t<\/div>\n\t\t\t\t<\/div>\n\t\t\t\t\t<\/div>\n\t\t<\/div>\n\t\t\t\t\t<\/div>\n\t\t<\/section>\n\t\t\t\t\t<\/div>\n\t\t<\/div>\n\t\t\t\t\t<\/div>\n\t\t<\/section>\n\t\t\t\t<section class=\"elementor-section elementor-top-section elementor-element elementor-element-326986e3 elementor-section-boxed elementor-section-height-default elementor-section-height-default elementor-invisible\" data-id=\"326986e3\" data-element_type=\"section\" data-e-type=\"section\" data-settings=\"{&quot;animation&quot;:&quot;slideInUp&quot;}\">\n\t\t\t\t\t\t<div class=\"elementor-container elementor-column-gap-wider\">\n\t\t\t\t\t<div class=\"elementor-column elementor-col-33 elementor-top-column elementor-element elementor-element-5e807e71\" data-id=\"5e807e71\" data-element_type=\"column\" data-e-type=\"column\">\n\t\t\t<div class=\"elementor-widget-wrap elementor-element-populated\">\n\t\t\t\t\t\t<div class=\"elementor-element elementor-element-371a33a8 elementor-widget elementor-widget-image\" data-id=\"371a33a8\" data-element_type=\"widget\" data-e-type=\"widget\" data-widget_type=\"image.default\">\n\t\t\t\t<div class=\"elementor-widget-container\">\n\t\t\t\t\t\t\t\t\t\t\t\t\t\t\t<img fetchpriority=\"high\" decoding=\"async\" width=\"800\" height=\"800\" src=\"https:\/\/www.ledcmn.org\/wp-content\/uploads\/2023\/08\/board-Jeremy.jpg\" class=\"attachment-large size-large wp-image-6847\" alt=\"\" srcset=\"https:\/\/www.ledcmn.org\/wp-content\/uploads\/2023\/08\/board-Jeremy.jpg 850w, https:\/\/www.ledcmn.org\/wp-content\/uploads\/2023\/08\/board-Jeremy-300x300.jpg 300w, https:\/\/www.ledcmn.org\/wp-content\/uploads\/2023\/08\/board-Jeremy-150x150.jpg 150w, https:\/\/www.ledcmn.org\/wp-content\/uploads\/2023\/08\/board-Jeremy-768x768.jpg 768w, https:\/\/www.ledcmn.org\/wp-content\/uploads\/2023\/08\/elementor\/thumbs\/board-Jeremy-qafi2nmrq6xsd95oktocr74k5152r501f58dz63lwg.jpg 400w\" sizes=\"(max-width: 800px) 100vw, 800px\" \/>\t\t\t\t\t\t\t\t\t\t\t\t\t\t\t<\/div>\n\t\t\t\t<\/div>\n\t\t\t\t\t<\/div>\n\t\t<\/div>\n\t\t\t\t<div class=\"elementor-column elementor-col-66 elementor-top-column elementor-element elementor-element-14e7a832\" data-id=\"14e7a832\" data-element_type=\"column\" data-e-type=\"column\">\n\t\t\t<div class=\"elementor-widget-wrap elementor-element-populated\">\n\t\t\t\t\t\t<div class=\"elementor-element elementor-element-65c4cb46 elementor-widget elementor-widget-heading\" data-id=\"65c4cb46\" data-element_type=\"widget\" data-e-type=\"widget\" data-widget_type=\"heading.default\">\n\t\t\t\t<div class=\"elementor-widget-container\">\n\t\t\t\t\t<h1 class=\"elementor-heading-title elementor-size-default\">Jeremy Wermerskirchen<\/h1>\t\t\t\t<\/div>\n\t\t\t\t<\/div>\n\t\t\t\t<div class=\"elementor-element elementor-element-af36299 elementor-icon-list--layout-traditional elementor-list-item-link-full_width elementor-widget elementor-widget-icon-list\" data-id=\"af36299\" data-element_type=\"widget\" data-e-type=\"widget\" data-widget_type=\"icon-list.default\">\n\t\t\t\t<div class=\"elementor-widget-container\">\n\t\t\t\t\t\t\t<ul class=\"elementor-icon-list-items\">\n\t\t\t\t\t\t\t<li class=\"elementor-icon-list-item\">\n\t\t\t\t\t\t\t\t\t\t\t<span class=\"elementor-icon-list-icon\">\n\t\t\t\t\t\t\t<i aria-hidden=\"true\" class=\"fas fa-chevron-right\"><\/i>\t\t\t\t\t\t<\/span>\n\t\t\t\t\t\t\t\t\t\t<span class=\"elementor-icon-list-text\">Vicepresidente Senior de Finanzas en Olympus Ventures<\/span>\n\t\t\t\t\t\t\t\t\t<\/li>\n\t\t\t\t\t\t\t\t<li class=\"elementor-icon-list-item\">\n\t\t\t\t\t\t\t\t\t\t\t<span class=\"elementor-icon-list-icon\">\n\t\t\t\t\t\t\t<i aria-hidden=\"true\" class=\"fas fa-chevron-right\"><\/i>\t\t\t\t\t\t<\/span>\n\t\t\t\t\t\t\t\t\t\t<span class=\"elementor-icon-list-text\">Miembro de la Junta Directiva<\/span>\n\t\t\t\t\t\t\t\t\t<\/li>\n\t\t\t\t\t\t<\/ul>\n\t\t\t\t\t\t<\/div>\n\t\t\t\t<\/div>\n\t\t\t\t<div class=\"elementor-element elementor-element-edeeb30 elementor-widget-divider--view-line elementor-widget elementor-widget-divider\" data-id=\"edeeb30\" data-element_type=\"widget\" data-e-type=\"widget\" data-widget_type=\"divider.default\">\n\t\t\t\t<div class=\"elementor-widget-container\">\n\t\t\t\t\t\t\t<div class=\"elementor-divider\">\n\t\t\t<span class=\"elementor-divider-separator\">\n\t\t\t\t\t\t<\/span>\n\t\t<\/div>\n\t\t\t\t\t\t<\/div>\n\t\t\t\t<\/div>\n\t\t\t\t<div class=\"elementor-element elementor-element-e842def elementor-widget elementor-widget-text-editor\" data-id=\"e842def\" data-element_type=\"widget\" data-e-type=\"widget\" data-widget_type=\"text-editor.default\">\n\t\t\t\t<div class=\"elementor-widget-container\">\n\t\t\t\t\t\t\t\t\t<p>Jeremy Wermerskirchen aporta m\u00e1s de 27 a\u00f1os de experiencia financiera a la Junta de LEDC MN, incluyendo 17 a\u00f1os en finanzas de oficinas familiares. Actualmente se desempe\u00f1a como Director de Finanzas en Olympus Ventures LLC, donde lidera la planificaci\u00f3n financiera estrat\u00e9gica, la planificaci\u00f3n fiscal y patrimonial, as\u00ed como la supervisi\u00f3n contable y de tesorer\u00eda. Antes de su rol en Olympus, Jeremy fue Vicepresidente Senior de Finanzas en Pohlad Companies durante m\u00e1s de 15 a\u00f1os. Jeremy tiene una licenciatura en Contabilidad de la Universidad de Minnesota Duluth.   <\/p><p>Minnesotano de toda la vida, Jeremy siente pasi\u00f3n por compartir su experiencia financiera para apoyar la misi\u00f3n de LEDC de empoderamiento econ\u00f3mico y desarrollo comunitario. Como miembro del Subcomit\u00e9 de Finanzas, est\u00e1 comprometido a ayudar a la organizaci\u00f3n a ampliar su impacto en la comunidad. <\/p><p>Fuera de su trabajo profesional, Jeremy lleva 26 a\u00f1os casado y es orgulloso padre de tres hijos en edad universitaria. Disfruta pasar tiempo con su familia, correr, practicar esqu\u00ed de fondo, viajar y descubrir nuevos restaurantes de todo tipo. <\/p>\t\t\t\t\t\t\t\t<\/div>\n\t\t\t\t<\/div>\n\t\t\t\t\t<\/div>\n\t\t<\/div>\n\t\t\t\t\t<\/div>\n\t\t<\/section>\n\t\t\t\t<\/div>\n\t\t","protected":false},"excerpt":{"rendered":"<p>Miembro de la Junta Directiva Jeremy Wermerskirchen Vicepresidente Senior de Finanzas en Olympus Ventures Miembro de la Junta Directiva Jeremy Wermerskirchen aporta m\u00e1s de 27 a\u00f1os de experiencia financiera a la Junta de LEDC MN, incluyendo 17 a\u00f1os en finanzas de oficinas familiares. Actualmente se desempe\u00f1a como Director de Finanzas en Olympus Ventures LLC, donde [&hellip;]<\/p>\n","protected":false},"author":1,"featured_media":0,"parent":0,"menu_order":0,"comment_status":"closed","ping_status":"closed","template":"elementor_header_footer","meta":{"_monsterinsights_skip_tracking":false,"_monsterinsights_sitenote_active":false,"_monsterinsights_sitenote_note":"","_monsterinsights_sitenote_category":0,"footnotes":""},"class_list":["post-9748","page","type-page","status-publish","hentry"],"_links":{"self":[{"href":"https:\/\/www.ledcmn.org\/es\/wp-json\/wp\/v2\/pages\/9748","targetHints":{"allow":["GET"]}}],"collection":[{"href":"https:\/\/www.ledcmn.org\/es\/wp-json\/wp\/v2\/pages"}],"about":[{"href":"https:\/\/www.ledcmn.org\/es\/wp-json\/wp\/v2\/types\/page"}],"author":[{"embeddable":true,"href":"https:\/\/www.ledcmn.org\/es\/wp-json\/wp\/v2\/users\/1"}],"replies":[{"embeddable":true,"href":"https:\/\/www.ledcmn.org\/es\/wp-json\/wp\/v2\/comments?post=9748"}],"version-history":[{"count":3,"href":"https:\/\/www.ledcmn.org\/es\/wp-json\/wp\/v2\/pages\/9748\/revisions"}],"predecessor-version":[{"id":10280,"href":"https:\/\/www.ledcmn.org\/es\/wp-json\/wp\/v2\/pages\/9748\/revisions\/10280"}],"wp:attachment":[{"href":"https:\/\/www.ledcmn.org\/es\/wp-json\/wp\/v2\/media?parent=9748"}],"curies":[{"name":"wp","href":"https:\/\/api.w.org\/{rel}","templated":true}]}}