{"id":9705,"date":"2025-07-24T21:57:11","date_gmt":"2025-07-25T02:57:11","guid":{"rendered":"https:\/\/www.ledcmn.org\/ruben-hidalgo\/"},"modified":"2025-11-25T13:19:42","modified_gmt":"2025-11-25T19:19:42","slug":"ruben-hidalgo","status":"publish","type":"page","link":"https:\/\/www.ledcmn.org\/es\/ruben-hidalgo\/","title":{"rendered":"Ruben Hidalgo"},"content":{"rendered":"\t\t<div data-elementor-type=\"wp-page\" data-elementor-id=\"9705\" class=\"elementor elementor-9705 elementor-9700\" data-elementor-post-type=\"page\">\n\t\t\t\t\t\t<section class=\"elementor-section elementor-top-section elementor-element elementor-element-5aa391c7 elementor-section-height-min-height elementor-section-boxed elementor-section-height-default elementor-section-items-middle\" data-id=\"5aa391c7\" data-element_type=\"section\" data-e-type=\"section\" data-settings=\"{&quot;background_background&quot;:&quot;classic&quot;,&quot;shape_divider_bottom&quot;:&quot;tilt&quot;}\">\n\t\t\t\t\t\t\t<div class=\"elementor-background-overlay\"><\/div>\n\t\t\t\t\t\t<div class=\"elementor-shape elementor-shape-bottom\" aria-hidden=\"true\" data-negative=\"false\">\n\t\t\t<svg xmlns=\"http:\/\/www.w3.org\/2000\/svg\" viewBox=\"0 0 1000 100\" preserveAspectRatio=\"none\">\n\t<path class=\"elementor-shape-fill\" d=\"M0,6V0h1000v100L0,6z\"\/>\n<\/svg>\t\t<\/div>\n\t\t\t\t\t<div class=\"elementor-container elementor-column-gap-default\">\n\t\t\t\t\t<div class=\"elementor-column elementor-col-100 elementor-top-column elementor-element elementor-element-4469b2d2\" data-id=\"4469b2d2\" data-element_type=\"column\" data-e-type=\"column\">\n\t\t\t<div class=\"elementor-widget-wrap elementor-element-populated\">\n\t\t\t\t\t\t<section class=\"elementor-section elementor-inner-section elementor-element elementor-element-1f6ac1aa elementor-section-boxed elementor-section-height-default elementor-section-height-default\" data-id=\"1f6ac1aa\" data-element_type=\"section\" data-e-type=\"section\">\n\t\t\t\t\t\t<div class=\"elementor-container elementor-column-gap-default\">\n\t\t\t\t\t<div class=\"elementor-column elementor-col-50 elementor-inner-column elementor-element elementor-element-933309a elementor-hidden-phone\" data-id=\"933309a\" data-element_type=\"column\" data-e-type=\"column\">\n\t\t\t<div class=\"elementor-widget-wrap\">\n\t\t\t\t\t\t\t<\/div>\n\t\t<\/div>\n\t\t\t\t<div class=\"elementor-column elementor-col-50 elementor-inner-column elementor-element elementor-element-76ee0883\" data-id=\"76ee0883\" data-element_type=\"column\" data-e-type=\"column\">\n\t\t\t<div class=\"elementor-widget-wrap elementor-element-populated\">\n\t\t\t\t\t\t<div class=\"elementor-element elementor-element-5b3d0383 elementor-widget elementor-widget-heading\" data-id=\"5b3d0383\" data-element_type=\"widget\" data-e-type=\"widget\" data-widget_type=\"heading.default\">\n\t\t\t\t<div class=\"elementor-widget-container\">\n\t\t\t\t\t<h2 class=\"elementor-heading-title elementor-size-default\">Miembro de la Junta Directiva<\/h2>\t\t\t\t<\/div>\n\t\t\t\t<\/div>\n\t\t\t\t\t<\/div>\n\t\t<\/div>\n\t\t\t\t\t<\/div>\n\t\t<\/section>\n\t\t\t\t\t<\/div>\n\t\t<\/div>\n\t\t\t\t\t<\/div>\n\t\t<\/section>\n\t\t\t\t<section class=\"elementor-section elementor-top-section elementor-element elementor-element-4980dc54 elementor-section-boxed elementor-section-height-default elementor-section-height-default elementor-invisible\" data-id=\"4980dc54\" data-element_type=\"section\" data-e-type=\"section\" data-settings=\"{&quot;animation&quot;:&quot;slideInUp&quot;}\">\n\t\t\t\t\t\t<div class=\"elementor-container elementor-column-gap-wider\">\n\t\t\t\t\t<div class=\"elementor-column elementor-col-33 elementor-top-column elementor-element elementor-element-5199710e\" data-id=\"5199710e\" data-element_type=\"column\" data-e-type=\"column\">\n\t\t\t<div class=\"elementor-widget-wrap elementor-element-populated\">\n\t\t\t\t\t\t<div class=\"elementor-element elementor-element-24eb0e8d elementor-widget elementor-widget-image\" data-id=\"24eb0e8d\" data-element_type=\"widget\" data-e-type=\"widget\" data-widget_type=\"image.default\">\n\t\t\t\t<div class=\"elementor-widget-container\">\n\t\t\t\t\t\t\t\t\t\t\t\t\t\t\t<img fetchpriority=\"high\" decoding=\"async\" width=\"800\" height=\"800\" src=\"https:\/\/www.ledcmn.org\/wp-content\/uploads\/2022\/12\/board-Ruben-Hidalgo-1024x1024.jpg\" class=\"attachment-large size-large wp-image-6396\" alt=\"\" srcset=\"https:\/\/www.ledcmn.org\/wp-content\/uploads\/2022\/12\/board-Ruben-Hidalgo-1024x1024.jpg 1024w, https:\/\/www.ledcmn.org\/wp-content\/uploads\/2022\/12\/board-Ruben-Hidalgo-300x300.jpg 300w, https:\/\/www.ledcmn.org\/wp-content\/uploads\/2022\/12\/board-Ruben-Hidalgo-150x150.jpg 150w, https:\/\/www.ledcmn.org\/wp-content\/uploads\/2022\/12\/board-Ruben-Hidalgo-768x768.jpg 768w, https:\/\/www.ledcmn.org\/wp-content\/uploads\/2022\/12\/elementor\/thumbs\/board-Ruben-Hidalgo-pyl2v4dgfplnvsq5o467xda9e4s57dh3nm014y6f1c.jpg 400w, https:\/\/www.ledcmn.org\/wp-content\/uploads\/2022\/12\/board-Ruben-Hidalgo.jpg 1280w\" sizes=\"(max-width: 800px) 100vw, 800px\" \/>\t\t\t\t\t\t\t\t\t\t\t\t\t\t\t<\/div>\n\t\t\t\t<\/div>\n\t\t\t\t\t<\/div>\n\t\t<\/div>\n\t\t\t\t<div class=\"elementor-column elementor-col-66 elementor-top-column elementor-element elementor-element-24d9c0a2\" data-id=\"24d9c0a2\" data-element_type=\"column\" data-e-type=\"column\">\n\t\t\t<div class=\"elementor-widget-wrap elementor-element-populated\">\n\t\t\t\t\t\t<div class=\"elementor-element elementor-element-59a09a2c elementor-widget elementor-widget-heading\" data-id=\"59a09a2c\" data-element_type=\"widget\" data-e-type=\"widget\" data-widget_type=\"heading.default\">\n\t\t\t\t<div class=\"elementor-widget-container\">\n\t\t\t\t\t<h1 class=\"elementor-heading-title elementor-size-default\">Ruben Hidalgo<\/h1>\t\t\t\t<\/div>\n\t\t\t\t<\/div>\n\t\t\t\t<div class=\"elementor-element elementor-element-804c4b1 elementor-icon-list--layout-traditional elementor-list-item-link-full_width elementor-widget elementor-widget-icon-list\" data-id=\"804c4b1\" data-element_type=\"widget\" data-e-type=\"widget\" data-widget_type=\"icon-list.default\">\n\t\t\t\t<div class=\"elementor-widget-container\">\n\t\t\t\t\t\t\t<ul class=\"elementor-icon-list-items\">\n\t\t\t\t\t\t\t<li class=\"elementor-icon-list-item\">\n\t\t\t\t\t\t\t\t\t\t\t<span class=\"elementor-icon-list-icon\">\n\t\t\t\t\t\t\t<i aria-hidden=\"true\" class=\"fas fa-chevron-right\"><\/i>\t\t\t\t\t\t<\/span>\n\t\t\t\t\t\t\t\t\t\t<span class=\"elementor-icon-list-text\">L\u00edder de Finanzas en Philips<\/span>\n\t\t\t\t\t\t\t\t\t<\/li>\n\t\t\t\t\t\t\t\t<li class=\"elementor-icon-list-item\">\n\t\t\t\t\t\t\t\t\t\t\t<span class=\"elementor-icon-list-icon\">\n\t\t\t\t\t\t\t<i aria-hidden=\"true\" class=\"fas fa-chevron-right\"><\/i>\t\t\t\t\t\t<\/span>\n\t\t\t\t\t\t\t\t\t\t<span class=\"elementor-icon-list-text\">Vicepresidente de la Junta Directiva<\/span>\n\t\t\t\t\t\t\t\t\t<\/li>\n\t\t\t\t\t\t<\/ul>\n\t\t\t\t\t\t<\/div>\n\t\t\t\t<\/div>\n\t\t\t\t<div class=\"elementor-element elementor-element-4c2b7227 elementor-widget-divider--view-line elementor-widget elementor-widget-divider\" data-id=\"4c2b7227\" data-element_type=\"widget\" data-e-type=\"widget\" data-widget_type=\"divider.default\">\n\t\t\t\t<div class=\"elementor-widget-container\">\n\t\t\t\t\t\t\t<div class=\"elementor-divider\">\n\t\t\t<span class=\"elementor-divider-separator\">\n\t\t\t\t\t\t<\/span>\n\t\t<\/div>\n\t\t\t\t\t\t<\/div>\n\t\t\t\t<\/div>\n\t\t\t\t<div class=\"elementor-element elementor-element-5eb714e4 elementor-widget elementor-widget-text-editor\" data-id=\"5eb714e4\" data-element_type=\"widget\" data-e-type=\"widget\" data-widget_type=\"text-editor.default\">\n\t\t\t\t<div class=\"elementor-widget-container\">\n\t\t\t\t\t\t\t\t\t<p>Rub\u00e9n Hidalgo es un respetado l\u00edder en finanzas y condecorado veterano de combate del Ej\u00e9rcito de los Estados Unidos, originario de la Ciudad de M\u00e9xico. Su carrera comenz\u00f3 en el restaurante familiar en el sur de Minneapolis, Manny\u2019s Tortas, donde fue guiado por los propietarios, Manny y Victoria Gonz\u00e1lez, y aprendi\u00f3 desde temprano lecciones valiosas sobre el emprendimiento y el poder de la comunidad.  <\/p><p>Rub\u00e9n aporta m\u00e1s de 10 a\u00f1os de experiencia en finanzas corporativas, habiendo gestionado presupuestos multimillonarios en Medtronic y actualmente en Philips, donde orienta decisiones estrat\u00e9gicas de inversi\u00f3n mediante modelos financieros avanzados. Es receptor de la Medalla de Encomio por Servicio Conjunto por su servicio meritorio durante la Operaci\u00f3n INHERENT RESOLVE en Bagdad, Irak.  <\/p><p>De 2022 a 2025, Rub\u00e9n se desempe\u00f1\u00f3 como Tesorero de la Junta Directiva y Presidente del Comit\u00e9 de Finanzas de LEDC. Tiene una maestr\u00eda en Administraci\u00f3n de Empresas con enfoque en Crecimiento Estrat\u00e9gico y una licenciatura en Administraci\u00f3n Financiera de la Universidad de St. Thomas \u2013 Opus College of Business.<br><br>Fuera del trabajo, a Rub\u00e9n le apasionan los deportes de combate, el ajedrez y la comedia en vivo.  <\/p>\t\t\t\t\t\t\t\t<\/div>\n\t\t\t\t<\/div>\n\t\t\t\t\t<\/div>\n\t\t<\/div>\n\t\t\t\t\t<\/div>\n\t\t<\/section>\n\t\t\t\t<\/div>\n\t\t","protected":false},"excerpt":{"rendered":"<p>Miembro de la Junta Directiva Ruben Hidalgo L\u00edder de Finanzas en Philips Vicepresidente de la Junta Directiva Rub\u00e9n Hidalgo es un respetado l\u00edder en finanzas y condecorado veterano de combate del Ej\u00e9rcito de los Estados Unidos, originario de la Ciudad de M\u00e9xico. Su carrera comenz\u00f3 en el restaurante familiar en el sur de Minneapolis, Manny\u2019s [&hellip;]<\/p>\n","protected":false},"author":1,"featured_media":0,"parent":0,"menu_order":0,"comment_status":"closed","ping_status":"closed","template":"elementor_header_footer","meta":{"_monsterinsights_skip_tracking":false,"_monsterinsights_sitenote_active":false,"_monsterinsights_sitenote_note":"","_monsterinsights_sitenote_category":0,"footnotes":""},"class_list":["post-9705","page","type-page","status-publish","hentry"],"_links":{"self":[{"href":"https:\/\/www.ledcmn.org\/es\/wp-json\/wp\/v2\/pages\/9705","targetHints":{"allow":["GET"]}}],"collection":[{"href":"https:\/\/www.ledcmn.org\/es\/wp-json\/wp\/v2\/pages"}],"about":[{"href":"https:\/\/www.ledcmn.org\/es\/wp-json\/wp\/v2\/types\/page"}],"author":[{"embeddable":true,"href":"https:\/\/www.ledcmn.org\/es\/wp-json\/wp\/v2\/users\/1"}],"replies":[{"embeddable":true,"href":"https:\/\/www.ledcmn.org\/es\/wp-json\/wp\/v2\/comments?post=9705"}],"version-history":[{"count":3,"href":"https:\/\/www.ledcmn.org\/es\/wp-json\/wp\/v2\/pages\/9705\/revisions"}],"predecessor-version":[{"id":10266,"href":"https:\/\/www.ledcmn.org\/es\/wp-json\/wp\/v2\/pages\/9705\/revisions\/10266"}],"wp:attachment":[{"href":"https:\/\/www.ledcmn.org\/es\/wp-json\/wp\/v2\/media?parent=9705"}],"curies":[{"name":"wp","href":"https:\/\/api.w.org\/{rel}","templated":true}]}}