{"id":9349,"date":"2025-04-17T11:36:35","date_gmt":"2025-04-17T16:36:35","guid":{"rendered":"https:\/\/www.ledcmn.org\/tony-phelps\/"},"modified":"2025-04-17T11:36:35","modified_gmt":"2025-04-17T16:36:35","slug":"tony-phelps","status":"publish","type":"page","link":"https:\/\/www.ledcmn.org\/es\/tony-phelps\/","title":{"rendered":"Tony Phelps"},"content":{"rendered":"\t\t<div data-elementor-type=\"wp-page\" data-elementor-id=\"9349\" class=\"elementor elementor-9349 elementor-9343\" data-elementor-post-type=\"page\">\n\t\t\t\t\t\t<section class=\"elementor-section elementor-top-section elementor-element elementor-element-755e7441 elementor-section-height-min-height elementor-section-boxed elementor-section-height-default elementor-section-items-middle\" data-id=\"755e7441\" data-element_type=\"section\" data-e-type=\"section\" data-settings=\"{&quot;background_background&quot;:&quot;classic&quot;,&quot;shape_divider_bottom&quot;:&quot;tilt&quot;}\">\n\t\t\t\t\t\t\t<div class=\"elementor-background-overlay\"><\/div>\n\t\t\t\t\t\t<div class=\"elementor-shape elementor-shape-bottom\" aria-hidden=\"true\" data-negative=\"false\">\n\t\t\t<svg xmlns=\"http:\/\/www.w3.org\/2000\/svg\" viewBox=\"0 0 1000 100\" preserveAspectRatio=\"none\">\n\t<path class=\"elementor-shape-fill\" d=\"M0,6V0h1000v100L0,6z\"\/>\n<\/svg>\t\t<\/div>\n\t\t\t\t\t<div class=\"elementor-container elementor-column-gap-default\">\n\t\t\t\t\t<div class=\"elementor-column elementor-col-100 elementor-top-column elementor-element elementor-element-452729d6\" data-id=\"452729d6\" data-element_type=\"column\" data-e-type=\"column\">\n\t\t\t<div class=\"elementor-widget-wrap elementor-element-populated\">\n\t\t\t\t\t\t<section class=\"elementor-section elementor-inner-section elementor-element elementor-element-569da225 elementor-section-boxed elementor-section-height-default elementor-section-height-default\" data-id=\"569da225\" data-element_type=\"section\" data-e-type=\"section\">\n\t\t\t\t\t\t<div class=\"elementor-container elementor-column-gap-default\">\n\t\t\t\t\t<div class=\"elementor-column elementor-col-50 elementor-inner-column elementor-element elementor-element-52411e2e elementor-hidden-phone\" data-id=\"52411e2e\" data-element_type=\"column\" data-e-type=\"column\">\n\t\t\t<div class=\"elementor-widget-wrap\">\n\t\t\t\t\t\t\t<\/div>\n\t\t<\/div>\n\t\t\t\t<div class=\"elementor-column elementor-col-50 elementor-inner-column elementor-element elementor-element-3b58d35f\" data-id=\"3b58d35f\" data-element_type=\"column\" data-e-type=\"column\">\n\t\t\t<div class=\"elementor-widget-wrap elementor-element-populated\">\n\t\t\t\t\t\t<div class=\"elementor-element elementor-element-70886315 elementor-widget elementor-widget-heading\" data-id=\"70886315\" data-element_type=\"widget\" data-e-type=\"widget\" data-widget_type=\"heading.default\">\n\t\t\t\t<div class=\"elementor-widget-container\">\n\t\t\t\t\t<h2 class=\"elementor-heading-title elementor-size-default\">Equipo<\/h2>\t\t\t\t<\/div>\n\t\t\t\t<\/div>\n\t\t\t\t\t<\/div>\n\t\t<\/div>\n\t\t\t\t\t<\/div>\n\t\t<\/section>\n\t\t\t\t\t<\/div>\n\t\t<\/div>\n\t\t\t\t\t<\/div>\n\t\t<\/section>\n\t\t\t\t<section class=\"elementor-section elementor-top-section elementor-element elementor-element-6b143738 elementor-section-boxed elementor-section-height-default elementor-section-height-default elementor-invisible\" data-id=\"6b143738\" data-element_type=\"section\" data-e-type=\"section\" data-settings=\"{&quot;animation&quot;:&quot;slideInUp&quot;}\">\n\t\t\t\t\t\t<div class=\"elementor-container elementor-column-gap-wider\">\n\t\t\t\t\t<div class=\"elementor-column elementor-col-33 elementor-top-column elementor-element elementor-element-78294d13\" data-id=\"78294d13\" data-element_type=\"column\" data-e-type=\"column\">\n\t\t\t<div class=\"elementor-widget-wrap elementor-element-populated\">\n\t\t\t\t\t\t<div class=\"elementor-element elementor-element-1d0c9f6d elementor-widget elementor-widget-image\" data-id=\"1d0c9f6d\" data-element_type=\"widget\" data-e-type=\"widget\" data-widget_type=\"image.default\">\n\t\t\t\t<div class=\"elementor-widget-container\">\n\t\t\t\t\t\t\t\t\t\t\t\t\t\t\t<img fetchpriority=\"high\" decoding=\"async\" width=\"500\" height=\"500\" src=\"https:\/\/www.ledcmn.org\/wp-content\/uploads\/2025\/04\/Staff-Tony-Phelps.jpg\" class=\"attachment-large size-large wp-image-9345\" alt=\"\" srcset=\"https:\/\/www.ledcmn.org\/wp-content\/uploads\/2025\/04\/Staff-Tony-Phelps.jpg 500w, https:\/\/www.ledcmn.org\/wp-content\/uploads\/2025\/04\/Staff-Tony-Phelps-300x300.jpg 300w, https:\/\/www.ledcmn.org\/wp-content\/uploads\/2025\/04\/Staff-Tony-Phelps-150x150.jpg 150w\" sizes=\"(max-width: 500px) 100vw, 500px\" \/>\t\t\t\t\t\t\t\t\t\t\t\t\t\t\t<\/div>\n\t\t\t\t<\/div>\n\t\t\t\t\t<\/div>\n\t\t<\/div>\n\t\t\t\t<div class=\"elementor-column elementor-col-66 elementor-top-column elementor-element elementor-element-651b20da\" data-id=\"651b20da\" data-element_type=\"column\" data-e-type=\"column\">\n\t\t\t<div class=\"elementor-widget-wrap elementor-element-populated\">\n\t\t\t\t\t\t<div class=\"elementor-element elementor-element-241331b1 elementor-widget elementor-widget-heading\" data-id=\"241331b1\" data-element_type=\"widget\" data-e-type=\"widget\" data-widget_type=\"heading.default\">\n\t\t\t\t<div class=\"elementor-widget-container\">\n\t\t\t\t\t<h1 class=\"elementor-heading-title elementor-size-default\">Tony Phelps<\/h1>\t\t\t\t<\/div>\n\t\t\t\t<\/div>\n\t\t\t\t<div class=\"elementor-element elementor-element-70ed6dac elementor-widget-divider--view-line elementor-widget elementor-widget-divider\" data-id=\"70ed6dac\" data-element_type=\"widget\" data-e-type=\"widget\" data-widget_type=\"divider.default\">\n\t\t\t\t<div class=\"elementor-widget-container\">\n\t\t\t\t\t\t\t<div class=\"elementor-divider\">\n\t\t\t<span class=\"elementor-divider-separator\">\n\t\t\t\t\t\t<\/span>\n\t\t<\/div>\n\t\t\t\t\t\t<\/div>\n\t\t\t\t<\/div>\n\t\t\t\t<div class=\"elementor-element elementor-element-3b544184 elementor-widget elementor-widget-heading\" data-id=\"3b544184\" data-element_type=\"widget\" data-e-type=\"widget\" data-widget_type=\"heading.default\">\n\t\t\t\t<div class=\"elementor-widget-container\">\n\t\t\t\t\t<h3 class=\"elementor-heading-title elementor-size-default\">Gerente de Desarrollo de Bienes Ra\u00edces Comerciales<\/h3>\t\t\t\t<\/div>\n\t\t\t\t<\/div>\n\t\t\t\t<div class=\"elementor-element elementor-element-6327104b elementor-widget elementor-widget-text-editor\" data-id=\"6327104b\" data-element_type=\"widget\" data-e-type=\"widget\" data-widget_type=\"text-editor.default\">\n\t\t\t\t<div class=\"elementor-widget-container\">\n\t\t\t\t\t\t\t\t\t<p>Tony se uni\u00f3 a LEDC en marzo de 2025 para impulsar iniciativas que est\u00e9n alineadas con la misi\u00f3n de la organizaci\u00f3n: el empoderamiento comunitario y el desarrollo econ\u00f3mico. En este cargo, Tony liderar\u00e1 el an\u00e1lisis del mercado, la planificaci\u00f3n estrat\u00e9gica, y la implementaci\u00f3n y ejecuci\u00f3n de iniciativas de desarrollo de bienes ra\u00edces comerciales en el distrito Eastside de Saint Paul. <\/p><p>Residente de toda la vida de West St. Paul, Tony valora profundamente la tradici\u00f3n y vitalidad de su ciudad natal y est\u00e1 entusiasmado de poder contribuir al fortalecimiento de la resiliencia de los peque\u00f1os negocios en el Eastside. Con m\u00e1s de 20 a\u00f1os de experiencia en el desarrollo de bienes ra\u00edces comerciales, Tony se siente emocionado de desempe\u00f1ar un rol m\u00e1s cercano a la comunidad. <br><br>Tony tiene un t\u00edtulo en finanzas y mercadeo de la Universidad de Denver, donde tambi\u00e9n jug\u00f3 b\u00e9isbol. Cuando no est\u00e1 trabajando, disfruta explorar nuevas ciudades con su esposa, ver deportes, jugar golf, trabajar en el jard\u00edn y consentir a sus extremadamente mimados perros rescatados de raza Cavalier King Charles. <\/p>\t\t\t\t\t\t\t\t<\/div>\n\t\t\t\t<\/div>\n\t\t\t\t\t<\/div>\n\t\t<\/div>\n\t\t\t\t\t<\/div>\n\t\t<\/section>\n\t\t\t\t<\/div>\n\t\t","protected":false},"excerpt":{"rendered":"<p>Equipo Tony Phelps Gerente de Desarrollo de Bienes Ra\u00edces Comerciales Tony se uni\u00f3 a LEDC en marzo de 2025 para impulsar iniciativas que est\u00e9n alineadas con la misi\u00f3n de la organizaci\u00f3n: el empoderamiento comunitario y el desarrollo econ\u00f3mico. En este cargo, Tony liderar\u00e1 el an\u00e1lisis del mercado, la planificaci\u00f3n estrat\u00e9gica, y la implementaci\u00f3n y ejecuci\u00f3n [&hellip;]<\/p>\n","protected":false},"author":1,"featured_media":0,"parent":0,"menu_order":0,"comment_status":"closed","ping_status":"closed","template":"elementor_header_footer","meta":{"_monsterinsights_skip_tracking":false,"_monsterinsights_sitenote_active":false,"_monsterinsights_sitenote_note":"","_monsterinsights_sitenote_category":0,"footnotes":""},"class_list":["post-9349","page","type-page","status-publish","hentry"],"_links":{"self":[{"href":"https:\/\/www.ledcmn.org\/es\/wp-json\/wp\/v2\/pages\/9349","targetHints":{"allow":["GET"]}}],"collection":[{"href":"https:\/\/www.ledcmn.org\/es\/wp-json\/wp\/v2\/pages"}],"about":[{"href":"https:\/\/www.ledcmn.org\/es\/wp-json\/wp\/v2\/types\/page"}],"author":[{"embeddable":true,"href":"https:\/\/www.ledcmn.org\/es\/wp-json\/wp\/v2\/users\/1"}],"replies":[{"embeddable":true,"href":"https:\/\/www.ledcmn.org\/es\/wp-json\/wp\/v2\/comments?post=9349"}],"version-history":[{"count":1,"href":"https:\/\/www.ledcmn.org\/es\/wp-json\/wp\/v2\/pages\/9349\/revisions"}],"predecessor-version":[{"id":9350,"href":"https:\/\/www.ledcmn.org\/es\/wp-json\/wp\/v2\/pages\/9349\/revisions\/9350"}],"wp:attachment":[{"href":"https:\/\/www.ledcmn.org\/es\/wp-json\/wp\/v2\/media?parent=9349"}],"curies":[{"name":"wp","href":"https:\/\/api.w.org\/{rel}","templated":true}]}}