{"id":928,"date":"2020-03-13T18:49:05","date_gmt":"2020-03-13T18:49:05","guid":{"rendered":"http:\/\/www.ledcmn.org\/andres-salinas\/"},"modified":"2022-08-15T13:48:14","modified_gmt":"2022-08-15T18:48:14","slug":"andres-salinas","status":"publish","type":"page","link":"https:\/\/www.ledcmn.org\/es\/andres-salinas\/","title":{"rendered":"Andres Salinas"},"content":{"rendered":"\t\t<div data-elementor-type=\"wp-page\" data-elementor-id=\"928\" class=\"elementor elementor-928 elementor-553\" data-elementor-post-type=\"page\">\n\t\t\t\t\t\t<section class=\"elementor-section elementor-top-section elementor-element elementor-element-34abded4 elementor-section-height-min-height elementor-section-boxed elementor-section-height-default elementor-section-items-middle\" data-id=\"34abded4\" data-element_type=\"section\" data-e-type=\"section\" data-settings=\"{&quot;background_background&quot;:&quot;classic&quot;,&quot;shape_divider_bottom&quot;:&quot;tilt&quot;}\">\n\t\t\t\t\t\t\t<div class=\"elementor-background-overlay\"><\/div>\n\t\t\t\t\t\t<div class=\"elementor-shape elementor-shape-bottom\" aria-hidden=\"true\" data-negative=\"false\">\n\t\t\t<svg xmlns=\"http:\/\/www.w3.org\/2000\/svg\" viewBox=\"0 0 1000 100\" preserveAspectRatio=\"none\">\n\t<path class=\"elementor-shape-fill\" d=\"M0,6V0h1000v100L0,6z\"\/>\n<\/svg>\t\t<\/div>\n\t\t\t\t\t<div class=\"elementor-container elementor-column-gap-default\">\n\t\t\t\t\t<div class=\"elementor-column elementor-col-100 elementor-top-column elementor-element elementor-element-4dd6c5e6\" data-id=\"4dd6c5e6\" data-element_type=\"column\" data-e-type=\"column\">\n\t\t\t<div class=\"elementor-widget-wrap elementor-element-populated\">\n\t\t\t\t\t\t<section class=\"elementor-section elementor-inner-section elementor-element elementor-element-40922dad elementor-section-boxed elementor-section-height-default elementor-section-height-default\" data-id=\"40922dad\" data-element_type=\"section\" data-e-type=\"section\">\n\t\t\t\t\t\t<div class=\"elementor-container elementor-column-gap-default\">\n\t\t\t\t\t<div class=\"elementor-column elementor-col-50 elementor-inner-column elementor-element elementor-element-150eb580 elementor-hidden-phone\" data-id=\"150eb580\" data-element_type=\"column\" data-e-type=\"column\">\n\t\t\t<div class=\"elementor-widget-wrap\">\n\t\t\t\t\t\t\t<\/div>\n\t\t<\/div>\n\t\t\t\t<div class=\"elementor-column elementor-col-50 elementor-inner-column elementor-element elementor-element-3b684442\" data-id=\"3b684442\" data-element_type=\"column\" data-e-type=\"column\">\n\t\t\t<div class=\"elementor-widget-wrap elementor-element-populated\">\n\t\t\t\t\t\t<div class=\"elementor-element elementor-element-6661d082 elementor-widget elementor-widget-heading\" data-id=\"6661d082\" data-element_type=\"widget\" data-e-type=\"widget\" data-widget_type=\"heading.default\">\n\t\t\t\t<div class=\"elementor-widget-container\">\n\t\t\t\t\t<h2 class=\"elementor-heading-title elementor-size-default\">Equipo<\/h2>\t\t\t\t<\/div>\n\t\t\t\t<\/div>\n\t\t\t\t\t<\/div>\n\t\t<\/div>\n\t\t\t\t\t<\/div>\n\t\t<\/section>\n\t\t\t\t\t<\/div>\n\t\t<\/div>\n\t\t\t\t\t<\/div>\n\t\t<\/section>\n\t\t\t\t<section class=\"elementor-section elementor-top-section elementor-element elementor-element-10267133 elementor-section-boxed elementor-section-height-default elementor-section-height-default elementor-invisible\" data-id=\"10267133\" data-element_type=\"section\" data-e-type=\"section\" data-settings=\"{&quot;animation&quot;:&quot;slideInUp&quot;}\">\n\t\t\t\t\t\t<div class=\"elementor-container elementor-column-gap-wider\">\n\t\t\t\t\t<div class=\"elementor-column elementor-col-33 elementor-top-column elementor-element elementor-element-4a58b6c0\" data-id=\"4a58b6c0\" data-element_type=\"column\" data-e-type=\"column\">\n\t\t\t<div class=\"elementor-widget-wrap elementor-element-populated\">\n\t\t\t\t\t\t<div class=\"elementor-element elementor-element-69aecbc8 elementor-widget elementor-widget-image\" data-id=\"69aecbc8\" data-element_type=\"widget\" data-e-type=\"widget\" data-widget_type=\"image.default\">\n\t\t\t\t<div class=\"elementor-widget-container\">\n\t\t\t\t\t\t\t\t\t\t\t\t\t\t\t<img fetchpriority=\"high\" decoding=\"async\" width=\"800\" height=\"800\" src=\"https:\/\/www.ledcmn.org\/wp-content\/uploads\/2022\/08\/andres-salinas-staff-web-1024x1024.jpg\" class=\"attachment-large size-large wp-image-5342\" alt=\"\" srcset=\"https:\/\/www.ledcmn.org\/wp-content\/uploads\/2022\/08\/andres-salinas-staff-web-1024x1024.jpg 1024w, https:\/\/www.ledcmn.org\/wp-content\/uploads\/2022\/08\/andres-salinas-staff-web-300x300.jpg 300w, https:\/\/www.ledcmn.org\/wp-content\/uploads\/2022\/08\/andres-salinas-staff-web-150x150.jpg 150w, https:\/\/www.ledcmn.org\/wp-content\/uploads\/2022\/08\/andres-salinas-staff-web-768x768.jpg 768w, https:\/\/www.ledcmn.org\/wp-content\/uploads\/2022\/08\/elementor\/thumbs\/andres-salinas-staff-web-ptba46gi76z23qv3xd4wwaqjuvoepc4iovw28xlvhc.jpg 400w, https:\/\/www.ledcmn.org\/wp-content\/uploads\/2022\/08\/andres-salinas-staff-web.jpg 1080w\" sizes=\"(max-width: 800px) 100vw, 800px\" \/>\t\t\t\t\t\t\t\t\t\t\t\t\t\t\t<\/div>\n\t\t\t\t<\/div>\n\t\t\t\t<div class=\"elementor-element elementor-element-53756aaa elementor-tablet-align-start elementor-mobile-align-center elementor-icon-list--layout-traditional elementor-list-item-link-full_width elementor-widget elementor-widget-icon-list\" data-id=\"53756aaa\" data-element_type=\"widget\" data-e-type=\"widget\" data-widget_type=\"icon-list.default\">\n\t\t\t\t<div class=\"elementor-widget-container\">\n\t\t\t\t\t\t\t<ul class=\"elementor-icon-list-items\">\n\t\t\t\t\t\t\t<li class=\"elementor-icon-list-item\">\n\t\t\t\t\t\t\t\t\t\t\t<span class=\"elementor-icon-list-icon\">\n\t\t\t\t\t\t\t<i aria-hidden=\"true\" class=\"fas fa-phone\"><\/i>\t\t\t\t\t\t<\/span>\n\t\t\t\t\t\t\t\t\t\t<span class=\"elementor-icon-list-text\">612-724-5332<\/span>\n\t\t\t\t\t\t\t\t\t<\/li>\n\t\t\t\t\t\t\t\t<li class=\"elementor-icon-list-item\">\n\t\t\t\t\t\t\t\t\t\t\t<span class=\"elementor-icon-list-icon\">\n\t\t\t\t\t\t\t<i aria-hidden=\"true\" class=\"fas fa-envelope\"><\/i>\t\t\t\t\t\t<\/span>\n\t\t\t\t\t\t\t\t\t\t<span class=\"elementor-icon-list-text\">andres@ledcmn.org<\/span>\n\t\t\t\t\t\t\t\t\t<\/li>\n\t\t\t\t\t\t<\/ul>\n\t\t\t\t\t\t<\/div>\n\t\t\t\t<\/div>\n\t\t\t\t<div class=\"elementor-element elementor-element-1faf67d e-grid-align-mobile-center e-grid-align-left elementor-shape-rounded elementor-grid-0 elementor-widget elementor-widget-social-icons\" data-id=\"1faf67d\" data-element_type=\"widget\" data-e-type=\"widget\" data-widget_type=\"social-icons.default\">\n\t\t\t\t<div class=\"elementor-widget-container\">\n\t\t\t\t\t\t\t<div class=\"elementor-social-icons-wrapper elementor-grid\" role=\"list\">\n\t\t\t\t\t\t\t<span class=\"elementor-grid-item\" role=\"listitem\">\n\t\t\t\t\t<a class=\"elementor-icon elementor-social-icon elementor-social-icon-twitter elementor-repeater-item-8105a84\" target=\"_blank\">\n\t\t\t\t\t\t<span class=\"elementor-screen-only\">Twitter<\/span>\n\t\t\t\t\t\t<i aria-hidden=\"true\" class=\"fab fa-twitter\"><\/i>\t\t\t\t\t<\/a>\n\t\t\t\t<\/span>\n\t\t\t\t\t\t\t<span class=\"elementor-grid-item\" role=\"listitem\">\n\t\t\t\t\t<a class=\"elementor-icon elementor-social-icon elementor-social-icon-linkedin elementor-repeater-item-10f2479\" target=\"_blank\">\n\t\t\t\t\t\t<span class=\"elementor-screen-only\">Linkedin<\/span>\n\t\t\t\t\t\t<i aria-hidden=\"true\" class=\"fab fa-linkedin\"><\/i>\t\t\t\t\t<\/a>\n\t\t\t\t<\/span>\n\t\t\t\t\t<\/div>\n\t\t\t\t\t\t<\/div>\n\t\t\t\t<\/div>\n\t\t\t\t\t<\/div>\n\t\t<\/div>\n\t\t\t\t<div class=\"elementor-column elementor-col-66 elementor-top-column elementor-element elementor-element-1e9fd4ca\" data-id=\"1e9fd4ca\" data-element_type=\"column\" data-e-type=\"column\">\n\t\t\t<div class=\"elementor-widget-wrap elementor-element-populated\">\n\t\t\t\t\t\t<div class=\"elementor-element elementor-element-47ec7643 elementor-widget elementor-widget-heading\" data-id=\"47ec7643\" data-element_type=\"widget\" data-e-type=\"widget\" data-widget_type=\"heading.default\">\n\t\t\t\t<div class=\"elementor-widget-container\">\n\t\t\t\t\t<h1 class=\"elementor-heading-title elementor-size-default\">Andres Salinas<\/h1>\t\t\t\t<\/div>\n\t\t\t\t<\/div>\n\t\t\t\t<div class=\"elementor-element elementor-element-775d15a9 elementor-widget-divider--view-line elementor-widget elementor-widget-divider\" data-id=\"775d15a9\" data-element_type=\"widget\" data-e-type=\"widget\" data-widget_type=\"divider.default\">\n\t\t\t\t<div class=\"elementor-widget-container\">\n\t\t\t\t\t\t\t<div class=\"elementor-divider\">\n\t\t\t<span class=\"elementor-divider-separator\">\n\t\t\t\t\t\t<\/span>\n\t\t<\/div>\n\t\t\t\t\t\t<\/div>\n\t\t\t\t<\/div>\n\t\t\t\t<div class=\"elementor-element elementor-element-2242cda3 elementor-widget elementor-widget-heading\" data-id=\"2242cda3\" data-element_type=\"widget\" data-e-type=\"widget\" data-widget_type=\"heading.default\">\n\t\t\t\t<div class=\"elementor-widget-container\">\n\t\t\t\t\t<h3 class=\"elementor-heading-title elementor-size-default\">Director del Programa de Pr\u00e9stamos<\/h3>\t\t\t\t<\/div>\n\t\t\t\t<\/div>\n\t\t\t\t<div class=\"elementor-element elementor-element-3a9407d3 elementor-widget elementor-widget-text-editor\" data-id=\"3a9407d3\" data-element_type=\"widget\" data-e-type=\"widget\" data-widget_type=\"text-editor.default\">\n\t\t\t\t<div class=\"elementor-widget-container\">\n\t\t\t\t\t\t\t\t\t<p><span style=\"font-weight: 400;\">Andr\u00e9s es originario de una comunidad Zapoteca ubicada en el estado de Oaxaca, Mexico. Es contador egresado de la Universidad Aut\u00f3noma Benito J\u00faarez de Oaxaca. Cuenta con m\u00e1s de 15 a\u00f1os de experiencia trabajando como servidor p\u00fablico en el \u00e1rea de desarrollo econ\u00f3mico de peque\u00f1as y medianas empresas en M\u00e9xico. <\/span><\/p><p><span style=\"font-weight: 400;\">Como Director del Programa de Pr\u00e9stamos en LEDC, su trabajo es asegurar que miembros de la comunidad emprendedora Latina tenga mayores oportunidades de acceso a los recursos financieros que les permitan abrir o expandir sus negocios. Al mismo tiempo, es su responsabilidad mantener un portafolio de pr\u00e9stamos saludable para garantizar la disponibilidad de los recursos para futuras generaciones inmigrantes con esp\u00edritu emprendedor.<\/span><\/p><p><span style=\"font-weight: 400;\">En sus seis a\u00f1os como residente del estado de Minnesota, Andres ha disfrutado apoyando a los Mellizos de Minnesota, ha aprendido a usar la barredora de nieve y ha encontrado muy enriquecedora la experiencia de convivir con gran comunidad multicultural en las ciudades gemelas. <\/span><\/p>\t\t\t\t\t\t\t\t<\/div>\n\t\t\t\t<\/div>\n\t\t\t\t\t<\/div>\n\t\t<\/div>\n\t\t\t\t\t<\/div>\n\t\t<\/section>\n\t\t\t\t<\/div>\n\t\t","protected":false},"excerpt":{"rendered":"<p>Equipo 612-724-5332 andres@ledcmn.org Twitter Linkedin Andres Salinas Director del Programa de Pr\u00e9stamos Andr\u00e9s es originario de una comunidad Zapoteca ubicada en el estado de Oaxaca, Mexico. Es contador egresado de la Universidad Aut\u00f3noma Benito J\u00faarez de Oaxaca. Cuenta con m\u00e1s de 15 a\u00f1os de experiencia trabajando como servidor p\u00fablico en el \u00e1rea de desarrollo econ\u00f3mico [&hellip;]<\/p>\n","protected":false},"author":1,"featured_media":0,"parent":0,"menu_order":0,"comment_status":"closed","ping_status":"closed","template":"elementor_header_footer","meta":{"_monsterinsights_skip_tracking":false,"_monsterinsights_sitenote_active":false,"_monsterinsights_sitenote_note":"","_monsterinsights_sitenote_category":0,"footnotes":""},"class_list":["post-928","page","type-page","status-publish","hentry"],"_links":{"self":[{"href":"https:\/\/www.ledcmn.org\/es\/wp-json\/wp\/v2\/pages\/928","targetHints":{"allow":["GET"]}}],"collection":[{"href":"https:\/\/www.ledcmn.org\/es\/wp-json\/wp\/v2\/pages"}],"about":[{"href":"https:\/\/www.ledcmn.org\/es\/wp-json\/wp\/v2\/types\/page"}],"author":[{"embeddable":true,"href":"https:\/\/www.ledcmn.org\/es\/wp-json\/wp\/v2\/users\/1"}],"replies":[{"embeddable":true,"href":"https:\/\/www.ledcmn.org\/es\/wp-json\/wp\/v2\/comments?post=928"}],"version-history":[{"count":6,"href":"https:\/\/www.ledcmn.org\/es\/wp-json\/wp\/v2\/pages\/928\/revisions"}],"predecessor-version":[{"id":5350,"href":"https:\/\/www.ledcmn.org\/es\/wp-json\/wp\/v2\/pages\/928\/revisions\/5350"}],"wp:attachment":[{"href":"https:\/\/www.ledcmn.org\/es\/wp-json\/wp\/v2\/media?parent=928"}],"curies":[{"name":"wp","href":"https:\/\/api.w.org\/{rel}","templated":true}]}}