{"id":9140,"date":"2025-03-03T15:18:48","date_gmt":"2025-03-03T21:18:48","guid":{"rendered":"https:\/\/www.ledcmn.org\/ana-mendoza-packham\/"},"modified":"2025-03-14T10:06:45","modified_gmt":"2025-03-14T15:06:45","slug":"ana-mendoza-packham","status":"publish","type":"page","link":"https:\/\/www.ledcmn.org\/es\/ana-mendoza-packham\/","title":{"rendered":"Ana Mendoza Packham"},"content":{"rendered":"\t\t<div data-elementor-type=\"wp-page\" data-elementor-id=\"9140\" class=\"elementor elementor-9140 elementor-9135\" data-elementor-post-type=\"page\">\n\t\t\t\t\t\t<section class=\"elementor-section elementor-top-section elementor-element elementor-element-463e0504 elementor-section-height-min-height elementor-section-boxed elementor-section-height-default elementor-section-items-middle\" data-id=\"463e0504\" data-element_type=\"section\" data-e-type=\"section\" data-settings=\"{&quot;background_background&quot;:&quot;classic&quot;,&quot;shape_divider_bottom&quot;:&quot;tilt&quot;}\">\n\t\t\t\t\t\t\t<div class=\"elementor-background-overlay\"><\/div>\n\t\t\t\t\t\t<div class=\"elementor-shape elementor-shape-bottom\" aria-hidden=\"true\" data-negative=\"false\">\n\t\t\t<svg xmlns=\"http:\/\/www.w3.org\/2000\/svg\" viewBox=\"0 0 1000 100\" preserveAspectRatio=\"none\">\n\t<path class=\"elementor-shape-fill\" d=\"M0,6V0h1000v100L0,6z\"\/>\n<\/svg>\t\t<\/div>\n\t\t\t\t\t<div class=\"elementor-container elementor-column-gap-default\">\n\t\t\t\t\t<div class=\"elementor-column elementor-col-100 elementor-top-column elementor-element elementor-element-3fda637b\" data-id=\"3fda637b\" data-element_type=\"column\" data-e-type=\"column\">\n\t\t\t<div class=\"elementor-widget-wrap elementor-element-populated\">\n\t\t\t\t\t\t<section class=\"elementor-section elementor-inner-section elementor-element elementor-element-19992486 elementor-section-boxed elementor-section-height-default elementor-section-height-default\" data-id=\"19992486\" data-element_type=\"section\" data-e-type=\"section\">\n\t\t\t\t\t\t<div class=\"elementor-container elementor-column-gap-default\">\n\t\t\t\t\t<div class=\"elementor-column elementor-col-50 elementor-inner-column elementor-element elementor-element-1b8ba2f9 elementor-hidden-phone\" data-id=\"1b8ba2f9\" data-element_type=\"column\" data-e-type=\"column\">\n\t\t\t<div class=\"elementor-widget-wrap\">\n\t\t\t\t\t\t\t<\/div>\n\t\t<\/div>\n\t\t\t\t<div class=\"elementor-column elementor-col-50 elementor-inner-column elementor-element elementor-element-79a4ae90\" data-id=\"79a4ae90\" data-element_type=\"column\" data-e-type=\"column\">\n\t\t\t<div class=\"elementor-widget-wrap elementor-element-populated\">\n\t\t\t\t\t\t<div class=\"elementor-element elementor-element-57ad6f25 elementor-widget elementor-widget-heading\" data-id=\"57ad6f25\" data-element_type=\"widget\" data-e-type=\"widget\" data-widget_type=\"heading.default\">\n\t\t\t\t<div class=\"elementor-widget-container\">\n\t\t\t\t\t<h2 class=\"elementor-heading-title elementor-size-default\">Equipo<\/h2>\t\t\t\t<\/div>\n\t\t\t\t<\/div>\n\t\t\t\t\t<\/div>\n\t\t<\/div>\n\t\t\t\t\t<\/div>\n\t\t<\/section>\n\t\t\t\t\t<\/div>\n\t\t<\/div>\n\t\t\t\t\t<\/div>\n\t\t<\/section>\n\t\t\t\t<section class=\"elementor-section elementor-top-section elementor-element elementor-element-587c885f elementor-section-boxed elementor-section-height-default elementor-section-height-default elementor-invisible\" data-id=\"587c885f\" data-element_type=\"section\" data-e-type=\"section\" data-settings=\"{&quot;animation&quot;:&quot;slideInUp&quot;}\">\n\t\t\t\t\t\t<div class=\"elementor-container elementor-column-gap-wider\">\n\t\t\t\t\t<div class=\"elementor-column elementor-col-33 elementor-top-column elementor-element elementor-element-1be1c7d0\" data-id=\"1be1c7d0\" data-element_type=\"column\" data-e-type=\"column\">\n\t\t\t<div class=\"elementor-widget-wrap elementor-element-populated\">\n\t\t\t\t\t\t<div class=\"elementor-element elementor-element-60eb5c62 elementor-widget elementor-widget-image\" data-id=\"60eb5c62\" data-element_type=\"widget\" data-e-type=\"widget\" data-widget_type=\"image.default\">\n\t\t\t\t<div class=\"elementor-widget-container\">\n\t\t\t\t\t\t\t\t\t\t\t\t\t\t\t<img fetchpriority=\"high\" decoding=\"async\" width=\"800\" height=\"800\" src=\"https:\/\/www.ledcmn.org\/wp-content\/uploads\/2025\/03\/Staff-Ana-Mendoza-1024x1024.jpg\" class=\"attachment-large size-large wp-image-9161\" alt=\"\" srcset=\"https:\/\/www.ledcmn.org\/wp-content\/uploads\/2025\/03\/Staff-Ana-Mendoza-1024x1024.jpg 1024w, https:\/\/www.ledcmn.org\/wp-content\/uploads\/2025\/03\/Staff-Ana-Mendoza-300x300.jpg 300w, https:\/\/www.ledcmn.org\/wp-content\/uploads\/2025\/03\/Staff-Ana-Mendoza-150x150.jpg 150w, https:\/\/www.ledcmn.org\/wp-content\/uploads\/2025\/03\/Staff-Ana-Mendoza-768x768.jpg 768w, https:\/\/www.ledcmn.org\/wp-content\/uploads\/2025\/03\/Staff-Ana-Mendoza.jpg 1200w\" sizes=\"(max-width: 800px) 100vw, 800px\" \/>\t\t\t\t\t\t\t\t\t\t\t\t\t\t\t<\/div>\n\t\t\t\t<\/div>\n\t\t\t\t\t<\/div>\n\t\t<\/div>\n\t\t\t\t<div class=\"elementor-column elementor-col-66 elementor-top-column elementor-element elementor-element-61946a34\" data-id=\"61946a34\" data-element_type=\"column\" data-e-type=\"column\">\n\t\t\t<div class=\"elementor-widget-wrap elementor-element-populated\">\n\t\t\t\t\t\t<div class=\"elementor-element elementor-element-5fe95a07 elementor-widget elementor-widget-heading\" data-id=\"5fe95a07\" data-element_type=\"widget\" data-e-type=\"widget\" data-widget_type=\"heading.default\">\n\t\t\t\t<div class=\"elementor-widget-container\">\n\t\t\t\t\t<h1 class=\"elementor-heading-title elementor-size-default\">Ana Mendoza Packham<\/h1>\t\t\t\t<\/div>\n\t\t\t\t<\/div>\n\t\t\t\t<div class=\"elementor-element elementor-element-2d1f2880 elementor-widget-divider--view-line elementor-widget elementor-widget-divider\" data-id=\"2d1f2880\" data-element_type=\"widget\" data-e-type=\"widget\" data-widget_type=\"divider.default\">\n\t\t\t\t<div class=\"elementor-widget-container\">\n\t\t\t\t\t\t\t<div class=\"elementor-divider\">\n\t\t\t<span class=\"elementor-divider-separator\">\n\t\t\t\t\t\t<\/span>\n\t\t<\/div>\n\t\t\t\t\t\t<\/div>\n\t\t\t\t<\/div>\n\t\t\t\t<div class=\"elementor-element elementor-element-27221937 elementor-widget elementor-widget-heading\" data-id=\"27221937\" data-element_type=\"widget\" data-e-type=\"widget\" data-widget_type=\"heading.default\">\n\t\t\t\t<div class=\"elementor-widget-container\">\n\t\t\t\t\t<h3 class=\"elementor-heading-title elementor-size-default\">Asociada de Avance<\/h3>\t\t\t\t<\/div>\n\t\t\t\t<\/div>\n\t\t\t\t<div class=\"elementor-element elementor-element-178e4c1b elementor-widget elementor-widget-text-editor\" data-id=\"178e4c1b\" data-element_type=\"widget\" data-e-type=\"widget\" data-widget_type=\"text-editor.default\">\n\t\t\t\t<div class=\"elementor-widget-container\">\n\t\t\t\t\t\t\t\t\t<p>Despu\u00e9s de estudiar Ciencias Pol\u00edticas y Filosof\u00eda en la Universidad de Minnesota \u2013 Twin Cities, Ana trabaj\u00f3 en Voices for Racial Justice y Women for Political Change en operaciones y desarrollo. Despu\u00e9s de tomarse un tiempo fuera del trabajo sin fines de lucro, Ana est\u00e1 emocionada de ser parte del equipo de LEDC. Ana es una peruana-estadounidense de primera generaci\u00f3n y busca usar su conocimiento de recaudaci\u00f3n de fondos y comunicaciones para generar un impacto significativo en la comunidad latina. Cuando no est\u00e1 trabajando en LEDC, puedes encontrar a Ana en casa con sus mascotas o en la piscina con Subversive Sirens, un equipo local de nataci\u00f3n sincronizada comprometido con la liberaci\u00f3n negra, la equidad en la nataci\u00f3n\/artes acu\u00e1ticas, la aceptaci\u00f3n corporal radical y la visibilidad queer.   <\/p>\n\t\t\t\t\t\t\t\t<\/div>\n\t\t\t\t<\/div>\n\t\t\t\t\t<\/div>\n\t\t<\/div>\n\t\t\t\t\t<\/div>\n\t\t<\/section>\n\t\t\t\t<\/div>\n\t\t","protected":false},"excerpt":{"rendered":"<p>Equipo Ana Mendoza Packham Asociada de Avance Despu\u00e9s de estudiar Ciencias Pol\u00edticas y Filosof\u00eda en la Universidad de Minnesota \u2013 Twin Cities, Ana trabaj\u00f3 en Voices for Racial Justice y Women for Political Change en operaciones y desarrollo. Despu\u00e9s de tomarse un tiempo fuera del trabajo sin fines de lucro, Ana est\u00e1 emocionada de ser [&hellip;]<\/p>\n","protected":false},"author":1,"featured_media":0,"parent":0,"menu_order":0,"comment_status":"closed","ping_status":"closed","template":"elementor_header_footer","meta":{"_monsterinsights_skip_tracking":false,"_monsterinsights_sitenote_active":false,"_monsterinsights_sitenote_note":"","_monsterinsights_sitenote_category":0,"footnotes":""},"class_list":["post-9140","page","type-page","status-publish","hentry"],"_links":{"self":[{"href":"https:\/\/www.ledcmn.org\/es\/wp-json\/wp\/v2\/pages\/9140","targetHints":{"allow":["GET"]}}],"collection":[{"href":"https:\/\/www.ledcmn.org\/es\/wp-json\/wp\/v2\/pages"}],"about":[{"href":"https:\/\/www.ledcmn.org\/es\/wp-json\/wp\/v2\/types\/page"}],"author":[{"embeddable":true,"href":"https:\/\/www.ledcmn.org\/es\/wp-json\/wp\/v2\/users\/1"}],"replies":[{"embeddable":true,"href":"https:\/\/www.ledcmn.org\/es\/wp-json\/wp\/v2\/comments?post=9140"}],"version-history":[{"count":2,"href":"https:\/\/www.ledcmn.org\/es\/wp-json\/wp\/v2\/pages\/9140\/revisions"}],"predecessor-version":[{"id":9179,"href":"https:\/\/www.ledcmn.org\/es\/wp-json\/wp\/v2\/pages\/9140\/revisions\/9179"}],"wp:attachment":[{"href":"https:\/\/www.ledcmn.org\/es\/wp-json\/wp\/v2\/media?parent=9140"}],"curies":[{"name":"wp","href":"https:\/\/api.w.org\/{rel}","templated":true}]}}