{"id":8976,"date":"2025-02-06T10:17:01","date_gmt":"2025-02-06T16:17:01","guid":{"rendered":"https:\/\/www.ledcmn.org\/lill-bloise\/"},"modified":"2025-02-06T10:30:00","modified_gmt":"2025-02-06T16:30:00","slug":"lill-bloise","status":"publish","type":"page","link":"https:\/\/www.ledcmn.org\/es\/lill-bloise\/","title":{"rendered":"Lill Bloise"},"content":{"rendered":"\t\t<div data-elementor-type=\"wp-page\" data-elementor-id=\"8976\" class=\"elementor elementor-8976 elementor-8969\" data-elementor-post-type=\"page\">\n\t\t\t\t\t\t<section class=\"elementor-section elementor-top-section elementor-element elementor-element-47e27b3f elementor-section-height-min-height elementor-section-boxed elementor-section-height-default elementor-section-items-middle\" data-id=\"47e27b3f\" data-element_type=\"section\" data-e-type=\"section\" data-settings=\"{&quot;background_background&quot;:&quot;classic&quot;,&quot;shape_divider_bottom&quot;:&quot;tilt&quot;}\">\n\t\t\t\t\t\t\t<div class=\"elementor-background-overlay\"><\/div>\n\t\t\t\t\t\t<div class=\"elementor-shape elementor-shape-bottom\" aria-hidden=\"true\" data-negative=\"false\">\n\t\t\t<svg xmlns=\"http:\/\/www.w3.org\/2000\/svg\" viewBox=\"0 0 1000 100\" preserveAspectRatio=\"none\">\n\t<path class=\"elementor-shape-fill\" d=\"M0,6V0h1000v100L0,6z\"\/>\n<\/svg>\t\t<\/div>\n\t\t\t\t\t<div class=\"elementor-container elementor-column-gap-default\">\n\t\t\t\t\t<div class=\"elementor-column elementor-col-100 elementor-top-column elementor-element elementor-element-62619003\" data-id=\"62619003\" data-element_type=\"column\" data-e-type=\"column\">\n\t\t\t<div class=\"elementor-widget-wrap elementor-element-populated\">\n\t\t\t\t\t\t<section class=\"elementor-section elementor-inner-section elementor-element elementor-element-6101eade elementor-section-boxed elementor-section-height-default elementor-section-height-default\" data-id=\"6101eade\" data-element_type=\"section\" data-e-type=\"section\">\n\t\t\t\t\t\t<div class=\"elementor-container elementor-column-gap-default\">\n\t\t\t\t\t<div class=\"elementor-column elementor-col-50 elementor-inner-column elementor-element elementor-element-11af279d elementor-hidden-phone\" data-id=\"11af279d\" data-element_type=\"column\" data-e-type=\"column\">\n\t\t\t<div class=\"elementor-widget-wrap\">\n\t\t\t\t\t\t\t<\/div>\n\t\t<\/div>\n\t\t\t\t<div class=\"elementor-column elementor-col-50 elementor-inner-column elementor-element elementor-element-2ea3df8\" data-id=\"2ea3df8\" data-element_type=\"column\" data-e-type=\"column\">\n\t\t\t<div class=\"elementor-widget-wrap elementor-element-populated\">\n\t\t\t\t\t\t<div class=\"elementor-element elementor-element-790f8377 elementor-widget elementor-widget-heading\" data-id=\"790f8377\" data-element_type=\"widget\" data-e-type=\"widget\" data-widget_type=\"heading.default\">\n\t\t\t\t<div class=\"elementor-widget-container\">\n\t\t\t\t\t<h2 class=\"elementor-heading-title elementor-size-default\">Equipo<\/h2>\t\t\t\t<\/div>\n\t\t\t\t<\/div>\n\t\t\t\t\t<\/div>\n\t\t<\/div>\n\t\t\t\t\t<\/div>\n\t\t<\/section>\n\t\t\t\t\t<\/div>\n\t\t<\/div>\n\t\t\t\t\t<\/div>\n\t\t<\/section>\n\t\t\t\t<section class=\"elementor-section elementor-top-section elementor-element elementor-element-77abcfb0 elementor-section-boxed elementor-section-height-default elementor-section-height-default elementor-invisible\" data-id=\"77abcfb0\" data-element_type=\"section\" data-e-type=\"section\" data-settings=\"{&quot;animation&quot;:&quot;slideInUp&quot;}\">\n\t\t\t\t\t\t<div class=\"elementor-container elementor-column-gap-wider\">\n\t\t\t\t\t<div class=\"elementor-column elementor-col-33 elementor-top-column elementor-element elementor-element-5df91e85\" data-id=\"5df91e85\" data-element_type=\"column\" data-e-type=\"column\">\n\t\t\t<div class=\"elementor-widget-wrap elementor-element-populated\">\n\t\t\t\t\t\t<div class=\"elementor-element elementor-element-70d7b6e6 elementor-widget elementor-widget-image\" data-id=\"70d7b6e6\" data-element_type=\"widget\" data-e-type=\"widget\" data-widget_type=\"image.default\">\n\t\t\t\t<div class=\"elementor-widget-container\">\n\t\t\t\t\t\t\t\t\t\t\t\t\t\t\t<img fetchpriority=\"high\" decoding=\"async\" width=\"800\" height=\"800\" src=\"https:\/\/www.ledcmn.org\/wp-content\/uploads\/2025\/02\/Staff-Lill-Bloise-1024x1024.jpg\" class=\"attachment-large size-large wp-image-8972\" alt=\"\" srcset=\"https:\/\/www.ledcmn.org\/wp-content\/uploads\/2025\/02\/Staff-Lill-Bloise-1024x1024.jpg 1024w, https:\/\/www.ledcmn.org\/wp-content\/uploads\/2025\/02\/Staff-Lill-Bloise-300x300.jpg 300w, https:\/\/www.ledcmn.org\/wp-content\/uploads\/2025\/02\/Staff-Lill-Bloise-150x150.jpg 150w, https:\/\/www.ledcmn.org\/wp-content\/uploads\/2025\/02\/Staff-Lill-Bloise-768x768.jpg 768w, https:\/\/www.ledcmn.org\/wp-content\/uploads\/2025\/02\/Staff-Lill-Bloise.jpg 1280w\" sizes=\"(max-width: 800px) 100vw, 800px\" \/>\t\t\t\t\t\t\t\t\t\t\t\t\t\t\t<\/div>\n\t\t\t\t<\/div>\n\t\t\t\t\t<\/div>\n\t\t<\/div>\n\t\t\t\t<div class=\"elementor-column elementor-col-66 elementor-top-column elementor-element elementor-element-7f461c45\" data-id=\"7f461c45\" data-element_type=\"column\" data-e-type=\"column\">\n\t\t\t<div class=\"elementor-widget-wrap elementor-element-populated\">\n\t\t\t\t\t\t<div class=\"elementor-element elementor-element-18263425 elementor-widget elementor-widget-heading\" data-id=\"18263425\" data-element_type=\"widget\" data-e-type=\"widget\" data-widget_type=\"heading.default\">\n\t\t\t\t<div class=\"elementor-widget-container\">\n\t\t\t\t\t<h1 class=\"elementor-heading-title elementor-size-default\">Lill Bloise<\/h1>\t\t\t\t<\/div>\n\t\t\t\t<\/div>\n\t\t\t\t<div class=\"elementor-element elementor-element-39f86f6b elementor-widget-divider--view-line elementor-widget elementor-widget-divider\" data-id=\"39f86f6b\" data-element_type=\"widget\" data-e-type=\"widget\" data-widget_type=\"divider.default\">\n\t\t\t\t<div class=\"elementor-widget-container\">\n\t\t\t\t\t\t\t<div class=\"elementor-divider\">\n\t\t\t<span class=\"elementor-divider-separator\">\n\t\t\t\t\t\t<\/span>\n\t\t<\/div>\n\t\t\t\t\t\t<\/div>\n\t\t\t\t<\/div>\n\t\t\t\t<div class=\"elementor-element elementor-element-7d5ccbb elementor-widget elementor-widget-heading\" data-id=\"7d5ccbb\" data-element_type=\"widget\" data-e-type=\"widget\" data-widget_type=\"heading.default\">\n\t\t\t\t<div class=\"elementor-widget-container\">\n\t\t\t\t\t<h3 class=\"elementor-heading-title elementor-size-default\">Directora de Operaciones <\/h3>\t\t\t\t<\/div>\n\t\t\t\t<\/div>\n\t\t\t\t<div class=\"elementor-element elementor-element-70954976 elementor-widget elementor-widget-text-editor\" data-id=\"70954976\" data-element_type=\"widget\" data-e-type=\"widget\" data-widget_type=\"text-editor.default\">\n\t\t\t\t<div class=\"elementor-widget-container\">\n\t\t\t\t\t\t\t\t\t<p>Lill es oriunda de la Rep\u00fablica Dominicana y comenz\u00f3 su carrera profesional redise\u00f1ando procesos de recursos humanos en el sector privado antes de unirse a una corporaci\u00f3n global de combustibles donde brind\u00f3 apoyo a varios pa\u00edses en diferentes roles de RR.HH.   <\/p>\n<p>Luego pas\u00f3 al liderazgo de operaciones durante 10 a\u00f1os, centr\u00e1ndose en la excelencia operativa bajo una filosof\u00eda de liderazgo compasional y empat\u00eda. A medida que la empresa atravesaba varias adquisiciones, pas\u00f3 a la gesti\u00f3n de cambios (change management) y al redise\u00f1o de procesos.<\/p>\n<p>Lill tambi\u00e9n trabaj\u00f3 como consultora para peque\u00f1as y medianas empresas en la Rep\u00fablica Dominicana como parte de un proyecto del Ministerio de Industria y Comercio para apoyar a los emprendedores y asesorar sobre planificaci\u00f3n estrat\u00e9gica y operaciones.<\/p>\n\t\t\t\t\t\t\t\t<\/div>\n\t\t\t\t<\/div>\n\t\t\t\t\t<\/div>\n\t\t<\/div>\n\t\t\t\t\t<\/div>\n\t\t<\/section>\n\t\t\t\t<\/div>\n\t\t","protected":false},"excerpt":{"rendered":"<p>Equipo Lill Bloise Directora de Operaciones Lill es oriunda de la Rep\u00fablica Dominicana y comenz\u00f3 su carrera profesional redise\u00f1ando procesos de recursos humanos en el sector privado antes de unirse a una corporaci\u00f3n global de combustibles donde brind\u00f3 apoyo a varios pa\u00edses en diferentes roles de RR.HH. Luego pas\u00f3 al liderazgo de operaciones durante 10 [&hellip;]<\/p>\n","protected":false},"author":1,"featured_media":0,"parent":0,"menu_order":0,"comment_status":"closed","ping_status":"closed","template":"elementor_header_footer","meta":{"_monsterinsights_skip_tracking":false,"_monsterinsights_sitenote_active":false,"_monsterinsights_sitenote_note":"","_monsterinsights_sitenote_category":0,"footnotes":""},"class_list":["post-8976","page","type-page","status-publish","hentry"],"_links":{"self":[{"href":"https:\/\/www.ledcmn.org\/es\/wp-json\/wp\/v2\/pages\/8976","targetHints":{"allow":["GET"]}}],"collection":[{"href":"https:\/\/www.ledcmn.org\/es\/wp-json\/wp\/v2\/pages"}],"about":[{"href":"https:\/\/www.ledcmn.org\/es\/wp-json\/wp\/v2\/types\/page"}],"author":[{"embeddable":true,"href":"https:\/\/www.ledcmn.org\/es\/wp-json\/wp\/v2\/users\/1"}],"replies":[{"embeddable":true,"href":"https:\/\/www.ledcmn.org\/es\/wp-json\/wp\/v2\/comments?post=8976"}],"version-history":[{"count":5,"href":"https:\/\/www.ledcmn.org\/es\/wp-json\/wp\/v2\/pages\/8976\/revisions"}],"predecessor-version":[{"id":8991,"href":"https:\/\/www.ledcmn.org\/es\/wp-json\/wp\/v2\/pages\/8976\/revisions\/8991"}],"wp:attachment":[{"href":"https:\/\/www.ledcmn.org\/es\/wp-json\/wp\/v2\/media?parent=8976"}],"curies":[{"name":"wp","href":"https:\/\/api.w.org\/{rel}","templated":true}]}}