{"id":8774,"date":"2025-01-17T11:46:48","date_gmt":"2025-01-17T17:46:48","guid":{"rendered":"https:\/\/www.ledcmn.org\/rogelio-reyes-gutierrez\/"},"modified":"2025-01-17T16:08:03","modified_gmt":"2025-01-17T22:08:03","slug":"rogelio-reyes-gutierrez","status":"publish","type":"page","link":"https:\/\/www.ledcmn.org\/es\/rogelio-reyes-gutierrez\/","title":{"rendered":"Rogelio Reyes Guti\u00e9rrez"},"content":{"rendered":"\t\t<div data-elementor-type=\"wp-page\" data-elementor-id=\"8774\" class=\"elementor elementor-8774 elementor-8769\" data-elementor-post-type=\"page\">\n\t\t\t\t\t\t<section class=\"elementor-section elementor-top-section elementor-element elementor-element-497a2c7f elementor-section-height-min-height elementor-section-boxed elementor-section-height-default elementor-section-items-middle\" data-id=\"497a2c7f\" data-element_type=\"section\" data-e-type=\"section\" data-settings=\"{&quot;background_background&quot;:&quot;classic&quot;,&quot;shape_divider_bottom&quot;:&quot;tilt&quot;}\">\n\t\t\t\t\t\t\t<div class=\"elementor-background-overlay\"><\/div>\n\t\t\t\t\t\t<div class=\"elementor-shape elementor-shape-bottom\" aria-hidden=\"true\" data-negative=\"false\">\n\t\t\t<svg xmlns=\"http:\/\/www.w3.org\/2000\/svg\" viewBox=\"0 0 1000 100\" preserveAspectRatio=\"none\">\n\t<path class=\"elementor-shape-fill\" d=\"M0,6V0h1000v100L0,6z\"\/>\n<\/svg>\t\t<\/div>\n\t\t\t\t\t<div class=\"elementor-container elementor-column-gap-default\">\n\t\t\t\t\t<div class=\"elementor-column elementor-col-100 elementor-top-column elementor-element elementor-element-2117870c\" data-id=\"2117870c\" data-element_type=\"column\" data-e-type=\"column\">\n\t\t\t<div class=\"elementor-widget-wrap elementor-element-populated\">\n\t\t\t\t\t\t<section class=\"elementor-section elementor-inner-section elementor-element elementor-element-6c478eb3 elementor-section-boxed elementor-section-height-default elementor-section-height-default\" data-id=\"6c478eb3\" data-element_type=\"section\" data-e-type=\"section\">\n\t\t\t\t\t\t<div class=\"elementor-container elementor-column-gap-default\">\n\t\t\t\t\t<div class=\"elementor-column elementor-col-50 elementor-inner-column elementor-element elementor-element-7e4638c6 elementor-hidden-phone\" data-id=\"7e4638c6\" data-element_type=\"column\" data-e-type=\"column\">\n\t\t\t<div class=\"elementor-widget-wrap\">\n\t\t\t\t\t\t\t<\/div>\n\t\t<\/div>\n\t\t\t\t<div class=\"elementor-column elementor-col-50 elementor-inner-column elementor-element elementor-element-17e6e2ea\" data-id=\"17e6e2ea\" data-element_type=\"column\" data-e-type=\"column\">\n\t\t\t<div class=\"elementor-widget-wrap elementor-element-populated\">\n\t\t\t\t\t\t<div class=\"elementor-element elementor-element-2913bad7 elementor-widget elementor-widget-heading\" data-id=\"2913bad7\" data-element_type=\"widget\" data-e-type=\"widget\" data-widget_type=\"heading.default\">\n\t\t\t\t<div class=\"elementor-widget-container\">\n\t\t\t\t\t<h2 class=\"elementor-heading-title elementor-size-default\">Equipo<\/h2>\t\t\t\t<\/div>\n\t\t\t\t<\/div>\n\t\t\t\t\t<\/div>\n\t\t<\/div>\n\t\t\t\t\t<\/div>\n\t\t<\/section>\n\t\t\t\t\t<\/div>\n\t\t<\/div>\n\t\t\t\t\t<\/div>\n\t\t<\/section>\n\t\t\t\t<section class=\"elementor-section elementor-top-section elementor-element elementor-element-6d0eb68e elementor-section-boxed elementor-section-height-default elementor-section-height-default elementor-invisible\" data-id=\"6d0eb68e\" data-element_type=\"section\" data-e-type=\"section\" data-settings=\"{&quot;animation&quot;:&quot;slideInUp&quot;}\">\n\t\t\t\t\t\t<div class=\"elementor-container elementor-column-gap-wider\">\n\t\t\t\t\t<div class=\"elementor-column elementor-col-33 elementor-top-column elementor-element elementor-element-f505ae7\" data-id=\"f505ae7\" data-element_type=\"column\" data-e-type=\"column\">\n\t\t\t<div class=\"elementor-widget-wrap elementor-element-populated\">\n\t\t\t\t\t\t<div class=\"elementor-element elementor-element-1c36240e elementor-widget elementor-widget-image\" data-id=\"1c36240e\" data-element_type=\"widget\" data-e-type=\"widget\" data-widget_type=\"image.default\">\n\t\t\t\t<div class=\"elementor-widget-container\">\n\t\t\t\t\t\t\t\t\t\t\t\t\t\t\t<img fetchpriority=\"high\" decoding=\"async\" width=\"800\" height=\"800\" src=\"https:\/\/www.ledcmn.org\/wp-content\/uploads\/2024\/06\/Staff-Rogelio-Reyes.jpg\" class=\"attachment-large size-large wp-image-7818\" alt=\"Photo Staff Rogelio Reyes\" srcset=\"https:\/\/www.ledcmn.org\/wp-content\/uploads\/2024\/06\/Staff-Rogelio-Reyes.jpg 850w, https:\/\/www.ledcmn.org\/wp-content\/uploads\/2024\/06\/Staff-Rogelio-Reyes-300x300.jpg 300w, https:\/\/www.ledcmn.org\/wp-content\/uploads\/2024\/06\/Staff-Rogelio-Reyes-150x150.jpg 150w, https:\/\/www.ledcmn.org\/wp-content\/uploads\/2024\/06\/Staff-Rogelio-Reyes-768x768.jpg 768w, https:\/\/www.ledcmn.org\/wp-content\/uploads\/2024\/06\/elementor\/thumbs\/Staff-Rogelio-Reyes-qq747ax3zn3jx3i5ycqxzvd6q96amfqjmw6fs667xc.jpg 400w\" sizes=\"(max-width: 800px) 100vw, 800px\" \/>\t\t\t\t\t\t\t\t\t\t\t\t\t\t\t<\/div>\n\t\t\t\t<\/div>\n\t\t\t\t\t<\/div>\n\t\t<\/div>\n\t\t\t\t<div class=\"elementor-column elementor-col-66 elementor-top-column elementor-element elementor-element-7238c553\" data-id=\"7238c553\" data-element_type=\"column\" data-e-type=\"column\">\n\t\t\t<div class=\"elementor-widget-wrap elementor-element-populated\">\n\t\t\t\t\t\t<div class=\"elementor-element elementor-element-4cd9f088 elementor-widget elementor-widget-heading\" data-id=\"4cd9f088\" data-element_type=\"widget\" data-e-type=\"widget\" data-widget_type=\"heading.default\">\n\t\t\t\t<div class=\"elementor-widget-container\">\n\t\t\t\t\t<h1 class=\"elementor-heading-title elementor-size-default\">Rogelio Reyes Guti\u00e9rrez<\/h1>\t\t\t\t<\/div>\n\t\t\t\t<\/div>\n\t\t\t\t<div class=\"elementor-element elementor-element-6df313d9 elementor-widget-divider--view-line elementor-widget elementor-widget-divider\" data-id=\"6df313d9\" data-element_type=\"widget\" data-e-type=\"widget\" data-widget_type=\"divider.default\">\n\t\t\t\t<div class=\"elementor-widget-container\">\n\t\t\t\t\t\t\t<div class=\"elementor-divider\">\n\t\t\t<span class=\"elementor-divider-separator\">\n\t\t\t\t\t\t<\/span>\n\t\t<\/div>\n\t\t\t\t\t\t<\/div>\n\t\t\t\t<\/div>\n\t\t\t\t<div class=\"elementor-element elementor-element-3e950d9e elementor-widget elementor-widget-heading\" data-id=\"3e950d9e\" data-element_type=\"widget\" data-e-type=\"widget\" data-widget_type=\"heading.default\">\n\t\t\t\t<div class=\"elementor-widget-container\">\n\t\t\t\t\t<h3 class=\"elementor-heading-title elementor-size-default\">Asociado de Desarrollo de Negocios<\/h3>\t\t\t\t<\/div>\n\t\t\t\t<\/div>\n\t\t\t\t<div class=\"elementor-element elementor-element-451535f5 elementor-widget elementor-widget-text-editor\" data-id=\"451535f5\" data-element_type=\"widget\" data-e-type=\"widget\" data-widget_type=\"text-editor.default\">\n\t\t\t\t<div class=\"elementor-widget-container\">\n\t\t\t\t\t\t\t\t\t<p>Rogelio Reyes Guti\u00e9rrez es un l\u00edder con una s\u00f3lida trayectoria en contadur\u00eda p\u00fablica y un MBA en curso, distinguido por una amplia experiencia internacional y roles clave dentro de empresas destacadas en M\u00e9xico. <\/p>\n<p>Inici\u00f3 su carrera profesional en reconocidas firmas de auditor\u00eda como PricewaterhouseCoopers y Deloitte, donde desarroll\u00f3 habilidades cr\u00edticas en auditor\u00eda y consultor\u00eda financiera. Posteriormente, Rogelio se desempe\u00f1\u00f3 como contralor general de una empresa l\u00edder en comunicaciones en Quer\u00e9taro, M\u00e9xico, durante m\u00e1s de dos d\u00e9cadas. En este cargo, dirigi\u00f3 funciones estrat\u00e9gicas en \u00e1reas cr\u00edticas, incluidas impuestos, tesorer\u00eda, contabilidad, finanzas y bienes ra\u00edces, superando con \u00e9xito desaf\u00edos importantes durante crisis econ\u00f3micas y pandemias, y gestionando negociaciones clave con entidades gubernamentales, proveedores, acreedores y personal.  <\/p>\n<p>Adem\u00e1s de su exitosa carrera corporativa, Rogelio ha contribuido activamente como Tesorero del Instituto Mexicano de Ejecutivos de Finanzas (IMEF), organizaci\u00f3n l\u00edder que re\u00fane a expertos responsables de decisiones financieras estrat\u00e9gicas en empresas de renombre.<\/p>\n<p>Fuera de sus actividades profesionales, Rogelio valora el tiempo que pasa con su familia y amigos. Casado con Maricarmen, es orgulloso padre de tres hijos: Mauricio, Daniel y Michelle, quienes actualmente cursan estudios universitarios en Minnesota y Texas.<\/p>\n<p>Rogelio encuentra pasi\u00f3n en el f\u00fatbol, tanto mexicano como internacional, y sigue con entusiasmo a los Minnesota Vikings en la NFL. Tambi\u00e9n tiene un profundo aprecio por la m\u00fasica en todas sus formas.   <\/p>\n<p>En su puesto actual como asociado de desarrollo empresarial en LEDC, Rogelio se siente satisfecho al servir a la comunidad latina de Minnesota. A trav\u00e9s de su liderazgo, Rogelio se dedica a apoyar a los empresarios latinos, brind\u00e1ndoles las herramientas y recursos necesarios para convertir sus sue\u00f1os comerciales en realidades tangibles. Su compromiso con el crecimiento econ\u00f3mico y el bienestar de las familias latinas es evidente en cada iniciativa y proyecto que lidera. Rogelio cree que la perseverancia y la dedicaci\u00f3n inquebrantable pueden transformar los desaf\u00edos en oportunidades, inspirando a otros a alcanzar sus metas con determinaci\u00f3n y visi\u00f3n.  <\/p>\n\t\t\t\t\t\t\t\t<\/div>\n\t\t\t\t<\/div>\n\t\t\t\t\t<\/div>\n\t\t<\/div>\n\t\t\t\t\t<\/div>\n\t\t<\/section>\n\t\t\t\t<\/div>\n\t\t","protected":false},"excerpt":{"rendered":"<p>Equipo Rogelio Reyes Guti\u00e9rrez Asociado de Desarrollo de Negocios Rogelio Reyes Guti\u00e9rrez es un l\u00edder con una s\u00f3lida trayectoria en contadur\u00eda p\u00fablica y un MBA en curso, distinguido por una amplia experiencia internacional y roles clave dentro de empresas destacadas en M\u00e9xico. Inici\u00f3 su carrera profesional en reconocidas firmas de auditor\u00eda como PricewaterhouseCoopers y Deloitte, [&hellip;]<\/p>\n","protected":false},"author":1,"featured_media":0,"parent":0,"menu_order":0,"comment_status":"closed","ping_status":"closed","template":"elementor_header_footer","meta":{"_monsterinsights_skip_tracking":false,"_monsterinsights_sitenote_active":false,"_monsterinsights_sitenote_note":"","_monsterinsights_sitenote_category":0,"footnotes":""},"class_list":["post-8774","page","type-page","status-publish","hentry"],"_links":{"self":[{"href":"https:\/\/www.ledcmn.org\/es\/wp-json\/wp\/v2\/pages\/8774","targetHints":{"allow":["GET"]}}],"collection":[{"href":"https:\/\/www.ledcmn.org\/es\/wp-json\/wp\/v2\/pages"}],"about":[{"href":"https:\/\/www.ledcmn.org\/es\/wp-json\/wp\/v2\/types\/page"}],"author":[{"embeddable":true,"href":"https:\/\/www.ledcmn.org\/es\/wp-json\/wp\/v2\/users\/1"}],"replies":[{"embeddable":true,"href":"https:\/\/www.ledcmn.org\/es\/wp-json\/wp\/v2\/comments?post=8774"}],"version-history":[{"count":2,"href":"https:\/\/www.ledcmn.org\/es\/wp-json\/wp\/v2\/pages\/8774\/revisions"}],"predecessor-version":[{"id":8798,"href":"https:\/\/www.ledcmn.org\/es\/wp-json\/wp\/v2\/pages\/8774\/revisions\/8798"}],"wp:attachment":[{"href":"https:\/\/www.ledcmn.org\/es\/wp-json\/wp\/v2\/media?parent=8774"}],"curies":[{"name":"wp","href":"https:\/\/api.w.org\/{rel}","templated":true}]}}