{"id":8449,"date":"2024-10-29T16:28:00","date_gmt":"2024-10-29T21:28:00","guid":{"rendered":"https:\/\/www.ledcmn.org\/alma-flores\/"},"modified":"2026-02-20T11:35:55","modified_gmt":"2026-02-20T17:35:55","slug":"alma-flores","status":"publish","type":"page","link":"https:\/\/www.ledcmn.org\/es\/alma-flores\/","title":{"rendered":"Alma Flores"},"content":{"rendered":"\t\t<div data-elementor-type=\"wp-page\" data-elementor-id=\"8449\" class=\"elementor elementor-8449 elementor-8307\" data-elementor-post-type=\"page\">\n\t\t\t\t\t\t<section class=\"elementor-section elementor-top-section elementor-element elementor-element-57f6e2f6 elementor-section-height-min-height elementor-section-boxed elementor-section-height-default elementor-section-items-middle\" data-id=\"57f6e2f6\" data-element_type=\"section\" data-e-type=\"section\" data-settings=\"{&quot;background_background&quot;:&quot;classic&quot;,&quot;shape_divider_bottom&quot;:&quot;tilt&quot;}\">\n\t\t\t\t\t\t\t<div class=\"elementor-background-overlay\"><\/div>\n\t\t\t\t\t\t<div class=\"elementor-shape elementor-shape-bottom\" aria-hidden=\"true\" data-negative=\"false\">\n\t\t\t<svg xmlns=\"http:\/\/www.w3.org\/2000\/svg\" viewBox=\"0 0 1000 100\" preserveAspectRatio=\"none\">\n\t<path class=\"elementor-shape-fill\" d=\"M0,6V0h1000v100L0,6z\"\/>\n<\/svg>\t\t<\/div>\n\t\t\t\t\t<div class=\"elementor-container elementor-column-gap-default\">\n\t\t\t\t\t<div class=\"elementor-column elementor-col-100 elementor-top-column elementor-element elementor-element-23ee9d4\" data-id=\"23ee9d4\" data-element_type=\"column\" data-e-type=\"column\">\n\t\t\t<div class=\"elementor-widget-wrap elementor-element-populated\">\n\t\t\t\t\t\t<section class=\"elementor-section elementor-inner-section elementor-element elementor-element-27b5f696 elementor-section-boxed elementor-section-height-default elementor-section-height-default\" data-id=\"27b5f696\" data-element_type=\"section\" data-e-type=\"section\">\n\t\t\t\t\t\t<div class=\"elementor-container elementor-column-gap-default\">\n\t\t\t\t\t<div class=\"elementor-column elementor-col-50 elementor-inner-column elementor-element elementor-element-221ae9a9 elementor-hidden-phone\" data-id=\"221ae9a9\" data-element_type=\"column\" data-e-type=\"column\">\n\t\t\t<div class=\"elementor-widget-wrap\">\n\t\t\t\t\t\t\t<\/div>\n\t\t<\/div>\n\t\t\t\t<div class=\"elementor-column elementor-col-50 elementor-inner-column elementor-element elementor-element-3cae160d\" data-id=\"3cae160d\" data-element_type=\"column\" data-e-type=\"column\">\n\t\t\t<div class=\"elementor-widget-wrap elementor-element-populated\">\n\t\t\t\t\t\t<div class=\"elementor-element elementor-element-55277ba3 elementor-widget elementor-widget-heading\" data-id=\"55277ba3\" data-element_type=\"widget\" data-e-type=\"widget\" data-widget_type=\"heading.default\">\n\t\t\t\t<div class=\"elementor-widget-container\">\n\t\t\t\t\t<h2 class=\"elementor-heading-title elementor-size-default\">Equipo<\/h2>\t\t\t\t<\/div>\n\t\t\t\t<\/div>\n\t\t\t\t\t<\/div>\n\t\t<\/div>\n\t\t\t\t\t<\/div>\n\t\t<\/section>\n\t\t\t\t\t<\/div>\n\t\t<\/div>\n\t\t\t\t\t<\/div>\n\t\t<\/section>\n\t\t\t\t<section class=\"elementor-section elementor-top-section elementor-element elementor-element-620a8021 elementor-section-boxed elementor-section-height-default elementor-section-height-default elementor-invisible\" data-id=\"620a8021\" data-element_type=\"section\" data-e-type=\"section\" data-settings=\"{&quot;animation&quot;:&quot;slideInUp&quot;}\">\n\t\t\t\t\t\t<div class=\"elementor-container elementor-column-gap-wider\">\n\t\t\t\t\t<div class=\"elementor-column elementor-col-33 elementor-top-column elementor-element elementor-element-728e71c8\" data-id=\"728e71c8\" data-element_type=\"column\" data-e-type=\"column\">\n\t\t\t<div class=\"elementor-widget-wrap elementor-element-populated\">\n\t\t\t\t\t\t<div class=\"elementor-element elementor-element-614649e1 elementor-widget elementor-widget-image\" data-id=\"614649e1\" data-element_type=\"widget\" data-e-type=\"widget\" data-widget_type=\"image.default\">\n\t\t\t\t<div class=\"elementor-widget-container\">\n\t\t\t\t\t\t\t\t\t\t\t\t\t\t\t<img fetchpriority=\"high\" decoding=\"async\" width=\"800\" height=\"800\" src=\"https:\/\/www.ledcmn.org\/wp-content\/uploads\/2024\/10\/Staff-Alma-Flores.jpg\" class=\"attachment-large size-large wp-image-8223\" alt=\"\" srcset=\"https:\/\/www.ledcmn.org\/wp-content\/uploads\/2024\/10\/Staff-Alma-Flores.jpg 850w, https:\/\/www.ledcmn.org\/wp-content\/uploads\/2024\/10\/Staff-Alma-Flores-300x300.jpg 300w, https:\/\/www.ledcmn.org\/wp-content\/uploads\/2024\/10\/Staff-Alma-Flores-150x150.jpg 150w, https:\/\/www.ledcmn.org\/wp-content\/uploads\/2024\/10\/Staff-Alma-Flores-768x768.jpg 768w, https:\/\/www.ledcmn.org\/wp-content\/uploads\/2024\/10\/elementor\/thumbs\/Staff-Alma-Flores-qvbf8tyqioiw0pt1e2b6chve2l3nrwg7pp1201swbk.jpg 400w\" sizes=\"(max-width: 800px) 100vw, 800px\" \/>\t\t\t\t\t\t\t\t\t\t\t\t\t\t\t<\/div>\n\t\t\t\t<\/div>\n\t\t\t\t\t<\/div>\n\t\t<\/div>\n\t\t\t\t<div class=\"elementor-column elementor-col-66 elementor-top-column elementor-element elementor-element-7ecd4cdc\" data-id=\"7ecd4cdc\" data-element_type=\"column\" data-e-type=\"column\">\n\t\t\t<div class=\"elementor-widget-wrap elementor-element-populated\">\n\t\t\t\t\t\t<div class=\"elementor-element elementor-element-4675b628 elementor-widget elementor-widget-heading\" data-id=\"4675b628\" data-element_type=\"widget\" data-e-type=\"widget\" data-widget_type=\"heading.default\">\n\t\t\t\t<div class=\"elementor-widget-container\">\n\t\t\t\t\t<h1 class=\"elementor-heading-title elementor-size-default\">Alma Flores<\/h1>\t\t\t\t<\/div>\n\t\t\t\t<\/div>\n\t\t\t\t<div class=\"elementor-element elementor-element-2162eedf elementor-widget-divider--view-line elementor-widget elementor-widget-divider\" data-id=\"2162eedf\" data-element_type=\"widget\" data-e-type=\"widget\" data-widget_type=\"divider.default\">\n\t\t\t\t<div class=\"elementor-widget-container\">\n\t\t\t\t\t\t\t<div class=\"elementor-divider\">\n\t\t\t<span class=\"elementor-divider-separator\">\n\t\t\t\t\t\t<\/span>\n\t\t<\/div>\n\t\t\t\t\t\t<\/div>\n\t\t\t\t<\/div>\n\t\t\t\t<div class=\"elementor-element elementor-element-47ed518b elementor-widget elementor-widget-heading\" data-id=\"47ed518b\" data-element_type=\"widget\" data-e-type=\"widget\" data-widget_type=\"heading.default\">\n\t\t\t\t<div class=\"elementor-widget-container\">\n\t\t\t\t\t<h3 class=\"elementor-heading-title elementor-size-default\">Directora Ejecutiva<\/h3>\t\t\t\t<\/div>\n\t\t\t\t<\/div>\n\t\t\t\t<div class=\"elementor-element elementor-element-b568ab3 elementor-widget elementor-widget-text-editor\" data-id=\"b568ab3\" data-element_type=\"widget\" data-e-type=\"widget\" data-widget_type=\"text-editor.default\">\n\t\t\t\t<div class=\"elementor-widget-container\">\n\t\t\t\t\t\t\t\t\t<p>La trayectoria y experiencia profesional de Alma en el desarrollo econ\u00f3mico y comunitario han sido la combinaci\u00f3n perfecta de cualidades para liderar el Latino Economic Development Center (LEDC).<\/p><p>Nacida y criada en Los \u00c1ngeles, hija de padres inmigrantes de M\u00e9xico, Alma creci\u00f3 siendo biling\u00fce y bicultural. Curs\u00f3 la preparatoria en el Este de Los \u00c1ngeles y posteriormente asisti\u00f3 a UCLA. <\/p><p>Aunque inicialmente Alma pens\u00f3 en seguir una carrera en la medicina, no dejaba de pensar en c\u00f3mo su madre ayudaba a familias latinas a encontrar vivienda, empleo y otros apoyos en el sur de California. Con el tiempo, su enfoque se centr\u00f3 en las jornaleras latinas en su ciudad natal de Los \u00c1ngeles, y obtuvo su licenciatura en estudios chicanos\/as en UCLA. M\u00e1s adelante, obtuvo su maestr\u00eda en planificaci\u00f3n urbana en MIT, con \u00e9nfasis en vivienda, comunidad y desarrollo econ\u00f3mico. Su tesis final explor\u00f3 las redes sociales de mujeres inmigrantes dominicanas y c\u00f3mo obten\u00edan vivienda, cuidado infantil y empleo en Roxbury, Massachusetts.   <\/p><p>Tras concluir sus estudios, Alma trabaj\u00f3 para Jamaica Plain Neighborhood Development Corporation y Roxbury Community Development Corporation en desarrollo de microempresas y asistencia t\u00e9cnica. Posteriormente se desempe\u00f1\u00f3 como Administradora del Centro (Downtown Manager) para la Ciudad de Framingham, Massachusetts, donde supervis\u00f3 los esfuerzos de revitalizaci\u00f3n comercial del centro de la ciudad. Despu\u00e9s de mudarse a Oreg\u00f3n, Alma pas\u00f3 dos d\u00e9cadas trabajando para las ciudades de Portland, Beaverton y Milwaukie en pol\u00edticas econ\u00f3micas, gesti\u00f3n de planificaci\u00f3n y desarrollo comunitario. Al mudarse a Minnesota hace varios a\u00f1os, Alma se desempe\u00f1\u00f3 como directora de desarrollo comunitario y econ\u00f3mico para la Ciudad de Golden Valley antes de integrarse a LEDC.   <\/p><p>Alma est\u00e1 casada con su amor de la preparatoria y es madre de dos hijos. Adem\u00e1s, invierte tiempo en su comunidad como miembro de la junta directiva de Minnesota Catalyst Alliance y REACH CDC. <\/p>\t\t\t\t\t\t\t\t<\/div>\n\t\t\t\t<\/div>\n\t\t\t\t\t<\/div>\n\t\t<\/div>\n\t\t\t\t\t<\/div>\n\t\t<\/section>\n\t\t\t\t<\/div>\n\t\t","protected":false},"excerpt":{"rendered":"<p>Equipo Alma Flores Directora Ejecutiva La trayectoria y experiencia profesional de Alma en el desarrollo econ\u00f3mico y comunitario han sido la combinaci\u00f3n perfecta de cualidades para liderar el Latino Economic Development Center (LEDC). Nacida y criada en Los \u00c1ngeles, hija de padres inmigrantes de M\u00e9xico, Alma creci\u00f3 siendo biling\u00fce y bicultural. Curs\u00f3 la preparatoria en [&hellip;]<\/p>\n","protected":false},"author":1,"featured_media":0,"parent":0,"menu_order":0,"comment_status":"closed","ping_status":"closed","template":"elementor_header_footer","meta":{"_monsterinsights_skip_tracking":false,"_monsterinsights_sitenote_active":false,"_monsterinsights_sitenote_note":"","_monsterinsights_sitenote_category":0,"footnotes":""},"class_list":["post-8449","page","type-page","status-publish","hentry"],"_links":{"self":[{"href":"https:\/\/www.ledcmn.org\/es\/wp-json\/wp\/v2\/pages\/8449","targetHints":{"allow":["GET"]}}],"collection":[{"href":"https:\/\/www.ledcmn.org\/es\/wp-json\/wp\/v2\/pages"}],"about":[{"href":"https:\/\/www.ledcmn.org\/es\/wp-json\/wp\/v2\/types\/page"}],"author":[{"embeddable":true,"href":"https:\/\/www.ledcmn.org\/es\/wp-json\/wp\/v2\/users\/1"}],"replies":[{"embeddable":true,"href":"https:\/\/www.ledcmn.org\/es\/wp-json\/wp\/v2\/comments?post=8449"}],"version-history":[{"count":2,"href":"https:\/\/www.ledcmn.org\/es\/wp-json\/wp\/v2\/pages\/8449\/revisions"}],"predecessor-version":[{"id":10830,"href":"https:\/\/www.ledcmn.org\/es\/wp-json\/wp\/v2\/pages\/8449\/revisions\/10830"}],"wp:attachment":[{"href":"https:\/\/www.ledcmn.org\/es\/wp-json\/wp\/v2\/media?parent=8449"}],"curies":[{"name":"wp","href":"https:\/\/api.w.org\/{rel}","templated":true}]}}