{"id":7849,"date":"2024-07-03T11:06:07","date_gmt":"2024-07-03T16:06:07","guid":{"rendered":"https:\/\/www.ledcmn.org\/rene-moreno\/"},"modified":"2024-07-03T11:06:07","modified_gmt":"2024-07-03T16:06:07","slug":"rene-moreno","status":"publish","type":"page","link":"https:\/\/www.ledcmn.org\/es\/rene-moreno\/","title":{"rendered":"Ren\u00e9 Moreno"},"content":{"rendered":"\t\t<div data-elementor-type=\"wp-page\" data-elementor-id=\"7849\" class=\"elementor elementor-7849 elementor-7844\" data-elementor-post-type=\"page\">\n\t\t\t\t\t\t<section class=\"elementor-section elementor-top-section elementor-element elementor-element-f2dae49 elementor-section-height-min-height elementor-section-boxed elementor-section-height-default elementor-section-items-middle\" data-id=\"f2dae49\" data-element_type=\"section\" data-e-type=\"section\" data-settings=\"{&quot;background_background&quot;:&quot;classic&quot;,&quot;shape_divider_bottom&quot;:&quot;tilt&quot;}\">\n\t\t\t\t\t\t\t<div class=\"elementor-background-overlay\"><\/div>\n\t\t\t\t\t\t<div class=\"elementor-shape elementor-shape-bottom\" aria-hidden=\"true\" data-negative=\"false\">\n\t\t\t<svg xmlns=\"http:\/\/www.w3.org\/2000\/svg\" viewBox=\"0 0 1000 100\" preserveAspectRatio=\"none\">\n\t<path class=\"elementor-shape-fill\" d=\"M0,6V0h1000v100L0,6z\"\/>\n<\/svg>\t\t<\/div>\n\t\t\t\t\t<div class=\"elementor-container elementor-column-gap-default\">\n\t\t\t\t\t<div class=\"elementor-column elementor-col-100 elementor-top-column elementor-element elementor-element-0c60080\" data-id=\"0c60080\" data-element_type=\"column\" data-e-type=\"column\">\n\t\t\t<div class=\"elementor-widget-wrap elementor-element-populated\">\n\t\t\t\t\t\t<section class=\"elementor-section elementor-inner-section elementor-element elementor-element-6755a13 elementor-section-boxed elementor-section-height-default elementor-section-height-default\" data-id=\"6755a13\" data-element_type=\"section\" data-e-type=\"section\">\n\t\t\t\t\t\t<div class=\"elementor-container elementor-column-gap-default\">\n\t\t\t\t\t<div class=\"elementor-column elementor-col-50 elementor-inner-column elementor-element elementor-element-dba37b6 elementor-hidden-phone\" data-id=\"dba37b6\" data-element_type=\"column\" data-e-type=\"column\">\n\t\t\t<div class=\"elementor-widget-wrap\">\n\t\t\t\t\t\t\t<\/div>\n\t\t<\/div>\n\t\t\t\t<div class=\"elementor-column elementor-col-50 elementor-inner-column elementor-element elementor-element-7846398\" data-id=\"7846398\" data-element_type=\"column\" data-e-type=\"column\">\n\t\t\t<div class=\"elementor-widget-wrap elementor-element-populated\">\n\t\t\t\t\t\t<div class=\"elementor-element elementor-element-03744f4 elementor-widget elementor-widget-heading\" data-id=\"03744f4\" data-element_type=\"widget\" data-e-type=\"widget\" data-widget_type=\"heading.default\">\n\t\t\t\t<div class=\"elementor-widget-container\">\n\t\t\t\t\t<h2 class=\"elementor-heading-title elementor-size-default\">Equipo<\/h2>\t\t\t\t<\/div>\n\t\t\t\t<\/div>\n\t\t\t\t\t<\/div>\n\t\t<\/div>\n\t\t\t\t\t<\/div>\n\t\t<\/section>\n\t\t\t\t\t<\/div>\n\t\t<\/div>\n\t\t\t\t\t<\/div>\n\t\t<\/section>\n\t\t\t\t<section class=\"elementor-section elementor-top-section elementor-element elementor-element-5de1054 elementor-section-boxed elementor-section-height-default elementor-section-height-default elementor-invisible\" data-id=\"5de1054\" data-element_type=\"section\" data-e-type=\"section\" data-settings=\"{&quot;animation&quot;:&quot;slideInUp&quot;}\">\n\t\t\t\t\t\t<div class=\"elementor-container elementor-column-gap-wider\">\n\t\t\t\t\t<div class=\"elementor-column elementor-col-33 elementor-top-column elementor-element elementor-element-077e794\" data-id=\"077e794\" data-element_type=\"column\" data-e-type=\"column\">\n\t\t\t<div class=\"elementor-widget-wrap elementor-element-populated\">\n\t\t\t\t\t\t<div class=\"elementor-element elementor-element-1302169 elementor-widget elementor-widget-image\" data-id=\"1302169\" data-element_type=\"widget\" data-e-type=\"widget\" data-widget_type=\"image.default\">\n\t\t\t\t<div class=\"elementor-widget-container\">\n\t\t\t\t\t\t\t\t\t\t\t\t\t\t\t<img fetchpriority=\"high\" decoding=\"async\" width=\"800\" height=\"800\" src=\"https:\/\/www.ledcmn.org\/wp-content\/uploads\/2024\/06\/Staff-Rene-Moreno.jpg\" class=\"attachment-large size-large wp-image-7814\" alt=\"Photo Staff Rene Moreno\" srcset=\"https:\/\/www.ledcmn.org\/wp-content\/uploads\/2024\/06\/Staff-Rene-Moreno.jpg 850w, https:\/\/www.ledcmn.org\/wp-content\/uploads\/2024\/06\/Staff-Rene-Moreno-300x300.jpg 300w, https:\/\/www.ledcmn.org\/wp-content\/uploads\/2024\/06\/Staff-Rene-Moreno-150x150.jpg 150w, https:\/\/www.ledcmn.org\/wp-content\/uploads\/2024\/06\/Staff-Rene-Moreno-768x768.jpg 768w, https:\/\/www.ledcmn.org\/wp-content\/uploads\/2024\/06\/elementor\/thumbs\/Staff-Rene-Moreno-qq7479z9st29lhjj3ucbfdlq4vaxeqmtariyaw7m3k.jpg 400w\" sizes=\"(max-width: 800px) 100vw, 800px\" \/>\t\t\t\t\t\t\t\t\t\t\t\t\t\t\t<\/div>\n\t\t\t\t<\/div>\n\t\t\t\t\t<\/div>\n\t\t<\/div>\n\t\t\t\t<div class=\"elementor-column elementor-col-66 elementor-top-column elementor-element elementor-element-0b9dc23\" data-id=\"0b9dc23\" data-element_type=\"column\" data-e-type=\"column\">\n\t\t\t<div class=\"elementor-widget-wrap elementor-element-populated\">\n\t\t\t\t\t\t<div class=\"elementor-element elementor-element-778178d elementor-widget elementor-widget-heading\" data-id=\"778178d\" data-element_type=\"widget\" data-e-type=\"widget\" data-widget_type=\"heading.default\">\n\t\t\t\t<div class=\"elementor-widget-container\">\n\t\t\t\t\t<h1 class=\"elementor-heading-title elementor-size-default\">Ren\u00e9 Moreno<\/h1>\t\t\t\t<\/div>\n\t\t\t\t<\/div>\n\t\t\t\t<div class=\"elementor-element elementor-element-345c909 elementor-widget-divider--view-line elementor-widget elementor-widget-divider\" data-id=\"345c909\" data-element_type=\"widget\" data-e-type=\"widget\" data-widget_type=\"divider.default\">\n\t\t\t\t<div class=\"elementor-widget-container\">\n\t\t\t\t\t\t\t<div class=\"elementor-divider\">\n\t\t\t<span class=\"elementor-divider-separator\">\n\t\t\t\t\t\t<\/span>\n\t\t<\/div>\n\t\t\t\t\t\t<\/div>\n\t\t\t\t<\/div>\n\t\t\t\t<div class=\"elementor-element elementor-element-1b2804b elementor-widget elementor-widget-heading\" data-id=\"1b2804b\" data-element_type=\"widget\" data-e-type=\"widget\" data-widget_type=\"heading.default\">\n\t\t\t\t<div class=\"elementor-widget-container\">\n\t\t\t\t\t<h3 class=\"elementor-heading-title elementor-size-default\">Pr\u00e9stamos para Microempresas<\/h3>\t\t\t\t<\/div>\n\t\t\t\t<\/div>\n\t\t\t\t<div class=\"elementor-element elementor-element-a9a93d0 elementor-widget elementor-widget-text-editor\" data-id=\"a9a93d0\" data-element_type=\"widget\" data-e-type=\"widget\" data-widget_type=\"text-editor.default\">\n\t\t\t\t<div class=\"elementor-widget-container\">\n\t\t\t\t\t\t\t\t\t<p>Ren\u00e9 estudi\u00f3 comercio exterior, integraci\u00f3n y aduanas antes de comenzar su carrera en el Banco Pichincha de Ecuador, su pa\u00eds natal. All\u00ed destac\u00f3 en operaciones, donde dirigi\u00f3 el departamento de servicios del banco. Se incorpor\u00f3 a LEDC a principios de 2024.<\/p>\n<p>\u201cMe un\u00ed a LEDC despu\u00e9s de conocer su enfoque y c\u00f3mo impactan a la comunidad latina de muchas maneras diferentes. En LEDC no solo nos preocupamos por los objetivos financieros de nuestros clientes, sino que tambi\u00e9n nos preocupamos por cada individuo y su familia. Este es verdaderamente un ambiente familiar\u201d, dice.<\/p>\n<p>Ren\u00e9 es un aficionado al deporte, tanto como participante como espectador. Sus equipos son la selecci\u00f3n nacional de Ecuador, as\u00ed como el FC Barcelona.<\/p>\n<p>Tambi\u00e9n le gusta innovar, implementar cambios y, sobre todo, centrarse en el servicio comunitario. \u201cComo hijo de padres que construyeron su camino hacia los Estados Unidos, quiero ser un v\u00ednculo que ayude a cientos de familias como la m\u00eda a emprender sus propios viajes\u201d, dice. <\/p>\n\t\t\t\t\t\t\t\t<\/div>\n\t\t\t\t<\/div>\n\t\t\t\t\t<\/div>\n\t\t<\/div>\n\t\t\t\t\t<\/div>\n\t\t<\/section>\n\t\t\t\t<\/div>\n\t\t","protected":false},"excerpt":{"rendered":"<p>Equipo Ren\u00e9 Moreno Pr\u00e9stamos para Microempresas Ren\u00e9 estudi\u00f3 comercio exterior, integraci\u00f3n y aduanas antes de comenzar su carrera en el Banco Pichincha de Ecuador, su pa\u00eds natal. All\u00ed destac\u00f3 en operaciones, donde dirigi\u00f3 el departamento de servicios del banco. Se incorpor\u00f3 a LEDC a principios de 2024. \u201cMe un\u00ed a LEDC despu\u00e9s de conocer su [&hellip;]<\/p>\n","protected":false},"author":1,"featured_media":0,"parent":0,"menu_order":0,"comment_status":"closed","ping_status":"closed","template":"elementor_header_footer","meta":{"_monsterinsights_skip_tracking":false,"_monsterinsights_sitenote_active":false,"_monsterinsights_sitenote_note":"","_monsterinsights_sitenote_category":0,"footnotes":""},"class_list":["post-7849","page","type-page","status-publish","hentry"],"_links":{"self":[{"href":"https:\/\/www.ledcmn.org\/es\/wp-json\/wp\/v2\/pages\/7849","targetHints":{"allow":["GET"]}}],"collection":[{"href":"https:\/\/www.ledcmn.org\/es\/wp-json\/wp\/v2\/pages"}],"about":[{"href":"https:\/\/www.ledcmn.org\/es\/wp-json\/wp\/v2\/types\/page"}],"author":[{"embeddable":true,"href":"https:\/\/www.ledcmn.org\/es\/wp-json\/wp\/v2\/users\/1"}],"replies":[{"embeddable":true,"href":"https:\/\/www.ledcmn.org\/es\/wp-json\/wp\/v2\/comments?post=7849"}],"version-history":[{"count":1,"href":"https:\/\/www.ledcmn.org\/es\/wp-json\/wp\/v2\/pages\/7849\/revisions"}],"predecessor-version":[{"id":7850,"href":"https:\/\/www.ledcmn.org\/es\/wp-json\/wp\/v2\/pages\/7849\/revisions\/7850"}],"wp:attachment":[{"href":"https:\/\/www.ledcmn.org\/es\/wp-json\/wp\/v2\/media?parent=7849"}],"curies":[{"name":"wp","href":"https:\/\/api.w.org\/{rel}","templated":true}]}}