{"id":7842,"date":"2024-07-03T11:02:42","date_gmt":"2024-07-03T16:02:42","guid":{"rendered":"https:\/\/www.ledcmn.org\/danny-carper-jacobo\/"},"modified":"2025-04-01T16:37:55","modified_gmt":"2025-04-01T21:37:55","slug":"danny-carper-jacobo","status":"publish","type":"page","link":"https:\/\/www.ledcmn.org\/es\/danny-carper-jacobo\/","title":{"rendered":"Danny Carper-Jacobo"},"content":{"rendered":"\t\t<div data-elementor-type=\"wp-page\" data-elementor-id=\"7842\" class=\"elementor elementor-7842 elementor-7837\" data-elementor-post-type=\"page\">\n\t\t\t\t\t\t<section class=\"elementor-section elementor-top-section elementor-element elementor-element-7fdf9872 elementor-section-height-min-height elementor-section-boxed elementor-section-height-default elementor-section-items-middle\" data-id=\"7fdf9872\" data-element_type=\"section\" data-e-type=\"section\" data-settings=\"{&quot;background_background&quot;:&quot;classic&quot;,&quot;shape_divider_bottom&quot;:&quot;tilt&quot;}\">\n\t\t\t\t\t\t\t<div class=\"elementor-background-overlay\"><\/div>\n\t\t\t\t\t\t<div class=\"elementor-shape elementor-shape-bottom\" aria-hidden=\"true\" data-negative=\"false\">\n\t\t\t<svg xmlns=\"http:\/\/www.w3.org\/2000\/svg\" viewBox=\"0 0 1000 100\" preserveAspectRatio=\"none\">\n\t<path class=\"elementor-shape-fill\" d=\"M0,6V0h1000v100L0,6z\"\/>\n<\/svg>\t\t<\/div>\n\t\t\t\t\t<div class=\"elementor-container elementor-column-gap-default\">\n\t\t\t\t\t<div class=\"elementor-column elementor-col-100 elementor-top-column elementor-element elementor-element-5b404ec1\" data-id=\"5b404ec1\" data-element_type=\"column\" data-e-type=\"column\">\n\t\t\t<div class=\"elementor-widget-wrap elementor-element-populated\">\n\t\t\t\t\t\t<section class=\"elementor-section elementor-inner-section elementor-element elementor-element-65b8734a elementor-section-boxed elementor-section-height-default elementor-section-height-default\" data-id=\"65b8734a\" data-element_type=\"section\" data-e-type=\"section\">\n\t\t\t\t\t\t<div class=\"elementor-container elementor-column-gap-default\">\n\t\t\t\t\t<div class=\"elementor-column elementor-col-50 elementor-inner-column elementor-element elementor-element-2d2ddc98 elementor-hidden-phone\" data-id=\"2d2ddc98\" data-element_type=\"column\" data-e-type=\"column\">\n\t\t\t<div class=\"elementor-widget-wrap\">\n\t\t\t\t\t\t\t<\/div>\n\t\t<\/div>\n\t\t\t\t<div class=\"elementor-column elementor-col-50 elementor-inner-column elementor-element elementor-element-5137ca06\" data-id=\"5137ca06\" data-element_type=\"column\" data-e-type=\"column\">\n\t\t\t<div class=\"elementor-widget-wrap elementor-element-populated\">\n\t\t\t\t\t\t<div class=\"elementor-element elementor-element-6e48ecae elementor-widget elementor-widget-heading\" data-id=\"6e48ecae\" data-element_type=\"widget\" data-e-type=\"widget\" data-widget_type=\"heading.default\">\n\t\t\t\t<div class=\"elementor-widget-container\">\n\t\t\t\t\t<h2 class=\"elementor-heading-title elementor-size-default\">Equipo<\/h2>\t\t\t\t<\/div>\n\t\t\t\t<\/div>\n\t\t\t\t\t<\/div>\n\t\t<\/div>\n\t\t\t\t\t<\/div>\n\t\t<\/section>\n\t\t\t\t\t<\/div>\n\t\t<\/div>\n\t\t\t\t\t<\/div>\n\t\t<\/section>\n\t\t\t\t<section class=\"elementor-section elementor-top-section elementor-element elementor-element-2b2de22d elementor-section-boxed elementor-section-height-default elementor-section-height-default elementor-invisible\" data-id=\"2b2de22d\" data-element_type=\"section\" data-e-type=\"section\" data-settings=\"{&quot;animation&quot;:&quot;slideInUp&quot;}\">\n\t\t\t\t\t\t<div class=\"elementor-container elementor-column-gap-wider\">\n\t\t\t\t\t<div class=\"elementor-column elementor-col-33 elementor-top-column elementor-element elementor-element-1486f12c\" data-id=\"1486f12c\" data-element_type=\"column\" data-e-type=\"column\">\n\t\t\t<div class=\"elementor-widget-wrap elementor-element-populated\">\n\t\t\t\t\t\t<div class=\"elementor-element elementor-element-45451d43 elementor-widget elementor-widget-image\" data-id=\"45451d43\" data-element_type=\"widget\" data-e-type=\"widget\" data-widget_type=\"image.default\">\n\t\t\t\t<div class=\"elementor-widget-container\">\n\t\t\t\t\t\t\t\t\t\t\t\t\t\t\t<img fetchpriority=\"high\" decoding=\"async\" width=\"800\" height=\"800\" src=\"https:\/\/www.ledcmn.org\/wp-content\/uploads\/2024\/06\/Staff-Danny-Carper-Jacobo.jpg\" class=\"attachment-large size-large wp-image-7808\" alt=\"Photo Staff Danny Carper-Jacobo\" srcset=\"https:\/\/www.ledcmn.org\/wp-content\/uploads\/2024\/06\/Staff-Danny-Carper-Jacobo.jpg 850w, https:\/\/www.ledcmn.org\/wp-content\/uploads\/2024\/06\/Staff-Danny-Carper-Jacobo-300x300.jpg 300w, https:\/\/www.ledcmn.org\/wp-content\/uploads\/2024\/06\/Staff-Danny-Carper-Jacobo-150x150.jpg 150w, https:\/\/www.ledcmn.org\/wp-content\/uploads\/2024\/06\/Staff-Danny-Carper-Jacobo-768x768.jpg 768w, https:\/\/www.ledcmn.org\/wp-content\/uploads\/2024\/06\/elementor\/thumbs\/Staff-Danny-Carper-Jacobo-qq74783lf4zoy9m9etj2ae2sy3k6zcfcmi7zccaeg0.jpg 400w\" sizes=\"(max-width: 800px) 100vw, 800px\" \/>\t\t\t\t\t\t\t\t\t\t\t\t\t\t\t<\/div>\n\t\t\t\t<\/div>\n\t\t\t\t\t<\/div>\n\t\t<\/div>\n\t\t\t\t<div class=\"elementor-column elementor-col-66 elementor-top-column elementor-element elementor-element-9b83e65\" data-id=\"9b83e65\" data-element_type=\"column\" data-e-type=\"column\">\n\t\t\t<div class=\"elementor-widget-wrap elementor-element-populated\">\n\t\t\t\t\t\t<div class=\"elementor-element elementor-element-c315de0 elementor-widget elementor-widget-heading\" data-id=\"c315de0\" data-element_type=\"widget\" data-e-type=\"widget\" data-widget_type=\"heading.default\">\n\t\t\t\t<div class=\"elementor-widget-container\">\n\t\t\t\t\t<h1 class=\"elementor-heading-title elementor-size-default\">Danny Carper-Jacobo<\/h1>\t\t\t\t<\/div>\n\t\t\t\t<\/div>\n\t\t\t\t<div class=\"elementor-element elementor-element-2663581a elementor-widget-divider--view-line elementor-widget elementor-widget-divider\" data-id=\"2663581a\" data-element_type=\"widget\" data-e-type=\"widget\" data-widget_type=\"divider.default\">\n\t\t\t\t<div class=\"elementor-widget-container\">\n\t\t\t\t\t\t\t<div class=\"elementor-divider\">\n\t\t\t<span class=\"elementor-divider-separator\">\n\t\t\t\t\t\t<\/span>\n\t\t<\/div>\n\t\t\t\t\t\t<\/div>\n\t\t\t\t<\/div>\n\t\t\t\t<div class=\"elementor-element elementor-element-4396a2ab elementor-widget elementor-widget-heading\" data-id=\"4396a2ab\" data-element_type=\"widget\" data-e-type=\"widget\" data-widget_type=\"heading.default\">\n\t\t\t\t<div class=\"elementor-widget-container\">\n\t\t\t\t\t<h3 class=\"elementor-heading-title elementor-size-default\">Asociado de Desarrollo de Negocios<\/h3>\t\t\t\t<\/div>\n\t\t\t\t<\/div>\n\t\t\t\t<div class=\"elementor-element elementor-element-2f404507 elementor-widget elementor-widget-text-editor\" data-id=\"2f404507\" data-element_type=\"widget\" data-e-type=\"widget\" data-widget_type=\"text-editor.default\">\n\t\t\t\t<div class=\"elementor-widget-container\">\n\t\t\t\t\t\t\t\t\t<p>Antes de comenzar en LEDC, Danny obtuvo una licenciatura en ciencias ambientales de la Universidad de Northern Iowa. Posteriormente, trabaj\u00f3 como t\u00e9cnico ambiental en la Refiner\u00eda Pine Bend en Rosemont, Minnesota, donde colabor\u00f3 con una empresa externa para garantizar el cumplimiento de los est\u00e1ndares regulatorios de la EPA.<\/p>\n<p>En LEDC, a Danny le gusta \u201ctrabajar con la gente, ya sea nuestro equipo o la gente de nuestra comunidad\u201d, dice. \u00abTodos compartimos valores comunes y es reconfortante estar rodeado de personas con ideas afines\u00bb.<\/p>\n<p>Cuando no est\u00e1 en el trabajo, Danny, quien naci\u00f3 y se cri\u00f3 en Iowa y cuyas ra\u00edces est\u00e1n en Michoac\u00e1n y Zacatecas, M\u00e9xico, disfruta de explorar nuevos restaurantes, jugar juegos de mesa y ver partidos de <em>f\u00fatbol<\/em>, especialmente los del FC Barcelona y del Minnesota United FC.<\/p>\n<p>Enlace de Calendly: <a href=\"https:\/\/calendly.com\/danny-agteam\">https:\/\/calendly.com\/danny-agteam<\/a><\/p>\n\t\t\t\t\t\t\t\t<\/div>\n\t\t\t\t<\/div>\n\t\t\t\t\t<\/div>\n\t\t<\/div>\n\t\t\t\t\t<\/div>\n\t\t<\/section>\n\t\t\t\t<\/div>\n\t\t","protected":false},"excerpt":{"rendered":"<p>Equipo Danny Carper-Jacobo Asociado de Desarrollo de Negocios Antes de comenzar en LEDC, Danny obtuvo una licenciatura en ciencias ambientales de la Universidad de Northern Iowa. Posteriormente, trabaj\u00f3 como t\u00e9cnico ambiental en la Refiner\u00eda Pine Bend en Rosemont, Minnesota, donde colabor\u00f3 con una empresa externa para garantizar el cumplimiento de los est\u00e1ndares regulatorios de la [&hellip;]<\/p>\n","protected":false},"author":1,"featured_media":0,"parent":0,"menu_order":0,"comment_status":"closed","ping_status":"closed","template":"elementor_header_footer","meta":{"_monsterinsights_skip_tracking":false,"_monsterinsights_sitenote_active":false,"_monsterinsights_sitenote_note":"","_monsterinsights_sitenote_category":0,"footnotes":""},"class_list":["post-7842","page","type-page","status-publish","hentry"],"_links":{"self":[{"href":"https:\/\/www.ledcmn.org\/es\/wp-json\/wp\/v2\/pages\/7842","targetHints":{"allow":["GET"]}}],"collection":[{"href":"https:\/\/www.ledcmn.org\/es\/wp-json\/wp\/v2\/pages"}],"about":[{"href":"https:\/\/www.ledcmn.org\/es\/wp-json\/wp\/v2\/types\/page"}],"author":[{"embeddable":true,"href":"https:\/\/www.ledcmn.org\/es\/wp-json\/wp\/v2\/users\/1"}],"replies":[{"embeddable":true,"href":"https:\/\/www.ledcmn.org\/es\/wp-json\/wp\/v2\/comments?post=7842"}],"version-history":[{"count":2,"href":"https:\/\/www.ledcmn.org\/es\/wp-json\/wp\/v2\/pages\/7842\/revisions"}],"predecessor-version":[{"id":9253,"href":"https:\/\/www.ledcmn.org\/es\/wp-json\/wp\/v2\/pages\/7842\/revisions\/9253"}],"wp:attachment":[{"href":"https:\/\/www.ledcmn.org\/es\/wp-json\/wp\/v2\/media?parent=7842"}],"curies":[{"name":"wp","href":"https:\/\/api.w.org\/{rel}","templated":true}]}}