{"id":6412,"date":"2022-12-13T11:26:25","date_gmt":"2022-12-13T17:26:25","guid":{"rendered":"https:\/\/www.ledcmn.org\/?page_id=6412"},"modified":"2025-11-25T13:19:21","modified_gmt":"2025-11-25T19:19:21","slug":"carlos-lopez","status":"publish","type":"page","link":"https:\/\/www.ledcmn.org\/es\/carlos-lopez\/","title":{"rendered":"Carlos Lopez"},"content":{"rendered":"\t\t<div data-elementor-type=\"wp-page\" data-elementor-id=\"6412\" class=\"elementor elementor-6412 elementor-6391\" data-elementor-post-type=\"page\">\n\t\t\t\t\t\t<section class=\"elementor-section elementor-top-section elementor-element elementor-element-3dae4694 elementor-section-height-min-height elementor-section-boxed elementor-section-height-default elementor-section-items-middle\" data-id=\"3dae4694\" data-element_type=\"section\" data-e-type=\"section\" data-settings=\"{&quot;background_background&quot;:&quot;classic&quot;,&quot;shape_divider_bottom&quot;:&quot;tilt&quot;}\">\n\t\t\t\t\t\t\t<div class=\"elementor-background-overlay\"><\/div>\n\t\t\t\t\t\t<div class=\"elementor-shape elementor-shape-bottom\" aria-hidden=\"true\" data-negative=\"false\">\n\t\t\t<svg xmlns=\"http:\/\/www.w3.org\/2000\/svg\" viewBox=\"0 0 1000 100\" preserveAspectRatio=\"none\">\n\t<path class=\"elementor-shape-fill\" d=\"M0,6V0h1000v100L0,6z\"\/>\n<\/svg>\t\t<\/div>\n\t\t\t\t\t<div class=\"elementor-container elementor-column-gap-default\">\n\t\t\t\t\t<div class=\"elementor-column elementor-col-100 elementor-top-column elementor-element elementor-element-5f55d951\" data-id=\"5f55d951\" data-element_type=\"column\" data-e-type=\"column\">\n\t\t\t<div class=\"elementor-widget-wrap elementor-element-populated\">\n\t\t\t\t\t\t<section class=\"elementor-section elementor-inner-section elementor-element elementor-element-47b56cc1 elementor-section-boxed elementor-section-height-default elementor-section-height-default\" data-id=\"47b56cc1\" data-element_type=\"section\" data-e-type=\"section\">\n\t\t\t\t\t\t<div class=\"elementor-container elementor-column-gap-default\">\n\t\t\t\t\t<div class=\"elementor-column elementor-col-50 elementor-inner-column elementor-element elementor-element-3c6d8dbc elementor-hidden-phone\" data-id=\"3c6d8dbc\" data-element_type=\"column\" data-e-type=\"column\">\n\t\t\t<div class=\"elementor-widget-wrap\">\n\t\t\t\t\t\t\t<\/div>\n\t\t<\/div>\n\t\t\t\t<div class=\"elementor-column elementor-col-50 elementor-inner-column elementor-element elementor-element-5af09fca\" data-id=\"5af09fca\" data-element_type=\"column\" data-e-type=\"column\">\n\t\t\t<div class=\"elementor-widget-wrap elementor-element-populated\">\n\t\t\t\t\t\t<div class=\"elementor-element elementor-element-4116f8e0 elementor-widget elementor-widget-heading\" data-id=\"4116f8e0\" data-element_type=\"widget\" data-e-type=\"widget\" data-widget_type=\"heading.default\">\n\t\t\t\t<div class=\"elementor-widget-container\">\n\t\t\t\t\t<h2 class=\"elementor-heading-title elementor-size-default\">Miembro de la Junta Directiva<\/h2>\t\t\t\t<\/div>\n\t\t\t\t<\/div>\n\t\t\t\t\t<\/div>\n\t\t<\/div>\n\t\t\t\t\t<\/div>\n\t\t<\/section>\n\t\t\t\t\t<\/div>\n\t\t<\/div>\n\t\t\t\t\t<\/div>\n\t\t<\/section>\n\t\t\t\t<section class=\"elementor-section elementor-top-section elementor-element elementor-element-6cda5772 elementor-section-boxed elementor-section-height-default elementor-section-height-default elementor-invisible\" data-id=\"6cda5772\" data-element_type=\"section\" data-e-type=\"section\" data-settings=\"{&quot;animation&quot;:&quot;slideInUp&quot;}\">\n\t\t\t\t\t\t<div class=\"elementor-container elementor-column-gap-wider\">\n\t\t\t\t\t<div class=\"elementor-column elementor-col-33 elementor-top-column elementor-element elementor-element-74795c7\" data-id=\"74795c7\" data-element_type=\"column\" data-e-type=\"column\">\n\t\t\t<div class=\"elementor-widget-wrap elementor-element-populated\">\n\t\t\t\t\t\t<div class=\"elementor-element elementor-element-6789aee5 elementor-widget elementor-widget-image\" data-id=\"6789aee5\" data-element_type=\"widget\" data-e-type=\"widget\" data-widget_type=\"image.default\">\n\t\t\t\t<div class=\"elementor-widget-container\">\n\t\t\t\t\t\t\t\t\t\t\t\t\t\t\t<img fetchpriority=\"high\" decoding=\"async\" width=\"800\" height=\"800\" src=\"https:\/\/www.ledcmn.org\/wp-content\/uploads\/2022\/12\/board-Carlos-Lopez-1024x1024.jpg\" class=\"attachment-large size-large wp-image-6394\" alt=\"\" srcset=\"https:\/\/www.ledcmn.org\/wp-content\/uploads\/2022\/12\/board-Carlos-Lopez-1024x1024.jpg 1024w, https:\/\/www.ledcmn.org\/wp-content\/uploads\/2022\/12\/board-Carlos-Lopez-300x300.jpg 300w, https:\/\/www.ledcmn.org\/wp-content\/uploads\/2022\/12\/board-Carlos-Lopez-150x150.jpg 150w, https:\/\/www.ledcmn.org\/wp-content\/uploads\/2022\/12\/board-Carlos-Lopez-768x768.jpg 768w, https:\/\/www.ledcmn.org\/wp-content\/uploads\/2022\/12\/elementor\/thumbs\/board-Carlos-Lopez-pyl2v3fm8vkdk6ritlrlcvissqwrzoddbhcjno7t7k.jpg 400w, https:\/\/www.ledcmn.org\/wp-content\/uploads\/2022\/12\/board-Carlos-Lopez.jpg 1280w\" sizes=\"(max-width: 800px) 100vw, 800px\" \/>\t\t\t\t\t\t\t\t\t\t\t\t\t\t\t<\/div>\n\t\t\t\t<\/div>\n\t\t\t\t\t<\/div>\n\t\t<\/div>\n\t\t\t\t<div class=\"elementor-column elementor-col-66 elementor-top-column elementor-element elementor-element-670d07da\" data-id=\"670d07da\" data-element_type=\"column\" data-e-type=\"column\">\n\t\t\t<div class=\"elementor-widget-wrap elementor-element-populated\">\n\t\t\t\t\t\t<div class=\"elementor-element elementor-element-116e98d6 elementor-widget elementor-widget-heading\" data-id=\"116e98d6\" data-element_type=\"widget\" data-e-type=\"widget\" data-widget_type=\"heading.default\">\n\t\t\t\t<div class=\"elementor-widget-container\">\n\t\t\t\t\t<h1 class=\"elementor-heading-title elementor-size-default\">Carlos L\u00f3pez<\/h1>\t\t\t\t<\/div>\n\t\t\t\t<\/div>\n\t\t\t\t<div class=\"elementor-element elementor-element-5902f86 elementor-icon-list--layout-traditional elementor-list-item-link-full_width elementor-widget elementor-widget-icon-list\" data-id=\"5902f86\" data-element_type=\"widget\" data-e-type=\"widget\" data-widget_type=\"icon-list.default\">\n\t\t\t\t<div class=\"elementor-widget-container\">\n\t\t\t\t\t\t\t<ul class=\"elementor-icon-list-items\">\n\t\t\t\t\t\t\t<li class=\"elementor-icon-list-item\">\n\t\t\t\t\t\t\t\t\t\t\t<span class=\"elementor-icon-list-icon\">\n\t\t\t\t\t\t\t<i aria-hidden=\"true\" class=\"fas fa-chevron-right\"><\/i>\t\t\t\t\t\t<\/span>\n\t\t\t\t\t\t\t\t\t\t<span class=\"elementor-icon-list-text\">Presidente y CEO de Casa Travel and Technologies<\/span>\n\t\t\t\t\t\t\t\t\t<\/li>\n\t\t\t\t\t\t\t\t<li class=\"elementor-icon-list-item\">\n\t\t\t\t\t\t\t\t\t\t\t<span class=\"elementor-icon-list-icon\">\n\t\t\t\t\t\t\t<i aria-hidden=\"true\" class=\"fas fa-chevron-right\"><\/i>\t\t\t\t\t\t<\/span>\n\t\t\t\t\t\t\t\t\t\t<span class=\"elementor-icon-list-text\">Presidente de la Junta Directiva<\/span>\n\t\t\t\t\t\t\t\t\t<\/li>\n\t\t\t\t\t\t\t\t<li class=\"elementor-icon-list-item\">\n\t\t\t\t\t\t\t\t\t\t\t<span class=\"elementor-icon-list-icon\">\n\t\t\t\t\t\t\t<i aria-hidden=\"true\" class=\"fas fa-chevron-right\"><\/i>\t\t\t\t\t\t<\/span>\n\t\t\t\t\t\t\t\t\t\t<span class=\"elementor-icon-list-text\">Presidente del Comit\u00e9 Ejecutivo<\/span>\n\t\t\t\t\t\t\t\t\t<\/li>\n\t\t\t\t\t\t<\/ul>\n\t\t\t\t\t\t<\/div>\n\t\t\t\t<\/div>\n\t\t\t\t<div class=\"elementor-element elementor-element-7773dd56 elementor-widget-divider--view-line elementor-widget elementor-widget-divider\" data-id=\"7773dd56\" data-element_type=\"widget\" data-e-type=\"widget\" data-widget_type=\"divider.default\">\n\t\t\t\t<div class=\"elementor-widget-container\">\n\t\t\t\t\t\t\t<div class=\"elementor-divider\">\n\t\t\t<span class=\"elementor-divider-separator\">\n\t\t\t\t\t\t<\/span>\n\t\t<\/div>\n\t\t\t\t\t\t<\/div>\n\t\t\t\t<\/div>\n\t\t\t\t<div class=\"elementor-element elementor-element-3c386b23 elementor-widget elementor-widget-text-editor\" data-id=\"3c386b23\" data-element_type=\"widget\" data-e-type=\"widget\" data-widget_type=\"text-editor.default\">\n\t\t\t\t<div class=\"elementor-widget-container\">\n\t\t\t\t\t\t\t\t\t<p>El Sr. L\u00f3pez es un ejecutivo destacado con una s\u00f3lida trayectoria en la gesti\u00f3n de operaciones tanto a nivel nacional como internacional. Reconocido como un l\u00edder en la industria, ha recibido reconocimientos como los premios \u201c40 Under Forty\u201d de Minnesota y \u201c25 on the Rise\u201d otorgados por el Minneapolis\/St.  Paul Business Diario de Negocios y El Bolet\u00edn de Negocios de las Ciudades Gemelas.<\/p><p>A lo largo de los a\u00f1os, ha formado parte de m\u00faltiples juntas directivas, incluyendo la de St. Mary\u2019s University of Minnesota, aportando visi\u00f3n estrat\u00e9gica y liderazgo a organizaciones comprometidas con la educaci\u00f3n, el desarrollo econ\u00f3mico y el impacto comunitario.<\/p><p>Apasionado por la mentor\u00eda, el Sr. L\u00f3pez apoya activamente a emprendedores que operan en mercados hispanos en los Estados Unidos. Habiendo recibido apoyo en su propio camino, est\u00e1 profundamente comprometido en brindar a los nuevos emprendedores las herramientas, orientaci\u00f3n y mentor\u00eda necesarias para alcanzar el \u00e9xito.<\/p><p>Antes de integrarse a la junta directiva de LEDC, el Sr. L\u00f3pez se sinti\u00f3 inmediatamente atra\u00eddo por la organizaci\u00f3n tras interactuar con sus miembros, l\u00edderes y comunidad. Qued\u00f3 claro que la misi\u00f3n y visi\u00f3n de LEDC no solo estaban bien definidas, sino que tambi\u00e9n eran vividas activamente por quienes cre\u00edan en ellas. Inspirado por la dedicaci\u00f3n de sus colegas y predecesores, el Sr. L\u00f3pez est\u00e1 comprometido a generar un impacto significativo y a contribuir al avance de los objetivos de LEDC y de las comunidades a las que sirve.  <\/p>\t\t\t\t\t\t\t\t<\/div>\n\t\t\t\t<\/div>\n\t\t\t\t\t<\/div>\n\t\t<\/div>\n\t\t\t\t\t<\/div>\n\t\t<\/section>\n\t\t\t\t<\/div>\n\t\t","protected":false},"excerpt":{"rendered":"<p>Miembro de la Junta Directiva Carlos L\u00f3pez Presidente y CEO de Casa Travel and Technologies Presidente de la Junta Directiva Presidente del Comit\u00e9 Ejecutivo El Sr. L\u00f3pez es un ejecutivo destacado con una s\u00f3lida trayectoria en la gesti\u00f3n de operaciones tanto a nivel nacional como internacional. Reconocido como un l\u00edder en la industria, ha recibido [&hellip;]<\/p>\n","protected":false},"author":1,"featured_media":0,"parent":0,"menu_order":0,"comment_status":"closed","ping_status":"closed","template":"elementor_header_footer","meta":{"_monsterinsights_skip_tracking":false,"_monsterinsights_sitenote_active":false,"_monsterinsights_sitenote_note":"","_monsterinsights_sitenote_category":0,"footnotes":""},"class_list":["post-6412","page","type-page","status-publish","hentry"],"_links":{"self":[{"href":"https:\/\/www.ledcmn.org\/es\/wp-json\/wp\/v2\/pages\/6412","targetHints":{"allow":["GET"]}}],"collection":[{"href":"https:\/\/www.ledcmn.org\/es\/wp-json\/wp\/v2\/pages"}],"about":[{"href":"https:\/\/www.ledcmn.org\/es\/wp-json\/wp\/v2\/types\/page"}],"author":[{"embeddable":true,"href":"https:\/\/www.ledcmn.org\/es\/wp-json\/wp\/v2\/users\/1"}],"replies":[{"embeddable":true,"href":"https:\/\/www.ledcmn.org\/es\/wp-json\/wp\/v2\/comments?post=6412"}],"version-history":[{"count":6,"href":"https:\/\/www.ledcmn.org\/es\/wp-json\/wp\/v2\/pages\/6412\/revisions"}],"predecessor-version":[{"id":10264,"href":"https:\/\/www.ledcmn.org\/es\/wp-json\/wp\/v2\/pages\/6412\/revisions\/10264"}],"wp:attachment":[{"href":"https:\/\/www.ledcmn.org\/es\/wp-json\/wp\/v2\/media?parent=6412"}],"curies":[{"name":"wp","href":"https:\/\/api.w.org\/{rel}","templated":true}]}}