{"id":4376,"date":"2022-05-13T12:44:49","date_gmt":"2022-05-13T17:44:49","guid":{"rendered":"https:\/\/www.ledcmn.org\/dennis-de-la-torre\/"},"modified":"2023-05-23T10:26:49","modified_gmt":"2023-05-23T15:26:49","slug":"dennis-de-la-torre","status":"publish","type":"page","link":"https:\/\/www.ledcmn.org\/es\/dennis-de-la-torre\/","title":{"rendered":"Dennis De La Torre"},"content":{"rendered":"\t\t<div data-elementor-type=\"wp-page\" data-elementor-id=\"4376\" class=\"elementor elementor-4376 elementor-4372\" data-elementor-post-type=\"page\">\n\t\t\t\t\t\t<section class=\"elementor-section elementor-top-section elementor-element elementor-element-6d34a125 elementor-section-height-min-height elementor-section-boxed elementor-section-height-default elementor-section-items-middle\" data-id=\"6d34a125\" data-element_type=\"section\" data-e-type=\"section\" data-settings=\"{&quot;background_background&quot;:&quot;classic&quot;,&quot;shape_divider_bottom&quot;:&quot;tilt&quot;}\">\n\t\t\t\t\t\t\t<div class=\"elementor-background-overlay\"><\/div>\n\t\t\t\t\t\t<div class=\"elementor-shape elementor-shape-bottom\" aria-hidden=\"true\" data-negative=\"false\">\n\t\t\t<svg xmlns=\"http:\/\/www.w3.org\/2000\/svg\" viewBox=\"0 0 1000 100\" preserveAspectRatio=\"none\">\n\t<path class=\"elementor-shape-fill\" d=\"M0,6V0h1000v100L0,6z\"\/>\n<\/svg>\t\t<\/div>\n\t\t\t\t\t<div class=\"elementor-container elementor-column-gap-default\">\n\t\t\t\t\t<div class=\"elementor-column elementor-col-100 elementor-top-column elementor-element elementor-element-22d63c4b\" data-id=\"22d63c4b\" data-element_type=\"column\" data-e-type=\"column\">\n\t\t\t<div class=\"elementor-widget-wrap elementor-element-populated\">\n\t\t\t\t\t\t<section class=\"elementor-section elementor-inner-section elementor-element elementor-element-60871dbd elementor-section-boxed elementor-section-height-default elementor-section-height-default\" data-id=\"60871dbd\" data-element_type=\"section\" data-e-type=\"section\">\n\t\t\t\t\t\t<div class=\"elementor-container elementor-column-gap-default\">\n\t\t\t\t\t<div class=\"elementor-column elementor-col-50 elementor-inner-column elementor-element elementor-element-546af219 elementor-hidden-phone\" data-id=\"546af219\" data-element_type=\"column\" data-e-type=\"column\">\n\t\t\t<div class=\"elementor-widget-wrap\">\n\t\t\t\t\t\t\t<\/div>\n\t\t<\/div>\n\t\t\t\t<div class=\"elementor-column elementor-col-50 elementor-inner-column elementor-element elementor-element-7282ab83\" data-id=\"7282ab83\" data-element_type=\"column\" data-e-type=\"column\">\n\t\t\t<div class=\"elementor-widget-wrap elementor-element-populated\">\n\t\t\t\t\t\t<div class=\"elementor-element elementor-element-3a58fd0 elementor-widget elementor-widget-heading\" data-id=\"3a58fd0\" data-element_type=\"widget\" data-e-type=\"widget\" data-widget_type=\"heading.default\">\n\t\t\t\t<div class=\"elementor-widget-container\">\n\t\t\t\t\t<h2 class=\"elementor-heading-title elementor-size-default\">Equipo<\/h2>\t\t\t\t<\/div>\n\t\t\t\t<\/div>\n\t\t\t\t\t<\/div>\n\t\t<\/div>\n\t\t\t\t\t<\/div>\n\t\t<\/section>\n\t\t\t\t\t<\/div>\n\t\t<\/div>\n\t\t\t\t\t<\/div>\n\t\t<\/section>\n\t\t\t\t<section class=\"elementor-section elementor-top-section elementor-element elementor-element-4076152c elementor-section-boxed elementor-section-height-default elementor-section-height-default elementor-invisible\" data-id=\"4076152c\" data-element_type=\"section\" data-e-type=\"section\" data-settings=\"{&quot;animation&quot;:&quot;slideInUp&quot;}\">\n\t\t\t\t\t\t<div class=\"elementor-container elementor-column-gap-wider\">\n\t\t\t\t\t<div class=\"elementor-column elementor-col-33 elementor-top-column elementor-element elementor-element-623cef22\" data-id=\"623cef22\" data-element_type=\"column\" data-e-type=\"column\">\n\t\t\t<div class=\"elementor-widget-wrap elementor-element-populated\">\n\t\t\t\t\t\t<div class=\"elementor-element elementor-element-34444139 elementor-widget elementor-widget-image\" data-id=\"34444139\" data-element_type=\"widget\" data-e-type=\"widget\" data-widget_type=\"image.default\">\n\t\t\t\t<div class=\"elementor-widget-container\">\n\t\t\t\t\t\t\t\t\t\t\t\t\t\t\t<img fetchpriority=\"high\" decoding=\"async\" width=\"800\" height=\"800\" src=\"https:\/\/www.ledcmn.org\/wp-content\/uploads\/2022\/11\/Staff-Dennis-1024x1024.jpg\" class=\"attachment-large size-large wp-image-6354\" alt=\"\" srcset=\"https:\/\/www.ledcmn.org\/wp-content\/uploads\/2022\/11\/Staff-Dennis-1024x1024.jpg 1024w, https:\/\/www.ledcmn.org\/wp-content\/uploads\/2022\/11\/Staff-Dennis-300x300.jpg 300w, https:\/\/www.ledcmn.org\/wp-content\/uploads\/2022\/11\/Staff-Dennis-150x150.jpg 150w, https:\/\/www.ledcmn.org\/wp-content\/uploads\/2022\/11\/Staff-Dennis-768x768.jpg 768w, https:\/\/www.ledcmn.org\/wp-content\/uploads\/2022\/11\/elementor\/thumbs\/Staff-Dennis-pxwt9tg6zbvjlwleihbznzolrse8i6x4s0essedgo0.jpg 400w, https:\/\/www.ledcmn.org\/wp-content\/uploads\/2022\/11\/Staff-Dennis.jpg 1280w\" sizes=\"(max-width: 800px) 100vw, 800px\" \/>\t\t\t\t\t\t\t\t\t\t\t\t\t\t\t<\/div>\n\t\t\t\t<\/div>\n\t\t\t\t<div class=\"elementor-element elementor-element-102f3c49 elementor-tablet-align-start elementor-mobile-align-center elementor-icon-list--layout-traditional elementor-list-item-link-full_width elementor-widget elementor-widget-icon-list\" data-id=\"102f3c49\" data-element_type=\"widget\" data-e-type=\"widget\" data-widget_type=\"icon-list.default\">\n\t\t\t\t<div class=\"elementor-widget-container\">\n\t\t\t\t\t\t\t<ul class=\"elementor-icon-list-items\">\n\t\t\t\t\t\t\t<li class=\"elementor-icon-list-item\">\n\t\t\t\t\t\t\t\t\t\t\t<span class=\"elementor-icon-list-icon\">\n\t\t\t\t\t\t\t<i aria-hidden=\"true\" class=\"fas fa-phone\"><\/i>\t\t\t\t\t\t<\/span>\n\t\t\t\t\t\t\t\t\t\t<span class=\"elementor-icon-list-text\">(612) 230-6798 ext. 182<\/span>\n\t\t\t\t\t\t\t\t\t<\/li>\n\t\t\t\t\t\t\t\t<li class=\"elementor-icon-list-item\">\n\t\t\t\t\t\t\t\t\t\t\t<span class=\"elementor-icon-list-icon\">\n\t\t\t\t\t\t\t<i aria-hidden=\"true\" class=\"fas fa-envelope\"><\/i>\t\t\t\t\t\t<\/span>\n\t\t\t\t\t\t\t\t\t\t<span class=\"elementor-icon-list-text\">ddelatorre@ledcmn.org<\/span>\n\t\t\t\t\t\t\t\t\t<\/li>\n\t\t\t\t\t\t<\/ul>\n\t\t\t\t\t\t<\/div>\n\t\t\t\t<\/div>\n\t\t\t\t\t<\/div>\n\t\t<\/div>\n\t\t\t\t<div class=\"elementor-column elementor-col-66 elementor-top-column elementor-element elementor-element-605a7206\" data-id=\"605a7206\" data-element_type=\"column\" data-e-type=\"column\">\n\t\t\t<div class=\"elementor-widget-wrap elementor-element-populated\">\n\t\t\t\t\t\t<div class=\"elementor-element elementor-element-25f4107b elementor-widget elementor-widget-heading\" data-id=\"25f4107b\" data-element_type=\"widget\" data-e-type=\"widget\" data-widget_type=\"heading.default\">\n\t\t\t\t<div class=\"elementor-widget-container\">\n\t\t\t\t\t<h1 class=\"elementor-heading-title elementor-size-default\">Dennis De La Torre<\/h1>\t\t\t\t<\/div>\n\t\t\t\t<\/div>\n\t\t\t\t<div class=\"elementor-element elementor-element-4bb86f72 elementor-widget-divider--view-line elementor-widget elementor-widget-divider\" data-id=\"4bb86f72\" data-element_type=\"widget\" data-e-type=\"widget\" data-widget_type=\"divider.default\">\n\t\t\t\t<div class=\"elementor-widget-container\">\n\t\t\t\t\t\t\t<div class=\"elementor-divider\">\n\t\t\t<span class=\"elementor-divider-separator\">\n\t\t\t\t\t\t<\/span>\n\t\t<\/div>\n\t\t\t\t\t\t<\/div>\n\t\t\t\t<\/div>\n\t\t\t\t<div class=\"elementor-element elementor-element-5c5fb789 elementor-widget elementor-widget-heading\" data-id=\"5c5fb789\" data-element_type=\"widget\" data-e-type=\"widget\" data-widget_type=\"heading.default\">\n\t\t\t\t<div class=\"elementor-widget-container\">\n\t\t\t\t\t<h3 class=\"elementor-heading-title elementor-size-default\">Asociado del Programa de Pr\u00e9stamos<\/h3>\t\t\t\t<\/div>\n\t\t\t\t<\/div>\n\t\t\t\t<div class=\"elementor-element elementor-element-870bcdc elementor-widget elementor-widget-text-editor\" data-id=\"870bcdc\" data-element_type=\"widget\" data-e-type=\"widget\" data-widget_type=\"text-editor.default\">\n\t\t\t\t<div class=\"elementor-widget-container\">\n\t\t\t\t\t\t\t\t\t<p>Dennis es originario de Ecuador, egresado de la Escuela Polit\u00e9cnica Nacional del Ecuador. Se gradu\u00f3 con el t\u00edtulo de: Ingeniero en Ciencias Econ\u00f3micas y Financieras. Con esta base, continuar\u00eda sus estudios en la Universidad Andina Sim\u00f3n Bol\u00edvar para obtener una especializaci\u00f3n superior en creaci\u00f3n de empresas con una maestr\u00eda en administraci\u00f3n de empresas enfocada en PYMES.<\/p>\n<p>La mayor parte de su carrera profesional la desarroll\u00f3 en la ciudad de Quito. Comenz\u00f3 como empresario dentro de la industria automotriz, lanzando su propia compa\u00f1\u00eda en 2008. M\u00e1s tarde, en 2016, har\u00eda la transici\u00f3n de su experiencia econ\u00f3mica para trabajar en la oficina gubernamental de Econom\u00eda Popular y Solidaria, implementando metodolog\u00edas para la resoluci\u00f3n de conflictos en cooperativas de ahorro y cr\u00e9dito.<\/p>\n<p>Su pasi\u00f3n es crear negocios y generar crecimiento, todo bajo la misi\u00f3n de expandir la econom\u00eda y la oportunidad de mantener fuentes de empleo.<\/p>\n\t\t\t\t\t\t\t\t<\/div>\n\t\t\t\t<\/div>\n\t\t\t\t\t<\/div>\n\t\t<\/div>\n\t\t\t\t\t<\/div>\n\t\t<\/section>\n\t\t\t\t<\/div>\n\t\t","protected":false},"excerpt":{"rendered":"<p>Equipo (612) 230-6798 ext. 182 ddelatorre@ledcmn.org Dennis De La Torre Asociado del Programa de Pr\u00e9stamos Dennis es originario de Ecuador, egresado de la Escuela Polit\u00e9cnica Nacional del Ecuador. Se gradu\u00f3 con el t\u00edtulo de: Ingeniero en Ciencias Econ\u00f3micas y Financieras. Con esta base, continuar\u00eda sus estudios en la Universidad Andina Sim\u00f3n Bol\u00edvar para obtener una [&hellip;]<\/p>\n","protected":false},"author":1,"featured_media":0,"parent":0,"menu_order":0,"comment_status":"closed","ping_status":"closed","template":"elementor_header_footer","meta":{"_monsterinsights_skip_tracking":false,"_monsterinsights_sitenote_active":false,"_monsterinsights_sitenote_note":"","_monsterinsights_sitenote_category":0,"footnotes":""},"class_list":["post-4376","page","type-page","status-publish","hentry"],"_links":{"self":[{"href":"https:\/\/www.ledcmn.org\/es\/wp-json\/wp\/v2\/pages\/4376","targetHints":{"allow":["GET"]}}],"collection":[{"href":"https:\/\/www.ledcmn.org\/es\/wp-json\/wp\/v2\/pages"}],"about":[{"href":"https:\/\/www.ledcmn.org\/es\/wp-json\/wp\/v2\/types\/page"}],"author":[{"embeddable":true,"href":"https:\/\/www.ledcmn.org\/es\/wp-json\/wp\/v2\/users\/1"}],"replies":[{"embeddable":true,"href":"https:\/\/www.ledcmn.org\/es\/wp-json\/wp\/v2\/comments?post=4376"}],"version-history":[{"count":24,"href":"https:\/\/www.ledcmn.org\/es\/wp-json\/wp\/v2\/pages\/4376\/revisions"}],"predecessor-version":[{"id":6778,"href":"https:\/\/www.ledcmn.org\/es\/wp-json\/wp\/v2\/pages\/4376\/revisions\/6778"}],"wp:attachment":[{"href":"https:\/\/www.ledcmn.org\/es\/wp-json\/wp\/v2\/media?parent=4376"}],"curies":[{"name":"wp","href":"https:\/\/api.w.org\/{rel}","templated":true}]}}