{"id":3667,"date":"2021-10-05T17:16:35","date_gmt":"2021-10-05T17:16:35","guid":{"rendered":"https:\/\/www.ledcmn.org\/ariel-loayza-vega\/"},"modified":"2025-01-27T11:38:14","modified_gmt":"2025-01-27T17:38:14","slug":"ariel-loayza-vega","status":"publish","type":"page","link":"https:\/\/www.ledcmn.org\/es\/ariel-loayza-vega\/","title":{"rendered":"Ariel Loayza Vega"},"content":{"rendered":"\t\t<div data-elementor-type=\"wp-page\" data-elementor-id=\"3667\" class=\"elementor elementor-3667 elementor-3662\" data-elementor-post-type=\"page\">\n\t\t\t\t\t\t<section class=\"elementor-section elementor-top-section elementor-element elementor-element-7245a06a elementor-section-height-min-height elementor-section-boxed elementor-section-height-default elementor-section-items-middle\" data-id=\"7245a06a\" data-element_type=\"section\" data-e-type=\"section\" data-settings=\"{&quot;background_background&quot;:&quot;classic&quot;,&quot;shape_divider_bottom&quot;:&quot;tilt&quot;}\">\n\t\t\t\t\t\t\t<div class=\"elementor-background-overlay\"><\/div>\n\t\t\t\t\t\t<div class=\"elementor-shape elementor-shape-bottom\" aria-hidden=\"true\" data-negative=\"false\">\n\t\t\t<svg xmlns=\"http:\/\/www.w3.org\/2000\/svg\" viewBox=\"0 0 1000 100\" preserveAspectRatio=\"none\">\n\t<path class=\"elementor-shape-fill\" d=\"M0,6V0h1000v100L0,6z\"\/>\n<\/svg>\t\t<\/div>\n\t\t\t\t\t<div class=\"elementor-container elementor-column-gap-default\">\n\t\t\t\t\t<div class=\"elementor-column elementor-col-100 elementor-top-column elementor-element elementor-element-2b001a1d\" data-id=\"2b001a1d\" data-element_type=\"column\" data-e-type=\"column\">\n\t\t\t<div class=\"elementor-widget-wrap elementor-element-populated\">\n\t\t\t\t\t\t<section class=\"elementor-section elementor-inner-section elementor-element elementor-element-6589a2df elementor-section-boxed elementor-section-height-default elementor-section-height-default\" data-id=\"6589a2df\" data-element_type=\"section\" data-e-type=\"section\">\n\t\t\t\t\t\t<div class=\"elementor-container elementor-column-gap-default\">\n\t\t\t\t\t<div class=\"elementor-column elementor-col-50 elementor-inner-column elementor-element elementor-element-13c826e7 elementor-hidden-phone\" data-id=\"13c826e7\" data-element_type=\"column\" data-e-type=\"column\">\n\t\t\t<div class=\"elementor-widget-wrap\">\n\t\t\t\t\t\t\t<\/div>\n\t\t<\/div>\n\t\t\t\t<div class=\"elementor-column elementor-col-50 elementor-inner-column elementor-element elementor-element-1400d8b2\" data-id=\"1400d8b2\" data-element_type=\"column\" data-e-type=\"column\">\n\t\t\t<div class=\"elementor-widget-wrap elementor-element-populated\">\n\t\t\t\t\t\t<div class=\"elementor-element elementor-element-179abd27 elementor-widget elementor-widget-heading\" data-id=\"179abd27\" data-element_type=\"widget\" data-e-type=\"widget\" data-widget_type=\"heading.default\">\n\t\t\t\t<div class=\"elementor-widget-container\">\n\t\t\t\t\t<h2 class=\"elementor-heading-title elementor-size-default\">Equipo<\/h2>\t\t\t\t<\/div>\n\t\t\t\t<\/div>\n\t\t\t\t\t<\/div>\n\t\t<\/div>\n\t\t\t\t\t<\/div>\n\t\t<\/section>\n\t\t\t\t\t<\/div>\n\t\t<\/div>\n\t\t\t\t\t<\/div>\n\t\t<\/section>\n\t\t\t\t<section class=\"elementor-section elementor-top-section elementor-element elementor-element-1958a78 elementor-section-boxed elementor-section-height-default elementor-section-height-default elementor-invisible\" data-id=\"1958a78\" data-element_type=\"section\" data-e-type=\"section\" data-settings=\"{&quot;animation&quot;:&quot;slideInUp&quot;}\">\n\t\t\t\t\t\t<div class=\"elementor-container elementor-column-gap-wider\">\n\t\t\t\t\t<div class=\"elementor-column elementor-col-33 elementor-top-column elementor-element elementor-element-69159071\" data-id=\"69159071\" data-element_type=\"column\" data-e-type=\"column\">\n\t\t\t<div class=\"elementor-widget-wrap elementor-element-populated\">\n\t\t\t\t\t\t<div class=\"elementor-element elementor-element-25d3d9c5 elementor-widget elementor-widget-image\" data-id=\"25d3d9c5\" data-element_type=\"widget\" data-e-type=\"widget\" data-widget_type=\"image.default\">\n\t\t\t\t<div class=\"elementor-widget-container\">\n\t\t\t\t\t\t\t\t\t\t\t\t\t\t\t<img fetchpriority=\"high\" decoding=\"async\" width=\"800\" height=\"800\" src=\"https:\/\/www.ledcmn.org\/wp-content\/uploads\/2021\/10\/Staff-Ariel.jpg\" class=\"attachment-large size-large wp-image-3748\" alt=\"\" srcset=\"https:\/\/www.ledcmn.org\/wp-content\/uploads\/2021\/10\/Staff-Ariel.jpg 850w, https:\/\/www.ledcmn.org\/wp-content\/uploads\/2021\/10\/Staff-Ariel-300x300.jpg 300w, https:\/\/www.ledcmn.org\/wp-content\/uploads\/2021\/10\/Staff-Ariel-150x150.jpg 150w, https:\/\/www.ledcmn.org\/wp-content\/uploads\/2021\/10\/Staff-Ariel-768x768.jpg 768w, https:\/\/www.ledcmn.org\/wp-content\/uploads\/2021\/10\/elementor\/thumbs\/Staff-Ariel-pehax8njn9ba2882wydx2ekditt1t8dydyhlpepk0w.jpg 400w\" sizes=\"(max-width: 800px) 100vw, 800px\" \/>\t\t\t\t\t\t\t\t\t\t\t\t\t\t\t<\/div>\n\t\t\t\t<\/div>\n\t\t\t\t\t<\/div>\n\t\t<\/div>\n\t\t\t\t<div class=\"elementor-column elementor-col-66 elementor-top-column elementor-element elementor-element-76bc53d\" data-id=\"76bc53d\" data-element_type=\"column\" data-e-type=\"column\">\n\t\t\t<div class=\"elementor-widget-wrap elementor-element-populated\">\n\t\t\t\t\t\t<div class=\"elementor-element elementor-element-65c4dddb elementor-widget elementor-widget-heading\" data-id=\"65c4dddb\" data-element_type=\"widget\" data-e-type=\"widget\" data-widget_type=\"heading.default\">\n\t\t\t\t<div class=\"elementor-widget-container\">\n\t\t\t\t\t<h1 class=\"elementor-heading-title elementor-size-default\">Ariel Loayza Vega<\/h1>\t\t\t\t<\/div>\n\t\t\t\t<\/div>\n\t\t\t\t<div class=\"elementor-element elementor-element-6a032922 elementor-widget-divider--view-line elementor-widget elementor-widget-divider\" data-id=\"6a032922\" data-element_type=\"widget\" data-e-type=\"widget\" data-widget_type=\"divider.default\">\n\t\t\t\t<div class=\"elementor-widget-container\">\n\t\t\t\t\t\t\t<div class=\"elementor-divider\">\n\t\t\t<span class=\"elementor-divider-separator\">\n\t\t\t\t\t\t<\/span>\n\t\t<\/div>\n\t\t\t\t\t\t<\/div>\n\t\t\t\t<\/div>\n\t\t\t\t<div class=\"elementor-element elementor-element-20ebd2a5 elementor-widget elementor-widget-heading\" data-id=\"20ebd2a5\" data-element_type=\"widget\" data-e-type=\"widget\" data-widget_type=\"heading.default\">\n\t\t\t\t<div class=\"elementor-widget-container\">\n\t\t\t\t\t<h3 class=\"elementor-heading-title elementor-size-default\">Agente de pr\u00e9stamos<\/h3>\t\t\t\t<\/div>\n\t\t\t\t<\/div>\n\t\t\t\t<div class=\"elementor-element elementor-element-448c5383 elementor-widget elementor-widget-text-editor\" data-id=\"448c5383\" data-element_type=\"widget\" data-e-type=\"widget\" data-widget_type=\"text-editor.default\">\n\t\t\t\t<div class=\"elementor-widget-container\">\n\t\t\t\t\t\t\t\t\t<p><\/p>\n<p>Ariel estudi\u00f3 Creaci\u00f3n y Desarrollo de Empresas en su pa\u00eds natal, Bolivia, y tiene una maestr\u00eda en Desarrollo Econ\u00f3mico y Evaluaci\u00f3n de la Universidad de Minnesota. Su experiencia laboral incluye asesor\u00eda t\u00e9cnica y tutor\u00eda a emprendedores en Bolivia. Ariel tambi\u00e9n tiene experiencia en el sector sin fines de lucro apoyando la planificaci\u00f3n, implementaci\u00f3n y evaluaci\u00f3n de proyectos de alcance comunitario, enfocados a mujeres y comunidades ind\u00edgenas.<\/p>\n<p>Como parte de la maestr\u00eda, Ariel trabaj\u00f3 con organizaciones en \u00c1frica y Centro Am\u00e9rica en proyectos de desarrollo orientados a incrementar la eficiencia de uso de datos para mejorar el impacto de los programas y servicios ofrecidos a la comunidad.<\/p>\n<p>A trav\u00e9s de su trabajo en LEDC, Ariel promueve cambios en el sistema abordando las necesidades de las comunidades latinas desde una perspectiva emp\u00e1tica e inclusiva. Su trabajo apoya la equidad social y provee las herramientas necesarias para lograr un desarrollo sostenible de la comunidad latina en Minnesota.<\/p>\n<p>Lo que m\u00e1s le gusta de trabajar en LEDC es el impacto positivo que generamos en las comunidades, y le motiva saber que nuestro trabajo ayuda a emprendedores a alcanzar sus metas y fortalecer los negocios locales.&nbsp;<\/p>\n<p>En su tiempo libre, le gusta ver y practicar deportes, especialmente futbol y baloncesto.<\/p>\t\t\t\t\t\t\t\t<\/div>\n\t\t\t\t<\/div>\n\t\t\t\t\t<\/div>\n\t\t<\/div>\n\t\t\t\t\t<\/div>\n\t\t<\/section>\n\t\t\t\t<\/div>\n\t\t","protected":false},"excerpt":{"rendered":"<p>Equipo Ariel Loayza Vega Agente de pr\u00e9stamos Ariel estudi\u00f3 Creaci\u00f3n y Desarrollo de Empresas en su pa\u00eds natal, Bolivia, y tiene una maestr\u00eda en Desarrollo Econ\u00f3mico y Evaluaci\u00f3n de la Universidad de Minnesota. Su experiencia laboral incluye asesor\u00eda t\u00e9cnica y tutor\u00eda a emprendedores en Bolivia. Ariel tambi\u00e9n tiene experiencia en el sector sin fines de [&hellip;]<\/p>\n","protected":false},"author":1,"featured_media":0,"parent":0,"menu_order":0,"comment_status":"closed","ping_status":"closed","template":"elementor_header_footer","meta":{"_monsterinsights_skip_tracking":false,"_monsterinsights_sitenote_active":false,"_monsterinsights_sitenote_note":"","_monsterinsights_sitenote_category":0,"footnotes":""},"class_list":["post-3667","page","type-page","status-publish","hentry"],"_links":{"self":[{"href":"https:\/\/www.ledcmn.org\/es\/wp-json\/wp\/v2\/pages\/3667","targetHints":{"allow":["GET"]}}],"collection":[{"href":"https:\/\/www.ledcmn.org\/es\/wp-json\/wp\/v2\/pages"}],"about":[{"href":"https:\/\/www.ledcmn.org\/es\/wp-json\/wp\/v2\/types\/page"}],"author":[{"embeddable":true,"href":"https:\/\/www.ledcmn.org\/es\/wp-json\/wp\/v2\/users\/1"}],"replies":[{"embeddable":true,"href":"https:\/\/www.ledcmn.org\/es\/wp-json\/wp\/v2\/comments?post=3667"}],"version-history":[{"count":8,"href":"https:\/\/www.ledcmn.org\/es\/wp-json\/wp\/v2\/pages\/3667\/revisions"}],"predecessor-version":[{"id":8845,"href":"https:\/\/www.ledcmn.org\/es\/wp-json\/wp\/v2\/pages\/3667\/revisions\/8845"}],"wp:attachment":[{"href":"https:\/\/www.ledcmn.org\/es\/wp-json\/wp\/v2\/media?parent=3667"}],"curies":[{"name":"wp","href":"https:\/\/api.w.org\/{rel}","templated":true}]}}