{"id":2745,"date":"2021-04-01T18:03:01","date_gmt":"2021-04-01T18:03:01","guid":{"rendered":"https:\/\/www.ledcmn.org\/uri-camarena\/"},"modified":"2025-11-25T13:20:18","modified_gmt":"2025-11-25T19:20:18","slug":"uri-camarena","status":"publish","type":"page","link":"https:\/\/www.ledcmn.org\/es\/uri-camarena\/","title":{"rendered":"Uri Camarena"},"content":{"rendered":"\t\t<div data-elementor-type=\"wp-page\" data-elementor-id=\"2745\" class=\"elementor elementor-2745 elementor-610\" data-elementor-post-type=\"page\">\n\t\t\t\t\t\t<section class=\"elementor-section elementor-top-section elementor-element elementor-element-7dc16cab elementor-section-height-min-height elementor-section-boxed elementor-section-height-default elementor-section-items-middle\" data-id=\"7dc16cab\" data-element_type=\"section\" data-e-type=\"section\" data-settings=\"{&quot;background_background&quot;:&quot;classic&quot;,&quot;shape_divider_bottom&quot;:&quot;tilt&quot;}\">\n\t\t\t\t\t\t\t<div class=\"elementor-background-overlay\"><\/div>\n\t\t\t\t\t\t<div class=\"elementor-shape elementor-shape-bottom\" aria-hidden=\"true\" data-negative=\"false\">\n\t\t\t<svg xmlns=\"http:\/\/www.w3.org\/2000\/svg\" viewBox=\"0 0 1000 100\" preserveAspectRatio=\"none\">\n\t<path class=\"elementor-shape-fill\" d=\"M0,6V0h1000v100L0,6z\"\/>\n<\/svg>\t\t<\/div>\n\t\t\t\t\t<div class=\"elementor-container elementor-column-gap-default\">\n\t\t\t\t\t<div class=\"elementor-column elementor-col-100 elementor-top-column elementor-element elementor-element-303d6d23\" data-id=\"303d6d23\" data-element_type=\"column\" data-e-type=\"column\">\n\t\t\t<div class=\"elementor-widget-wrap elementor-element-populated\">\n\t\t\t\t\t\t<section class=\"elementor-section elementor-inner-section elementor-element elementor-element-229f3b40 elementor-section-boxed elementor-section-height-default elementor-section-height-default\" data-id=\"229f3b40\" data-element_type=\"section\" data-e-type=\"section\">\n\t\t\t\t\t\t<div class=\"elementor-container elementor-column-gap-default\">\n\t\t\t\t\t<div class=\"elementor-column elementor-col-50 elementor-inner-column elementor-element elementor-element-1d42b3e4 elementor-hidden-phone\" data-id=\"1d42b3e4\" data-element_type=\"column\" data-e-type=\"column\">\n\t\t\t<div class=\"elementor-widget-wrap\">\n\t\t\t\t\t\t\t<\/div>\n\t\t<\/div>\n\t\t\t\t<div class=\"elementor-column elementor-col-50 elementor-inner-column elementor-element elementor-element-6c1ff0fb\" data-id=\"6c1ff0fb\" data-element_type=\"column\" data-e-type=\"column\">\n\t\t\t<div class=\"elementor-widget-wrap elementor-element-populated\">\n\t\t\t\t\t\t<div class=\"elementor-element elementor-element-178109b1 elementor-widget elementor-widget-heading\" data-id=\"178109b1\" data-element_type=\"widget\" data-e-type=\"widget\" data-widget_type=\"heading.default\">\n\t\t\t\t<div class=\"elementor-widget-container\">\n\t\t\t\t\t<h2 class=\"elementor-heading-title elementor-size-default\">Miembro de la Junta Directiva<\/h2>\t\t\t\t<\/div>\n\t\t\t\t<\/div>\n\t\t\t\t\t<\/div>\n\t\t<\/div>\n\t\t\t\t\t<\/div>\n\t\t<\/section>\n\t\t\t\t\t<\/div>\n\t\t<\/div>\n\t\t\t\t\t<\/div>\n\t\t<\/section>\n\t\t\t\t<section class=\"elementor-section elementor-top-section elementor-element elementor-element-6881ef2c elementor-section-boxed elementor-section-height-default elementor-section-height-default elementor-invisible\" data-id=\"6881ef2c\" data-element_type=\"section\" data-e-type=\"section\" data-settings=\"{&quot;animation&quot;:&quot;slideInUp&quot;}\">\n\t\t\t\t\t\t<div class=\"elementor-container elementor-column-gap-wider\">\n\t\t\t\t\t<div class=\"elementor-column elementor-col-33 elementor-top-column elementor-element elementor-element-36d7fd6b\" data-id=\"36d7fd6b\" data-element_type=\"column\" data-e-type=\"column\">\n\t\t\t<div class=\"elementor-widget-wrap elementor-element-populated\">\n\t\t\t\t\t\t<div class=\"elementor-element elementor-element-4c650bfd elementor-widget elementor-widget-image\" data-id=\"4c650bfd\" data-element_type=\"widget\" data-e-type=\"widget\" data-widget_type=\"image.default\">\n\t\t\t\t<div class=\"elementor-widget-container\">\n\t\t\t\t\t\t\t\t\t\t\t\t\t\t\t<img fetchpriority=\"high\" decoding=\"async\" width=\"800\" height=\"800\" src=\"https:\/\/www.ledcmn.org\/wp-content\/uploads\/2022\/11\/board-Uri-1024x1024.jpg\" class=\"attachment-large size-large wp-image-6348\" alt=\"\" srcset=\"https:\/\/www.ledcmn.org\/wp-content\/uploads\/2022\/11\/board-Uri-1024x1024.jpg 1024w, https:\/\/www.ledcmn.org\/wp-content\/uploads\/2022\/11\/board-Uri-300x300.jpg 300w, https:\/\/www.ledcmn.org\/wp-content\/uploads\/2022\/11\/board-Uri-150x150.jpg 150w, https:\/\/www.ledcmn.org\/wp-content\/uploads\/2022\/11\/board-Uri-768x768.jpg 768w, https:\/\/www.ledcmn.org\/wp-content\/uploads\/2022\/11\/elementor\/thumbs\/board-Uri-pxr9ml4fmv3jk6g5w9eis5wj4jcdez3yyip2ucybog.jpg 400w, https:\/\/www.ledcmn.org\/wp-content\/uploads\/2022\/11\/board-Uri.jpg 1280w\" sizes=\"(max-width: 800px) 100vw, 800px\" \/>\t\t\t\t\t\t\t\t\t\t\t\t\t\t\t<\/div>\n\t\t\t\t<\/div>\n\t\t\t\t\t<\/div>\n\t\t<\/div>\n\t\t\t\t<div class=\"elementor-column elementor-col-66 elementor-top-column elementor-element elementor-element-56c51ac9\" data-id=\"56c51ac9\" data-element_type=\"column\" data-e-type=\"column\">\n\t\t\t<div class=\"elementor-widget-wrap elementor-element-populated\">\n\t\t\t\t\t\t<div class=\"elementor-element elementor-element-4fef7deb elementor-widget elementor-widget-heading\" data-id=\"4fef7deb\" data-element_type=\"widget\" data-e-type=\"widget\" data-widget_type=\"heading.default\">\n\t\t\t\t<div class=\"elementor-widget-container\">\n\t\t\t\t\t<h1 class=\"elementor-heading-title elementor-size-default\">Uri Camarena<\/h1>\t\t\t\t<\/div>\n\t\t\t\t<\/div>\n\t\t\t\t<div class=\"elementor-element elementor-element-a67708b elementor-icon-list--layout-traditional elementor-list-item-link-full_width elementor-widget elementor-widget-icon-list\" data-id=\"a67708b\" data-element_type=\"widget\" data-e-type=\"widget\" data-widget_type=\"icon-list.default\">\n\t\t\t\t<div class=\"elementor-widget-container\">\n\t\t\t\t\t\t\t<ul class=\"elementor-icon-list-items\">\n\t\t\t\t\t\t\t<li class=\"elementor-icon-list-item\">\n\t\t\t\t\t\t\t\t\t\t\t<span class=\"elementor-icon-list-icon\">\n\t\t\t\t\t\t\t<i aria-hidden=\"true\" class=\"fas fa-chevron-right\"><\/i>\t\t\t\t\t\t<\/span>\n\t\t\t\t\t\t\t\t\t\t<span class=\"elementor-icon-list-text\">Miembro de la Comunidad<\/span>\n\t\t\t\t\t\t\t\t\t<\/li>\n\t\t\t\t\t\t\t\t<li class=\"elementor-icon-list-item\">\n\t\t\t\t\t\t\t\t\t\t\t<span class=\"elementor-icon-list-icon\">\n\t\t\t\t\t\t\t<i aria-hidden=\"true\" class=\"fas fa-chevron-right\"><\/i>\t\t\t\t\t\t<\/span>\n\t\t\t\t\t\t\t\t\t\t<span class=\"elementor-icon-list-text\">Secretario de la Junta Directiva<\/span>\n\t\t\t\t\t\t\t\t\t<\/li>\n\t\t\t\t\t\t<\/ul>\n\t\t\t\t\t\t<\/div>\n\t\t\t\t<\/div>\n\t\t\t\t<div class=\"elementor-element elementor-element-3c442191 elementor-widget-divider--view-line elementor-widget elementor-widget-divider\" data-id=\"3c442191\" data-element_type=\"widget\" data-e-type=\"widget\" data-widget_type=\"divider.default\">\n\t\t\t\t<div class=\"elementor-widget-container\">\n\t\t\t\t\t\t\t<div class=\"elementor-divider\">\n\t\t\t<span class=\"elementor-divider-separator\">\n\t\t\t\t\t\t<\/span>\n\t\t<\/div>\n\t\t\t\t\t\t<\/div>\n\t\t\t\t<\/div>\n\t\t\t\t<div class=\"elementor-element elementor-element-1efc095 elementor-widget elementor-widget-text-editor\" data-id=\"1efc095\" data-element_type=\"widget\" data-e-type=\"widget\" data-widget_type=\"text-editor.default\">\n\t\t\t\t<div class=\"elementor-widget-container\">\n\t\t\t\t\t\t\t\t\t<p>Uri Camarena naci\u00f3 en M\u00e9xico y vino a las Ciudades Gemelas luego de graduarse de la secundaria en Guadalajara, M\u00e9xico. Obtuvo una licenciatura en Ciencias (BS) en la Universidad de Minnesota y un m\u00e1ster en Gesti\u00f3n Empresarial (MBA) en la Universidad de St. Mary, Minnesota. <\/p><p>Uri cuenta con 30 a\u00f1os de diversa experiencia corporativa en UPS, con amplia trayectoria en operaciones, comunicaciones, relaciones p\u00fablicas, aprendizaje y desarrollo. Por a\u00f1os particip\u00f3 en proyectos emergentes en Europa y Latinoam\u00e9rica. A nivel local, Uri manej\u00f3 varios departamentos dentro de UPS, entre los que se incluye la Fundaci\u00f3n UPS, donde logr\u00f3 expandir los esfuerzos filantr\u00f3picos de la organizaci\u00f3n, permiti\u00e9ndole a la vez involucrarse con varias causas comunitarias y caritativas. Uri se retir\u00f3 de UPS en 2006. Despu\u00e9s de su retiro de UPS, el Sr. Camarena trabaj\u00f3 como Director de Soluciones de Negocios para la Asociaci\u00f3n Metropolitana de Desarrollo Econ\u00f3mico (MEDA) hasta 2022.    <\/p><p>Uri es ampliamente conocido en la comunidad de Ciudades Gemelas por su participaci\u00f3n filantr\u00f3pica, que \u00e9l enfoca en familias en riesgo y las artes. Adem\u00e1s, fue el presidente de la junta directiva de administradores del Minneapolis College of Art and Design (MCAD). Es miembro de la junta directiva de LEDC, donde funge como secretario, y es presidente de Global Minnesota. Tambi\u00e9n preside la junta del Minnesota State Arts Board. Uri tambi\u00e9n preside la junta directiva de Minnesota State Arts Board.<\/p><p>Uri y su esposa Melissa tienen dos hijas y cuatro nietos.<\/p>\t\t\t\t\t\t\t\t<\/div>\n\t\t\t\t<\/div>\n\t\t\t\t\t<\/div>\n\t\t<\/div>\n\t\t\t\t\t<\/div>\n\t\t<\/section>\n\t\t\t\t<\/div>\n\t\t","protected":false},"excerpt":{"rendered":"<p>Miembro de la Junta Directiva Uri Camarena Miembro de la Comunidad Secretario de la Junta Directiva Uri Camarena naci\u00f3 en M\u00e9xico y vino a las Ciudades Gemelas luego de graduarse de la secundaria en Guadalajara, M\u00e9xico. Obtuvo una licenciatura en Ciencias (BS) en la Universidad de Minnesota y un m\u00e1ster en Gesti\u00f3n Empresarial (MBA) en [&hellip;]<\/p>\n","protected":false},"author":1,"featured_media":0,"parent":0,"menu_order":0,"comment_status":"closed","ping_status":"closed","template":"elementor_header_footer","meta":{"_monsterinsights_skip_tracking":false,"_monsterinsights_sitenote_active":false,"_monsterinsights_sitenote_note":"","_monsterinsights_sitenote_category":0,"footnotes":""},"class_list":["post-2745","page","type-page","status-publish","hentry"],"_links":{"self":[{"href":"https:\/\/www.ledcmn.org\/es\/wp-json\/wp\/v2\/pages\/2745","targetHints":{"allow":["GET"]}}],"collection":[{"href":"https:\/\/www.ledcmn.org\/es\/wp-json\/wp\/v2\/pages"}],"about":[{"href":"https:\/\/www.ledcmn.org\/es\/wp-json\/wp\/v2\/types\/page"}],"author":[{"embeddable":true,"href":"https:\/\/www.ledcmn.org\/es\/wp-json\/wp\/v2\/users\/1"}],"replies":[{"embeddable":true,"href":"https:\/\/www.ledcmn.org\/es\/wp-json\/wp\/v2\/comments?post=2745"}],"version-history":[{"count":17,"href":"https:\/\/www.ledcmn.org\/es\/wp-json\/wp\/v2\/pages\/2745\/revisions"}],"predecessor-version":[{"id":10270,"href":"https:\/\/www.ledcmn.org\/es\/wp-json\/wp\/v2\/pages\/2745\/revisions\/10270"}],"wp:attachment":[{"href":"https:\/\/www.ledcmn.org\/es\/wp-json\/wp\/v2\/media?parent=2745"}],"curies":[{"name":"wp","href":"https:\/\/api.w.org\/{rel}","templated":true}]}}