{"id":2729,"date":"2021-04-01T17:54:50","date_gmt":"2021-04-01T17:54:50","guid":{"rendered":"https:\/\/www.ledcmn.org\/eduardo-mozqueda\/"},"modified":"2025-11-25T13:21:32","modified_gmt":"2025-11-25T19:21:32","slug":"eduardo-mozqueda","status":"publish","type":"page","link":"https:\/\/www.ledcmn.org\/es\/eduardo-mozqueda\/","title":{"rendered":"Eduardo Mozqueda"},"content":{"rendered":"\t\t<div data-elementor-type=\"wp-page\" data-elementor-id=\"2729\" class=\"elementor elementor-2729 elementor-2545\" data-elementor-post-type=\"page\">\n\t\t\t\t\t\t<section class=\"elementor-section elementor-top-section elementor-element elementor-element-51e8877b elementor-section-height-min-height elementor-section-boxed elementor-section-height-default elementor-section-items-middle\" data-id=\"51e8877b\" data-element_type=\"section\" data-e-type=\"section\" data-settings=\"{&quot;background_background&quot;:&quot;classic&quot;,&quot;shape_divider_bottom&quot;:&quot;tilt&quot;}\">\n\t\t\t\t\t\t\t<div class=\"elementor-background-overlay\"><\/div>\n\t\t\t\t\t\t<div class=\"elementor-shape elementor-shape-bottom\" aria-hidden=\"true\" data-negative=\"false\">\n\t\t\t<svg xmlns=\"http:\/\/www.w3.org\/2000\/svg\" viewBox=\"0 0 1000 100\" preserveAspectRatio=\"none\">\n\t<path class=\"elementor-shape-fill\" d=\"M0,6V0h1000v100L0,6z\"\/>\n<\/svg>\t\t<\/div>\n\t\t\t\t\t<div class=\"elementor-container elementor-column-gap-default\">\n\t\t\t\t\t<div class=\"elementor-column elementor-col-100 elementor-top-column elementor-element elementor-element-3382d49b\" data-id=\"3382d49b\" data-element_type=\"column\" data-e-type=\"column\">\n\t\t\t<div class=\"elementor-widget-wrap elementor-element-populated\">\n\t\t\t\t\t\t<section class=\"elementor-section elementor-inner-section elementor-element elementor-element-412569fe elementor-section-boxed elementor-section-height-default elementor-section-height-default\" data-id=\"412569fe\" data-element_type=\"section\" data-e-type=\"section\">\n\t\t\t\t\t\t<div class=\"elementor-container elementor-column-gap-default\">\n\t\t\t\t\t<div class=\"elementor-column elementor-col-50 elementor-inner-column elementor-element elementor-element-7d7f103 elementor-hidden-phone\" data-id=\"7d7f103\" data-element_type=\"column\" data-e-type=\"column\">\n\t\t\t<div class=\"elementor-widget-wrap\">\n\t\t\t\t\t\t\t<\/div>\n\t\t<\/div>\n\t\t\t\t<div class=\"elementor-column elementor-col-50 elementor-inner-column elementor-element elementor-element-72fedbfb\" data-id=\"72fedbfb\" data-element_type=\"column\" data-e-type=\"column\">\n\t\t\t<div class=\"elementor-widget-wrap elementor-element-populated\">\n\t\t\t\t\t\t<div class=\"elementor-element elementor-element-64624e83 elementor-widget elementor-widget-heading\" data-id=\"64624e83\" data-element_type=\"widget\" data-e-type=\"widget\" data-widget_type=\"heading.default\">\n\t\t\t\t<div class=\"elementor-widget-container\">\n\t\t\t\t\t<h2 class=\"elementor-heading-title elementor-size-default\">Miembro de la Junta Directiva<\/h2>\t\t\t\t<\/div>\n\t\t\t\t<\/div>\n\t\t\t\t\t<\/div>\n\t\t<\/div>\n\t\t\t\t\t<\/div>\n\t\t<\/section>\n\t\t\t\t\t<\/div>\n\t\t<\/div>\n\t\t\t\t\t<\/div>\n\t\t<\/section>\n\t\t\t\t<section class=\"elementor-section elementor-top-section elementor-element elementor-element-3689ed9f elementor-section-boxed elementor-section-height-default elementor-section-height-default elementor-invisible\" data-id=\"3689ed9f\" data-element_type=\"section\" data-e-type=\"section\" data-settings=\"{&quot;animation&quot;:&quot;slideInUp&quot;}\">\n\t\t\t\t\t\t<div class=\"elementor-container elementor-column-gap-wider\">\n\t\t\t\t\t<div class=\"elementor-column elementor-col-33 elementor-top-column elementor-element elementor-element-36e0f049\" data-id=\"36e0f049\" data-element_type=\"column\" data-e-type=\"column\">\n\t\t\t<div class=\"elementor-widget-wrap elementor-element-populated\">\n\t\t\t\t\t\t<div class=\"elementor-element elementor-element-168eb9cb elementor-widget elementor-widget-image\" data-id=\"168eb9cb\" data-element_type=\"widget\" data-e-type=\"widget\" data-widget_type=\"image.default\">\n\t\t\t\t<div class=\"elementor-widget-container\">\n\t\t\t\t\t\t\t\t\t\t\t\t\t\t\t<img fetchpriority=\"high\" decoding=\"async\" width=\"500\" height=\"500\" src=\"https:\/\/www.ledcmn.org\/wp-content\/uploads\/2021\/03\/board-Eduardo.jpg\" class=\"attachment-large size-large wp-image-2559\" alt=\"\" srcset=\"https:\/\/www.ledcmn.org\/wp-content\/uploads\/2021\/03\/board-Eduardo.jpg 500w, https:\/\/www.ledcmn.org\/wp-content\/uploads\/2021\/03\/board-Eduardo-300x300.jpg 300w, https:\/\/www.ledcmn.org\/wp-content\/uploads\/2021\/03\/board-Eduardo-150x150.jpg 150w, https:\/\/www.ledcmn.org\/wp-content\/uploads\/2021\/03\/elementor\/thumbs\/board-Eduardo-p4bilbdgpt0jjmppwy0dgrwrs6u0u1cj76lihw32jk.jpg 400w\" sizes=\"(max-width: 500px) 100vw, 500px\" \/>\t\t\t\t\t\t\t\t\t\t\t\t\t\t\t<\/div>\n\t\t\t\t<\/div>\n\t\t\t\t\t<\/div>\n\t\t<\/div>\n\t\t\t\t<div class=\"elementor-column elementor-col-66 elementor-top-column elementor-element elementor-element-5c8d6c79\" data-id=\"5c8d6c79\" data-element_type=\"column\" data-e-type=\"column\">\n\t\t\t<div class=\"elementor-widget-wrap elementor-element-populated\">\n\t\t\t\t\t\t<div class=\"elementor-element elementor-element-60972eb5 elementor-widget elementor-widget-heading\" data-id=\"60972eb5\" data-element_type=\"widget\" data-e-type=\"widget\" data-widget_type=\"heading.default\">\n\t\t\t\t<div class=\"elementor-widget-container\">\n\t\t\t\t\t<h1 class=\"elementor-heading-title elementor-size-default\">Eduardo Mozqueda<\/h1>\t\t\t\t<\/div>\n\t\t\t\t<\/div>\n\t\t\t\t<div class=\"elementor-element elementor-element-2786b2c7 elementor-widget-divider--view-line elementor-widget elementor-widget-divider\" data-id=\"2786b2c7\" data-element_type=\"widget\" data-e-type=\"widget\" data-widget_type=\"divider.default\">\n\t\t\t\t<div class=\"elementor-widget-container\">\n\t\t\t\t\t\t\t<div class=\"elementor-divider\">\n\t\t\t<span class=\"elementor-divider-separator\">\n\t\t\t\t\t\t<\/span>\n\t\t<\/div>\n\t\t\t\t\t\t<\/div>\n\t\t\t\t<\/div>\n\t\t\t\t<div class=\"elementor-element elementor-element-9d1bab3 elementor-icon-list--layout-traditional elementor-list-item-link-full_width elementor-widget elementor-widget-icon-list\" data-id=\"9d1bab3\" data-element_type=\"widget\" data-e-type=\"widget\" data-widget_type=\"icon-list.default\">\n\t\t\t\t<div class=\"elementor-widget-container\">\n\t\t\t\t\t\t\t<ul class=\"elementor-icon-list-items\">\n\t\t\t\t\t\t\t<li class=\"elementor-icon-list-item\">\n\t\t\t\t\t\t\t\t\t\t\t<span class=\"elementor-icon-list-icon\">\n\t\t\t\t\t\t\t<i aria-hidden=\"true\" class=\"fas fa-chevron-right\"><\/i>\t\t\t\t\t\t<\/span>\n\t\t\t\t\t\t\t\t\t\t<span class=\"elementor-icon-list-text\">Asesor Jur\u00eddico Corporativo Senior en U.S. Bank<\/span>\n\t\t\t\t\t\t\t\t\t<\/li>\n\t\t\t\t\t\t\t\t<li class=\"elementor-icon-list-item\">\n\t\t\t\t\t\t\t\t\t\t\t<span class=\"elementor-icon-list-icon\">\n\t\t\t\t\t\t\t<i aria-hidden=\"true\" class=\"fas fa-chevron-right\"><\/i>\t\t\t\t\t\t<\/span>\n\t\t\t\t\t\t\t\t\t\t<span class=\"elementor-icon-list-text\">Miembro de la Junta Directiva<\/span>\n\t\t\t\t\t\t\t\t\t<\/li>\n\t\t\t\t\t\t\t\t<li class=\"elementor-icon-list-item\">\n\t\t\t\t\t\t\t\t\t\t\t<span class=\"elementor-icon-list-icon\">\n\t\t\t\t\t\t\t<i aria-hidden=\"true\" class=\"fas fa-chevron-right\"><\/i>\t\t\t\t\t\t<\/span>\n\t\t\t\t\t\t\t\t\t\t<span class=\"elementor-icon-list-text\">Presidente del Comit\u00e9 de Gobernanza<\/span>\n\t\t\t\t\t\t\t\t\t<\/li>\n\t\t\t\t\t\t<\/ul>\n\t\t\t\t\t\t<\/div>\n\t\t\t\t<\/div>\n\t\t\t\t<div class=\"elementor-element elementor-element-64a94b26 elementor-widget elementor-widget-text-editor\" data-id=\"64a94b26\" data-element_type=\"widget\" data-e-type=\"widget\" data-widget_type=\"text-editor.default\">\n\t\t\t\t<div class=\"elementor-widget-container\">\n\t\t\t\t\t\t\t\t\tEduardo D. Mozqueda se desempe\u00f1a como Asesor Jur\u00eddico Corporativo Senior en U.S. Bank National Association. Antes de unirse a U.S. Bank, Eduardo trabaj\u00f3 como Asesor Jur\u00eddico Corporativo en The Huntington National Bank y como Asociado en el grupo de Finanzas y Reestructuraci\u00f3n del bufete Dorsey &#038; Whitney LLP. <br><br> Eduardo, nacido y criado en California, obtuvo su licenciatura en la Universidad de California, Los \u00c1ngeles (UCLA) y su t\u00edtulo de abogado en la Facultad de Derecho de la Universidad de Iowa. <br><br> En lo personal, a Eduardo le gusta explorar senderos locales con su perro, Duke, y est\u00e1 en constante b\u00fasqueda de la mejor pizzer\u00eda posible.\t\t\t\t\t\t\t\t<\/div>\n\t\t\t\t<\/div>\n\t\t\t\t\t<\/div>\n\t\t<\/div>\n\t\t\t\t\t<\/div>\n\t\t<\/section>\n\t\t\t\t<\/div>\n\t\t","protected":false},"excerpt":{"rendered":"<p>Miembro de la Junta Directiva Eduardo Mozqueda Asesor Jur\u00eddico Corporativo Senior en U.S. Bank Miembro de la Junta Directiva Presidente del Comit\u00e9 de Gobernanza Eduardo D. Mozqueda se desempe\u00f1a como Asesor Jur\u00eddico Corporativo Senior en U.S. Bank National Association. Antes de unirse a U.S. Bank, Eduardo trabaj\u00f3 como Asesor Jur\u00eddico Corporativo en The Huntington National [&hellip;]<\/p>\n","protected":false},"author":1,"featured_media":0,"parent":0,"menu_order":0,"comment_status":"closed","ping_status":"closed","template":"elementor_header_footer","meta":{"_monsterinsights_skip_tracking":false,"_monsterinsights_sitenote_active":false,"_monsterinsights_sitenote_note":"","_monsterinsights_sitenote_category":0,"footnotes":""},"class_list":["post-2729","page","type-page","status-publish","hentry"],"_links":{"self":[{"href":"https:\/\/www.ledcmn.org\/es\/wp-json\/wp\/v2\/pages\/2729","targetHints":{"allow":["GET"]}}],"collection":[{"href":"https:\/\/www.ledcmn.org\/es\/wp-json\/wp\/v2\/pages"}],"about":[{"href":"https:\/\/www.ledcmn.org\/es\/wp-json\/wp\/v2\/types\/page"}],"author":[{"embeddable":true,"href":"https:\/\/www.ledcmn.org\/es\/wp-json\/wp\/v2\/users\/1"}],"replies":[{"embeddable":true,"href":"https:\/\/www.ledcmn.org\/es\/wp-json\/wp\/v2\/comments?post=2729"}],"version-history":[{"count":11,"href":"https:\/\/www.ledcmn.org\/es\/wp-json\/wp\/v2\/pages\/2729\/revisions"}],"predecessor-version":[{"id":10274,"href":"https:\/\/www.ledcmn.org\/es\/wp-json\/wp\/v2\/pages\/2729\/revisions\/10274"}],"wp:attachment":[{"href":"https:\/\/www.ledcmn.org\/es\/wp-json\/wp\/v2\/media?parent=2729"}],"curies":[{"name":"wp","href":"https:\/\/api.w.org\/{rel}","templated":true}]}}