{"id":2719,"date":"2021-04-01T17:50:32","date_gmt":"2021-04-01T17:50:32","guid":{"rendered":"https:\/\/www.ledcmn.org\/carlos-lamboglia\/"},"modified":"2025-11-25T13:24:24","modified_gmt":"2025-11-25T19:24:24","slug":"carlos-lamboglia","status":"publish","type":"page","link":"https:\/\/www.ledcmn.org\/es\/carlos-lamboglia\/","title":{"rendered":"Carlos Lamboglia"},"content":{"rendered":"\t\t<div data-elementor-type=\"wp-page\" data-elementor-id=\"2719\" class=\"elementor elementor-2719 elementor-2493\" data-elementor-post-type=\"page\">\n\t\t\t\t\t\t<section class=\"elementor-section elementor-top-section elementor-element elementor-element-e1521db elementor-section-height-min-height elementor-section-boxed elementor-section-height-default elementor-section-items-middle\" data-id=\"e1521db\" data-element_type=\"section\" data-e-type=\"section\" data-settings=\"{&quot;background_background&quot;:&quot;classic&quot;,&quot;shape_divider_bottom&quot;:&quot;tilt&quot;}\">\n\t\t\t\t\t\t\t<div class=\"elementor-background-overlay\"><\/div>\n\t\t\t\t\t\t<div class=\"elementor-shape elementor-shape-bottom\" aria-hidden=\"true\" data-negative=\"false\">\n\t\t\t<svg xmlns=\"http:\/\/www.w3.org\/2000\/svg\" viewBox=\"0 0 1000 100\" preserveAspectRatio=\"none\">\n\t<path class=\"elementor-shape-fill\" d=\"M0,6V0h1000v100L0,6z\"\/>\n<\/svg>\t\t<\/div>\n\t\t\t\t\t<div class=\"elementor-container elementor-column-gap-default\">\n\t\t\t\t\t<div class=\"elementor-column elementor-col-100 elementor-top-column elementor-element elementor-element-d0a10f9\" data-id=\"d0a10f9\" data-element_type=\"column\" data-e-type=\"column\">\n\t\t\t<div class=\"elementor-widget-wrap elementor-element-populated\">\n\t\t\t\t\t\t<section class=\"elementor-section elementor-inner-section elementor-element elementor-element-17516c1e elementor-section-boxed elementor-section-height-default elementor-section-height-default\" data-id=\"17516c1e\" data-element_type=\"section\" data-e-type=\"section\">\n\t\t\t\t\t\t<div class=\"elementor-container elementor-column-gap-default\">\n\t\t\t\t\t<div class=\"elementor-column elementor-col-50 elementor-inner-column elementor-element elementor-element-33e022e0 elementor-hidden-phone\" data-id=\"33e022e0\" data-element_type=\"column\" data-e-type=\"column\">\n\t\t\t<div class=\"elementor-widget-wrap\">\n\t\t\t\t\t\t\t<\/div>\n\t\t<\/div>\n\t\t\t\t<div class=\"elementor-column elementor-col-50 elementor-inner-column elementor-element elementor-element-d60fec0\" data-id=\"d60fec0\" data-element_type=\"column\" data-e-type=\"column\">\n\t\t\t<div class=\"elementor-widget-wrap elementor-element-populated\">\n\t\t\t\t\t\t<div class=\"elementor-element elementor-element-7070ae70 elementor-widget elementor-widget-heading\" data-id=\"7070ae70\" data-element_type=\"widget\" data-e-type=\"widget\" data-widget_type=\"heading.default\">\n\t\t\t\t<div class=\"elementor-widget-container\">\n\t\t\t\t\t<h2 class=\"elementor-heading-title elementor-size-default\">Miembro de la Junta Directiva<\/h2>\t\t\t\t<\/div>\n\t\t\t\t<\/div>\n\t\t\t\t\t<\/div>\n\t\t<\/div>\n\t\t\t\t\t<\/div>\n\t\t<\/section>\n\t\t\t\t\t<\/div>\n\t\t<\/div>\n\t\t\t\t\t<\/div>\n\t\t<\/section>\n\t\t\t\t<section class=\"elementor-section elementor-top-section elementor-element elementor-element-19e3a15f elementor-section-boxed elementor-section-height-default elementor-section-height-default elementor-invisible\" data-id=\"19e3a15f\" data-element_type=\"section\" data-e-type=\"section\" data-settings=\"{&quot;animation&quot;:&quot;slideInUp&quot;}\">\n\t\t\t\t\t\t<div class=\"elementor-container elementor-column-gap-wider\">\n\t\t\t\t\t<div class=\"elementor-column elementor-col-33 elementor-top-column elementor-element elementor-element-3edaaa2e\" data-id=\"3edaaa2e\" data-element_type=\"column\" data-e-type=\"column\">\n\t\t\t<div class=\"elementor-widget-wrap elementor-element-populated\">\n\t\t\t\t\t\t<div class=\"elementor-element elementor-element-208fc13c elementor-widget elementor-widget-image\" data-id=\"208fc13c\" data-element_type=\"widget\" data-e-type=\"widget\" data-widget_type=\"image.default\">\n\t\t\t\t<div class=\"elementor-widget-container\">\n\t\t\t\t\t\t\t\t\t\t\t\t\t\t\t<img fetchpriority=\"high\" decoding=\"async\" width=\"800\" height=\"800\" src=\"https:\/\/www.ledcmn.org\/wp-content\/uploads\/2021\/03\/board-Carlos.jpg\" class=\"attachment-large size-large wp-image-2509\" alt=\"\" srcset=\"https:\/\/www.ledcmn.org\/wp-content\/uploads\/2021\/03\/board-Carlos.jpg 850w, https:\/\/www.ledcmn.org\/wp-content\/uploads\/2021\/03\/board-Carlos-300x300.jpg 300w, https:\/\/www.ledcmn.org\/wp-content\/uploads\/2021\/03\/board-Carlos-150x150.jpg 150w, https:\/\/www.ledcmn.org\/wp-content\/uploads\/2021\/03\/board-Carlos-768x768.jpg 768w, https:\/\/www.ledcmn.org\/wp-content\/uploads\/2021\/03\/elementor\/thumbs\/board-Carlos-p42y1diog32yc1m8hh5dptpo0sgi4zlenzdo0xxtb4.jpg 400w\" sizes=\"(max-width: 800px) 100vw, 800px\" \/>\t\t\t\t\t\t\t\t\t\t\t\t\t\t\t<\/div>\n\t\t\t\t<\/div>\n\t\t\t\t\t<\/div>\n\t\t<\/div>\n\t\t\t\t<div class=\"elementor-column elementor-col-66 elementor-top-column elementor-element elementor-element-7c226c18\" data-id=\"7c226c18\" data-element_type=\"column\" data-e-type=\"column\">\n\t\t\t<div class=\"elementor-widget-wrap elementor-element-populated\">\n\t\t\t\t\t\t<div class=\"elementor-element elementor-element-7eba20a7 elementor-widget elementor-widget-heading\" data-id=\"7eba20a7\" data-element_type=\"widget\" data-e-type=\"widget\" data-widget_type=\"heading.default\">\n\t\t\t\t<div class=\"elementor-widget-container\">\n\t\t\t\t\t<h1 class=\"elementor-heading-title elementor-size-default\">Carlos Lamboglia<\/h1>\t\t\t\t<\/div>\n\t\t\t\t<\/div>\n\t\t\t\t<div class=\"elementor-element elementor-element-ca21667 elementor-icon-list--layout-traditional elementor-list-item-link-full_width elementor-widget elementor-widget-icon-list\" data-id=\"ca21667\" data-element_type=\"widget\" data-e-type=\"widget\" data-widget_type=\"icon-list.default\">\n\t\t\t\t<div class=\"elementor-widget-container\">\n\t\t\t\t\t\t\t<ul class=\"elementor-icon-list-items\">\n\t\t\t\t\t\t\t<li class=\"elementor-icon-list-item\">\n\t\t\t\t\t\t\t\t\t\t\t<span class=\"elementor-icon-list-icon\">\n\t\t\t\t\t\t\t<i aria-hidden=\"true\" class=\"fas fa-chevron-right\"><\/i>\t\t\t\t\t\t<\/span>\n\t\t\t\t\t\t\t\t\t\t<span class=\"elementor-icon-list-text\">Gerente de Relaciones, Banca Automotriz y de Transporte en U.S. Bank<\/span>\n\t\t\t\t\t\t\t\t\t<\/li>\n\t\t\t\t\t\t\t\t<li class=\"elementor-icon-list-item\">\n\t\t\t\t\t\t\t\t\t\t\t<span class=\"elementor-icon-list-icon\">\n\t\t\t\t\t\t\t<i aria-hidden=\"true\" class=\"fas fa-chevron-right\"><\/i>\t\t\t\t\t\t<\/span>\n\t\t\t\t\t\t\t\t\t\t<span class=\"elementor-icon-list-text\">Miembro de la Junta Directiva<\/span>\n\t\t\t\t\t\t\t\t\t<\/li>\n\t\t\t\t\t\t<\/ul>\n\t\t\t\t\t\t<\/div>\n\t\t\t\t<\/div>\n\t\t\t\t<div class=\"elementor-element elementor-element-7509fa70 elementor-widget-divider--view-line elementor-widget elementor-widget-divider\" data-id=\"7509fa70\" data-element_type=\"widget\" data-e-type=\"widget\" data-widget_type=\"divider.default\">\n\t\t\t\t<div class=\"elementor-widget-container\">\n\t\t\t\t\t\t\t<div class=\"elementor-divider\">\n\t\t\t<span class=\"elementor-divider-separator\">\n\t\t\t\t\t\t<\/span>\n\t\t<\/div>\n\t\t\t\t\t\t<\/div>\n\t\t\t\t<\/div>\n\t\t\t\t<div class=\"elementor-element elementor-element-4fcf6669 elementor-widget elementor-widget-text-editor\" data-id=\"4fcf6669\" data-element_type=\"widget\" data-e-type=\"widget\" data-widget_type=\"text-editor.default\">\n\t\t\t\t<div class=\"elementor-widget-container\">\n\t\t\t\t\t\t\t\t\tCarlos es gerente de relaciones en U.S. Bancorp, en el \u00e1rea de actividades bancarias para la industria automotriz y en materia de transporte. En este cargo, Carlos maneja un portafolio que incluye una variedad de clientes, desde inversionistas hasta corporaciones de mediano y gran tama\u00f1o. Entre sus responsabilidades est\u00e1 la estructuraci\u00f3n y la suscripci\u00f3n de transacciones de deuda, as\u00ed como la asistencia al cliente con una variedad de servicios y productos bancarios.Antes de unirse a US Bank en 2010, trabaj\u00f3 en CarVal Investors, Cargill y Ernst &amp; Young en Minneapolis y en Nueva York; Carlos cuenta con m\u00e1s de 20 a\u00f1os de experiencia en servicios financieros y gerencia de relaciones.Carlos ha sido tres veces ganador del premio Legends of Possible de U.S. Bank. Es el presidente actual de la junta directiva del Centro para el Desarrollo Econ\u00f3mico Latino (LEDC) y participa activamente en las iniciativas del banco en el tema de diversidad, equidad e inclusi\u00f3n (DEI, por sus siglas en ingl\u00e9s). En 2018, lider\u00f3 la campa\u00f1a United Way de U.S. Bank en las Ciudades Gemelas y form\u00f3 parte de la junta directiva de Joyce Preschool, un preescolar biling\u00fce y multicultural, desde 2013 hasta 2019.Carlos creci\u00f3 en Guayaquil, Ecuador; curs\u00f3 estudios en la Universidad Estatal de St. Cloud donde obtuvo el grado de Finanzas, y un m\u00e1ster en Contabilidad en la Universidad de Virginia.\t\t\t\t\t\t\t\t<\/div>\n\t\t\t\t<\/div>\n\t\t\t\t\t<\/div>\n\t\t<\/div>\n\t\t\t\t\t<\/div>\n\t\t<\/section>\n\t\t\t\t<\/div>\n\t\t","protected":false},"excerpt":{"rendered":"<p>Miembro de la Junta Directiva Carlos Lamboglia Gerente de Relaciones, Banca Automotriz y de Transporte en U.S. Bank Miembro de la Junta Directiva Carlos es gerente de relaciones en U.S. Bancorp, en el \u00e1rea de actividades bancarias para la industria automotriz y en materia de transporte. En este cargo, Carlos maneja un portafolio que incluye [&hellip;]<\/p>\n","protected":false},"author":1,"featured_media":0,"parent":0,"menu_order":0,"comment_status":"closed","ping_status":"closed","template":"elementor_header_footer","meta":{"_monsterinsights_skip_tracking":false,"_monsterinsights_sitenote_active":false,"_monsterinsights_sitenote_note":"","_monsterinsights_sitenote_category":0,"footnotes":""},"class_list":["post-2719","page","type-page","status-publish","hentry"],"_links":{"self":[{"href":"https:\/\/www.ledcmn.org\/es\/wp-json\/wp\/v2\/pages\/2719","targetHints":{"allow":["GET"]}}],"collection":[{"href":"https:\/\/www.ledcmn.org\/es\/wp-json\/wp\/v2\/pages"}],"about":[{"href":"https:\/\/www.ledcmn.org\/es\/wp-json\/wp\/v2\/types\/page"}],"author":[{"embeddable":true,"href":"https:\/\/www.ledcmn.org\/es\/wp-json\/wp\/v2\/users\/1"}],"replies":[{"embeddable":true,"href":"https:\/\/www.ledcmn.org\/es\/wp-json\/wp\/v2\/comments?post=2719"}],"version-history":[{"count":14,"href":"https:\/\/www.ledcmn.org\/es\/wp-json\/wp\/v2\/pages\/2719\/revisions"}],"predecessor-version":[{"id":10287,"href":"https:\/\/www.ledcmn.org\/es\/wp-json\/wp\/v2\/pages\/2719\/revisions\/10287"}],"wp:attachment":[{"href":"https:\/\/www.ledcmn.org\/es\/wp-json\/wp\/v2\/media?parent=2719"}],"curies":[{"name":"wp","href":"https:\/\/api.w.org\/{rel}","templated":true}]}}