{"id":2713,"date":"2021-04-01T17:47:59","date_gmt":"2021-04-01T17:47:59","guid":{"rendered":"https:\/\/www.ledcmn.org\/ambar-hanson\/"},"modified":"2025-11-25T13:22:53","modified_gmt":"2025-11-25T19:22:53","slug":"ambar-hanson","status":"publish","type":"page","link":"https:\/\/www.ledcmn.org\/es\/ambar-hanson\/","title":{"rendered":"Ambar Hanson"},"content":{"rendered":"\t\t<div data-elementor-type=\"wp-page\" data-elementor-id=\"2713\" class=\"elementor elementor-2713 elementor-592\" data-elementor-post-type=\"page\">\n\t\t\t\t\t\t<section class=\"elementor-section elementor-top-section elementor-element elementor-element-715ff794 elementor-section-height-min-height elementor-section-boxed elementor-section-height-default elementor-section-items-middle\" data-id=\"715ff794\" data-element_type=\"section\" data-e-type=\"section\" data-settings=\"{&quot;background_background&quot;:&quot;classic&quot;,&quot;shape_divider_bottom&quot;:&quot;tilt&quot;}\">\n\t\t\t\t\t\t\t<div class=\"elementor-background-overlay\"><\/div>\n\t\t\t\t\t\t<div class=\"elementor-shape elementor-shape-bottom\" aria-hidden=\"true\" data-negative=\"false\">\n\t\t\t<svg xmlns=\"http:\/\/www.w3.org\/2000\/svg\" viewBox=\"0 0 1000 100\" preserveAspectRatio=\"none\">\n\t<path class=\"elementor-shape-fill\" d=\"M0,6V0h1000v100L0,6z\"\/>\n<\/svg>\t\t<\/div>\n\t\t\t\t\t<div class=\"elementor-container elementor-column-gap-default\">\n\t\t\t\t\t<div class=\"elementor-column elementor-col-100 elementor-top-column elementor-element elementor-element-b4cc236\" data-id=\"b4cc236\" data-element_type=\"column\" data-e-type=\"column\">\n\t\t\t<div class=\"elementor-widget-wrap elementor-element-populated\">\n\t\t\t\t\t\t<section class=\"elementor-section elementor-inner-section elementor-element elementor-element-2545c72f elementor-section-boxed elementor-section-height-default elementor-section-height-default\" data-id=\"2545c72f\" data-element_type=\"section\" data-e-type=\"section\">\n\t\t\t\t\t\t<div class=\"elementor-container elementor-column-gap-default\">\n\t\t\t\t\t<div class=\"elementor-column elementor-col-50 elementor-inner-column elementor-element elementor-element-13624a27 elementor-hidden-phone\" data-id=\"13624a27\" data-element_type=\"column\" data-e-type=\"column\">\n\t\t\t<div class=\"elementor-widget-wrap\">\n\t\t\t\t\t\t\t<\/div>\n\t\t<\/div>\n\t\t\t\t<div class=\"elementor-column elementor-col-50 elementor-inner-column elementor-element elementor-element-4bc7f61a\" data-id=\"4bc7f61a\" data-element_type=\"column\" data-e-type=\"column\">\n\t\t\t<div class=\"elementor-widget-wrap elementor-element-populated\">\n\t\t\t\t\t\t<div class=\"elementor-element elementor-element-4bc672db elementor-widget elementor-widget-heading\" data-id=\"4bc672db\" data-element_type=\"widget\" data-e-type=\"widget\" data-widget_type=\"heading.default\">\n\t\t\t\t<div class=\"elementor-widget-container\">\n\t\t\t\t\t<h2 class=\"elementor-heading-title elementor-size-default\">Miembro de la Junta Directiva<\/h2>\t\t\t\t<\/div>\n\t\t\t\t<\/div>\n\t\t\t\t\t<\/div>\n\t\t<\/div>\n\t\t\t\t\t<\/div>\n\t\t<\/section>\n\t\t\t\t\t<\/div>\n\t\t<\/div>\n\t\t\t\t\t<\/div>\n\t\t<\/section>\n\t\t\t\t<section class=\"elementor-section elementor-top-section elementor-element elementor-element-405f1cd3 elementor-section-boxed elementor-section-height-default elementor-section-height-default elementor-invisible\" data-id=\"405f1cd3\" data-element_type=\"section\" data-e-type=\"section\" data-settings=\"{&quot;animation&quot;:&quot;slideInUp&quot;}\">\n\t\t\t\t\t\t<div class=\"elementor-container elementor-column-gap-wider\">\n\t\t\t\t\t<div class=\"elementor-column elementor-col-33 elementor-top-column elementor-element elementor-element-7fab331e\" data-id=\"7fab331e\" data-element_type=\"column\" data-e-type=\"column\">\n\t\t\t<div class=\"elementor-widget-wrap elementor-element-populated\">\n\t\t\t\t\t\t<div class=\"elementor-element elementor-element-52f93d46 elementor-widget elementor-widget-image\" data-id=\"52f93d46\" data-element_type=\"widget\" data-e-type=\"widget\" data-widget_type=\"image.default\">\n\t\t\t\t<div class=\"elementor-widget-container\">\n\t\t\t\t\t\t\t\t\t\t\t\t\t\t\t<img fetchpriority=\"high\" decoding=\"async\" width=\"800\" height=\"800\" src=\"https:\/\/www.ledcmn.org\/wp-content\/uploads\/2025\/07\/board-Ambar-1024x1024.jpg\" class=\"attachment-large size-large wp-image-9738\" alt=\"\" srcset=\"https:\/\/www.ledcmn.org\/wp-content\/uploads\/2025\/07\/board-Ambar-1024x1024.jpg 1024w, https:\/\/www.ledcmn.org\/wp-content\/uploads\/2025\/07\/board-Ambar-300x300.jpg 300w, https:\/\/www.ledcmn.org\/wp-content\/uploads\/2025\/07\/board-Ambar-150x150.jpg 150w, https:\/\/www.ledcmn.org\/wp-content\/uploads\/2025\/07\/board-Ambar-768x768.jpg 768w, https:\/\/www.ledcmn.org\/wp-content\/uploads\/2025\/07\/elementor\/thumbs\/board-Ambar-r99dtuwwog5agco3pi2fc8ft5t6pva8bstnkzs4za8.jpg 400w, https:\/\/www.ledcmn.org\/wp-content\/uploads\/2025\/07\/board-Ambar.jpg 1200w\" sizes=\"(max-width: 800px) 100vw, 800px\" \/>\t\t\t\t\t\t\t\t\t\t\t\t\t\t\t<\/div>\n\t\t\t\t<\/div>\n\t\t\t\t\t<\/div>\n\t\t<\/div>\n\t\t\t\t<div class=\"elementor-column elementor-col-66 elementor-top-column elementor-element elementor-element-718999f6\" data-id=\"718999f6\" data-element_type=\"column\" data-e-type=\"column\">\n\t\t\t<div class=\"elementor-widget-wrap elementor-element-populated\">\n\t\t\t\t\t\t<div class=\"elementor-element elementor-element-b9b3127 elementor-widget elementor-widget-heading\" data-id=\"b9b3127\" data-element_type=\"widget\" data-e-type=\"widget\" data-widget_type=\"heading.default\">\n\t\t\t\t<div class=\"elementor-widget-container\">\n\t\t\t\t\t<h1 class=\"elementor-heading-title elementor-size-default\">Ambar Cristina Hanson<\/h1>\t\t\t\t<\/div>\n\t\t\t\t<\/div>\n\t\t\t\t<div class=\"elementor-element elementor-element-e4f4536 elementor-icon-list--layout-traditional elementor-list-item-link-full_width elementor-widget elementor-widget-icon-list\" data-id=\"e4f4536\" data-element_type=\"widget\" data-e-type=\"widget\" data-widget_type=\"icon-list.default\">\n\t\t\t\t<div class=\"elementor-widget-container\">\n\t\t\t\t\t\t\t<ul class=\"elementor-icon-list-items\">\n\t\t\t\t\t\t\t<li class=\"elementor-icon-list-item\">\n\t\t\t\t\t\t\t\t\t\t\t<span class=\"elementor-icon-list-icon\">\n\t\t\t\t\t\t\t<i aria-hidden=\"true\" class=\"fas fa-chevron-right\"><\/i>\t\t\t\t\t\t<\/span>\n\t\t\t\t\t\t\t\t\t\t<span class=\"elementor-icon-list-text\">Directora Ejecutiva de Mortenson Family Foundation<\/span>\n\t\t\t\t\t\t\t\t\t<\/li>\n\t\t\t\t\t\t\t\t<li class=\"elementor-icon-list-item\">\n\t\t\t\t\t\t\t\t\t\t\t<span class=\"elementor-icon-list-icon\">\n\t\t\t\t\t\t\t<i aria-hidden=\"true\" class=\"fas fa-chevron-right\"><\/i>\t\t\t\t\t\t<\/span>\n\t\t\t\t\t\t\t\t\t\t<span class=\"elementor-icon-list-text\">Miembro de la Junta Directiva<\/span>\n\t\t\t\t\t\t\t\t\t<\/li>\n\t\t\t\t\t\t<\/ul>\n\t\t\t\t\t\t<\/div>\n\t\t\t\t<\/div>\n\t\t\t\t<div class=\"elementor-element elementor-element-8c4b4d5 elementor-widget-divider--view-line elementor-widget elementor-widget-divider\" data-id=\"8c4b4d5\" data-element_type=\"widget\" data-e-type=\"widget\" data-widget_type=\"divider.default\">\n\t\t\t\t<div class=\"elementor-widget-container\">\n\t\t\t\t\t\t\t<div class=\"elementor-divider\">\n\t\t\t<span class=\"elementor-divider-separator\">\n\t\t\t\t\t\t<\/span>\n\t\t<\/div>\n\t\t\t\t\t\t<\/div>\n\t\t\t\t<\/div>\n\t\t\t\t<div class=\"elementor-element elementor-element-71ad1c83 elementor-widget elementor-widget-text-editor\" data-id=\"71ad1c83\" data-element_type=\"widget\" data-e-type=\"widget\" data-widget_type=\"text-editor.default\">\n\t\t\t\t<div class=\"elementor-widget-container\">\n\t\t\t\t\t\t\t\t\t<p>\u00c1mbar Cristina Hanson, MPA, es la Directora Ejecutiva de Mortenson Family Foundation. Su camino hacia la filantrop\u00eda comenz\u00f3 despu\u00e9s de trabajar durante 17 a\u00f1os en el sector sin fines de lucro. Anteriormente, \u00c1mbar se desempe\u00f1\u00f3 como Directora de Relaciones Externas en Hiawatha Academies, una red de escuelas p\u00fablicas gratuitas de alto rendimiento, de k\u00ednder a 12.\u00ba grado, ubicadas en el sur de Minneapolis.   <\/p><p>\u00c1mbar se mud\u00f3 a Minnesota desde la Rep\u00fablica Dominicana en 1997. Desde su llegada a los Estados Unidos, se ha dedicado a promover y abogar por las comunidades inmigrantes y comunidades de color, con el fin de que tengan igualdad de oportunidades y acceso a la educaci\u00f3n superior, empleos con salarios dignos, salud, vivienda y seguridad. Antes de trabajar en filantrop\u00eda y en el \u00e1mbito de la educaci\u00f3n PreK-12, \u00c1mbar dedic\u00f3 m\u00e1s de diez a\u00f1os a la defensa de sobrevivientes de violencia dom\u00e9stica y agresi\u00f3n sexual a trav\u00e9s de varios roles en Esperanza United y la Red Nacional Latina para Familias y Comunidades Saludables. Ofreci\u00f3 capacitaciones a nivel local y nacional, promoviendo un enfoque integral basado en las fortalezas para trabajar con sobrevivientes de violencia en el noviazgo adolescente, violencia dom\u00e9stica y agresi\u00f3n sexual.<br><br>\u00c1mbar tambi\u00e9n ha sido miembro de las juntas directivas de Emerging Markets Homeownership Initiative, East Side Neighborhood Development Company y Cornerstone Montessori Charter School, as\u00ed como de varios comit\u00e9s asesores, paneles y comisiones que promueven la justicia econ\u00f3mica y social. Actualmente, forma parte del consejo directivo del Minnesota Council of Foundations, el Latino Economic Development Center (LEDC) y la F.R. Bigelow Foundation. Adem\u00e1s, es miembro del comit\u00e9 de finanzas de Headwaters Foundation y de la Asociaci\u00f3n de Alumnas y Alumnos de Color de la Universidad de Wisconsin\u2013Eau Claire.       <\/p><p>\u00c1mbar vive con su pareja y sus dos hijes en el sur de Minneapolis, donde disfrutan bailar, organizar reuniones y tomar clases de m\u00fasica en familia.<\/p>\t\t\t\t\t\t\t\t<\/div>\n\t\t\t\t<\/div>\n\t\t\t\t\t<\/div>\n\t\t<\/div>\n\t\t\t\t\t<\/div>\n\t\t<\/section>\n\t\t\t\t<\/div>\n\t\t","protected":false},"excerpt":{"rendered":"<p>Miembro de la Junta Directiva Ambar Cristina Hanson Directora Ejecutiva de Mortenson Family Foundation Miembro de la Junta Directiva \u00c1mbar Cristina Hanson, MPA, es la Directora Ejecutiva de Mortenson Family Foundation. Su camino hacia la filantrop\u00eda comenz\u00f3 despu\u00e9s de trabajar durante 17 a\u00f1os en el sector sin fines de lucro. Anteriormente, \u00c1mbar se desempe\u00f1\u00f3 como [&hellip;]<\/p>\n","protected":false},"author":1,"featured_media":0,"parent":0,"menu_order":0,"comment_status":"closed","ping_status":"closed","template":"elementor_header_footer","meta":{"_monsterinsights_skip_tracking":false,"_monsterinsights_sitenote_active":false,"_monsterinsights_sitenote_note":"","_monsterinsights_sitenote_category":0,"footnotes":""},"class_list":["post-2713","page","type-page","status-publish","hentry"],"_links":{"self":[{"href":"https:\/\/www.ledcmn.org\/es\/wp-json\/wp\/v2\/pages\/2713","targetHints":{"allow":["GET"]}}],"collection":[{"href":"https:\/\/www.ledcmn.org\/es\/wp-json\/wp\/v2\/pages"}],"about":[{"href":"https:\/\/www.ledcmn.org\/es\/wp-json\/wp\/v2\/types\/page"}],"author":[{"embeddable":true,"href":"https:\/\/www.ledcmn.org\/es\/wp-json\/wp\/v2\/users\/1"}],"replies":[{"embeddable":true,"href":"https:\/\/www.ledcmn.org\/es\/wp-json\/wp\/v2\/comments?post=2713"}],"version-history":[{"count":7,"href":"https:\/\/www.ledcmn.org\/es\/wp-json\/wp\/v2\/pages\/2713\/revisions"}],"predecessor-version":[{"id":10278,"href":"https:\/\/www.ledcmn.org\/es\/wp-json\/wp\/v2\/pages\/2713\/revisions\/10278"}],"wp:attachment":[{"href":"https:\/\/www.ledcmn.org\/es\/wp-json\/wp\/v2\/media?parent=2713"}],"curies":[{"name":"wp","href":"https:\/\/api.w.org\/{rel}","templated":true}]}}