{"id":1444,"date":"2020-05-26T15:57:32","date_gmt":"2020-05-26T15:57:32","guid":{"rendered":"https:\/\/www.ledcmn.org\/aaron-blyth\/"},"modified":"2023-05-12T12:24:36","modified_gmt":"2023-05-12T17:24:36","slug":"aaron-blyth","status":"publish","type":"page","link":"https:\/\/www.ledcmn.org\/es\/aaron-blyth\/","title":{"rendered":"Aaron Blyth"},"content":{"rendered":"\t\t<div data-elementor-type=\"wp-page\" data-elementor-id=\"1444\" class=\"elementor elementor-1444 elementor-546\" data-elementor-post-type=\"page\">\n\t\t\t\t\t\t<section class=\"elementor-section elementor-top-section elementor-element elementor-element-2d4a97d6 elementor-section-height-min-height elementor-section-boxed elementor-section-height-default elementor-section-items-middle\" data-id=\"2d4a97d6\" data-element_type=\"section\" data-e-type=\"section\" data-settings=\"{&quot;background_background&quot;:&quot;classic&quot;,&quot;shape_divider_bottom&quot;:&quot;tilt&quot;}\">\n\t\t\t\t\t\t\t<div class=\"elementor-background-overlay\"><\/div>\n\t\t\t\t\t\t<div class=\"elementor-shape elementor-shape-bottom\" aria-hidden=\"true\" data-negative=\"false\">\n\t\t\t<svg xmlns=\"http:\/\/www.w3.org\/2000\/svg\" viewBox=\"0 0 1000 100\" preserveAspectRatio=\"none\">\n\t<path class=\"elementor-shape-fill\" d=\"M0,6V0h1000v100L0,6z\"\/>\n<\/svg>\t\t<\/div>\n\t\t\t\t\t<div class=\"elementor-container elementor-column-gap-default\">\n\t\t\t\t\t<div class=\"elementor-column elementor-col-100 elementor-top-column elementor-element elementor-element-6c483eae\" data-id=\"6c483eae\" data-element_type=\"column\" data-e-type=\"column\">\n\t\t\t<div class=\"elementor-widget-wrap elementor-element-populated\">\n\t\t\t\t\t\t<section class=\"elementor-section elementor-inner-section elementor-element elementor-element-41b95d4d elementor-section-boxed elementor-section-height-default elementor-section-height-default\" data-id=\"41b95d4d\" data-element_type=\"section\" data-e-type=\"section\">\n\t\t\t\t\t\t<div class=\"elementor-container elementor-column-gap-default\">\n\t\t\t\t\t<div class=\"elementor-column elementor-col-50 elementor-inner-column elementor-element elementor-element-43f0c30d elementor-hidden-phone\" data-id=\"43f0c30d\" data-element_type=\"column\" data-e-type=\"column\">\n\t\t\t<div class=\"elementor-widget-wrap\">\n\t\t\t\t\t\t\t<\/div>\n\t\t<\/div>\n\t\t\t\t<div class=\"elementor-column elementor-col-50 elementor-inner-column elementor-element elementor-element-4466ebdc\" data-id=\"4466ebdc\" data-element_type=\"column\" data-e-type=\"column\">\n\t\t\t<div class=\"elementor-widget-wrap elementor-element-populated\">\n\t\t\t\t\t\t<div class=\"elementor-element elementor-element-6b02bb28 elementor-widget elementor-widget-heading\" data-id=\"6b02bb28\" data-element_type=\"widget\" data-e-type=\"widget\" data-widget_type=\"heading.default\">\n\t\t\t\t<div class=\"elementor-widget-container\">\n\t\t\t\t\t<h2 class=\"elementor-heading-title elementor-size-default\">Equipo<\/h2>\t\t\t\t<\/div>\n\t\t\t\t<\/div>\n\t\t\t\t\t<\/div>\n\t\t<\/div>\n\t\t\t\t\t<\/div>\n\t\t<\/section>\n\t\t\t\t\t<\/div>\n\t\t<\/div>\n\t\t\t\t\t<\/div>\n\t\t<\/section>\n\t\t\t\t<section class=\"elementor-section elementor-top-section elementor-element elementor-element-7e5ff8dd elementor-section-boxed elementor-section-height-default elementor-section-height-default elementor-invisible\" data-id=\"7e5ff8dd\" data-element_type=\"section\" data-e-type=\"section\" data-settings=\"{&quot;animation&quot;:&quot;slideInUp&quot;}\">\n\t\t\t\t\t\t<div class=\"elementor-container elementor-column-gap-wider\">\n\t\t\t\t\t<div class=\"elementor-column elementor-col-33 elementor-top-column elementor-element elementor-element-7a508e40\" data-id=\"7a508e40\" data-element_type=\"column\" data-e-type=\"column\">\n\t\t\t<div class=\"elementor-widget-wrap elementor-element-populated\">\n\t\t\t\t\t\t<div class=\"elementor-element elementor-element-1e5afa9d elementor-widget elementor-widget-image\" data-id=\"1e5afa9d\" data-element_type=\"widget\" data-e-type=\"widget\" data-widget_type=\"image.default\">\n\t\t\t\t<div class=\"elementor-widget-container\">\n\t\t\t\t\t\t\t\t\t\t\t\t\t\t\t<img fetchpriority=\"high\" decoding=\"async\" width=\"800\" height=\"800\" src=\"https:\/\/www.ledcmn.org\/wp-content\/uploads\/2020\/02\/Staff-Aaron.jpg\" class=\"attachment-large size-large wp-image-870\" alt=\"\" srcset=\"https:\/\/www.ledcmn.org\/wp-content\/uploads\/2020\/02\/Staff-Aaron.jpg 850w, https:\/\/www.ledcmn.org\/wp-content\/uploads\/2020\/02\/Staff-Aaron-300x300.jpg 300w, https:\/\/www.ledcmn.org\/wp-content\/uploads\/2020\/02\/Staff-Aaron-150x150.jpg 150w, https:\/\/www.ledcmn.org\/wp-content\/uploads\/2020\/02\/Staff-Aaron-768x768.jpg 768w, https:\/\/www.ledcmn.org\/wp-content\/uploads\/2020\/02\/elementor\/thumbs\/Staff-Aaron-olwdq0loz5b3st09czu1tr1nj0vu3nf8gslztxksrk.jpg 400w\" sizes=\"(max-width: 800px) 100vw, 800px\" \/>\t\t\t\t\t\t\t\t\t\t\t\t\t\t\t<\/div>\n\t\t\t\t<\/div>\n\t\t\t\t<div class=\"elementor-element elementor-element-5e25e32f elementor-tablet-align-start elementor-mobile-align-center elementor-icon-list--layout-traditional elementor-list-item-link-full_width elementor-widget elementor-widget-icon-list\" data-id=\"5e25e32f\" data-element_type=\"widget\" data-e-type=\"widget\" data-widget_type=\"icon-list.default\">\n\t\t\t\t<div class=\"elementor-widget-container\">\n\t\t\t\t\t\t\t<ul class=\"elementor-icon-list-items\">\n\t\t\t\t\t\t\t<li class=\"elementor-icon-list-item\">\n\t\t\t\t\t\t\t\t\t\t\t<span class=\"elementor-icon-list-icon\">\n\t\t\t\t\t\t\t<i aria-hidden=\"true\" class=\"fas fa-phone\"><\/i>\t\t\t\t\t\t<\/span>\n\t\t\t\t\t\t\t\t\t\t<span class=\"elementor-icon-list-text\">(651) 395-4030<\/span>\n\t\t\t\t\t\t\t\t\t<\/li>\n\t\t\t\t\t\t\t\t<li class=\"elementor-icon-list-item\">\n\t\t\t\t\t\t\t\t\t\t\t<span class=\"elementor-icon-list-icon\">\n\t\t\t\t\t\t\t<i aria-hidden=\"true\" class=\"fas fa-envelope\"><\/i>\t\t\t\t\t\t<\/span>\n\t\t\t\t\t\t\t\t\t\t<span class=\"elementor-icon-list-text\">aaron@ledcmn.org<\/span>\n\t\t\t\t\t\t\t\t\t<\/li>\n\t\t\t\t\t\t<\/ul>\n\t\t\t\t\t\t<\/div>\n\t\t\t\t<\/div>\n\t\t\t\t<div class=\"elementor-element elementor-element-4f64fdb9 e-grid-align-mobile-center e-grid-align-left elementor-shape-rounded elementor-grid-0 elementor-widget elementor-widget-social-icons\" data-id=\"4f64fdb9\" data-element_type=\"widget\" data-e-type=\"widget\" data-widget_type=\"social-icons.default\">\n\t\t\t\t<div class=\"elementor-widget-container\">\n\t\t\t\t\t\t\t<div class=\"elementor-social-icons-wrapper elementor-grid\" role=\"list\">\n\t\t\t\t\t\t\t<span class=\"elementor-grid-item\" role=\"listitem\">\n\t\t\t\t\t<a class=\"elementor-icon elementor-social-icon elementor-social-icon-twitter elementor-repeater-item-8105a84\" target=\"_blank\">\n\t\t\t\t\t\t<span class=\"elementor-screen-only\">Twitter<\/span>\n\t\t\t\t\t\t<i aria-hidden=\"true\" class=\"fab fa-twitter\"><\/i>\t\t\t\t\t<\/a>\n\t\t\t\t<\/span>\n\t\t\t\t\t\t\t<span class=\"elementor-grid-item\" role=\"listitem\">\n\t\t\t\t\t<a class=\"elementor-icon elementor-social-icon elementor-social-icon-linkedin elementor-repeater-item-10f2479\" target=\"_blank\">\n\t\t\t\t\t\t<span class=\"elementor-screen-only\">Linkedin<\/span>\n\t\t\t\t\t\t<i aria-hidden=\"true\" class=\"fab fa-linkedin\"><\/i>\t\t\t\t\t<\/a>\n\t\t\t\t<\/span>\n\t\t\t\t\t<\/div>\n\t\t\t\t\t\t<\/div>\n\t\t\t\t<\/div>\n\t\t\t\t\t<\/div>\n\t\t<\/div>\n\t\t\t\t<div class=\"elementor-column elementor-col-66 elementor-top-column elementor-element elementor-element-9be1f6c\" data-id=\"9be1f6c\" data-element_type=\"column\" data-e-type=\"column\">\n\t\t\t<div class=\"elementor-widget-wrap elementor-element-populated\">\n\t\t\t\t\t\t<div class=\"elementor-element elementor-element-721c2a4b elementor-widget elementor-widget-heading\" data-id=\"721c2a4b\" data-element_type=\"widget\" data-e-type=\"widget\" data-widget_type=\"heading.default\">\n\t\t\t\t<div class=\"elementor-widget-container\">\n\t\t\t\t\t<h1 class=\"elementor-heading-title elementor-size-default\">Aaron Blyth<\/h1>\t\t\t\t<\/div>\n\t\t\t\t<\/div>\n\t\t\t\t<div class=\"elementor-element elementor-element-255a312f elementor-widget-divider--view-line elementor-widget elementor-widget-divider\" data-id=\"255a312f\" data-element_type=\"widget\" data-e-type=\"widget\" data-widget_type=\"divider.default\">\n\t\t\t\t<div class=\"elementor-widget-container\">\n\t\t\t\t\t\t\t<div class=\"elementor-divider\">\n\t\t\t<span class=\"elementor-divider-separator\">\n\t\t\t\t\t\t<\/span>\n\t\t<\/div>\n\t\t\t\t\t\t<\/div>\n\t\t\t\t<\/div>\n\t\t\t\t<div class=\"elementor-element elementor-element-39747fd1 elementor-widget elementor-widget-heading\" data-id=\"39747fd1\" data-element_type=\"widget\" data-e-type=\"widget\" data-widget_type=\"heading.default\">\n\t\t\t\t<div class=\"elementor-widget-container\">\n\t\t\t\t\t<h3 class=\"elementor-heading-title elementor-size-default\">Director del Programa Agr\u00edcola <\/h3>\t\t\t\t<\/div>\n\t\t\t\t<\/div>\n\t\t\t\t<div class=\"elementor-element elementor-element-7662fb37 elementor-widget elementor-widget-text-editor\" data-id=\"7662fb37\" data-element_type=\"widget\" data-e-type=\"widget\" data-widget_type=\"text-editor.default\">\n\t\t\t\t<div class=\"elementor-widget-container\">\n\t\t\t\t\t\t\t\t\t<p><span style=\"font-weight: 400;\">Aaron ayuda a dirigir el Programa Agr\u00edcola de LEDC que trabaja para asegurar subvenciones, administrar el presupuesto del programa y coordinar las actividades de capacitaci\u00f3n agr\u00edcola de LEDC, que incluyen; asistencia t\u00e9cnica empresarial a los agricultores, asistencia para la solicitud de pr\u00e9stamos, asistencia de marketing y asistencia t\u00e9cnica en el campo. Aaron tambi\u00e9n ayuda a construir asociaciones clave con otras organizaciones agr\u00edcolas y gubernamentales involucradas en la creaci\u00f3n de caminos para el \u00e9xito de los empresarios agr\u00edcolas latinos de Minnesota.<\/span><\/p>\n<p><span style=\"font-weight: 400;\">Aaron comenz\u00f3 a trabajar en la producci\u00f3n de hortalizas org\u00e1nicas en 2001. Se gradu\u00f3 en el Programa de Aprendizaje del Centro de Agroecolog\u00eda y Sistemas Alimentarios Sostenibles de la Universidad de Santa Cruz en Horticultura Ecol\u00f3gica. Aaron pas\u00f3 m\u00e1s de 8 a\u00f1os trabajando y administrando granjas de hortalizas org\u00e1nicas en Oregon y Minnesota. Pas\u00f3 6 a\u00f1os como gerente de granjas de Big River Farms, una granja de capacitaci\u00f3n de vegetales org\u00e1nicos que trabaja con agricultores emergentes e inmigrantes. M\u00e1s recientemente, pas\u00f3 5 a\u00f1os como Director de Shared Ground Farmers &#8216;Cooperative, una cooperativa de comercializaci\u00f3n latina de propiedad mayoritaria en St. Paul, MN.<\/span><\/p>\n<p><span style=\"font-weight: 400;\">Como empleado Estadounidense de una organizaci\u00f3n latina, Aaron est\u00e1 inspirado para hacer este trabajo por dos razones. Primero, \u00e9l est\u00e1 constantemente asombrado por la visi\u00f3n, la dedicaci\u00f3n y la sabidur\u00eda que los empresarios agr\u00edcolas latinos aportan a las zonas rurales de Minnesota. En segundo lugar, Aaron quiere ver una pr\u00f3spera econom\u00eda agr\u00edcola de Minnesota y cree profundamente que el futuro de una Minnesota rural saludable depende de la energ\u00eda y la pasi\u00f3n de la creciente comunidad latina que ha hecho de Minnesota rural su hogar.<\/span><\/p>\n\t\t\t\t\t\t\t\t<\/div>\n\t\t\t\t<\/div>\n\t\t\t\t\t<\/div>\n\t\t<\/div>\n\t\t\t\t\t<\/div>\n\t\t<\/section>\n\t\t\t\t<\/div>\n\t\t","protected":false},"excerpt":{"rendered":"<p>Equipo (651) 395-4030 aaron@ledcmn.org Twitter Linkedin Aaron Blyth Director del Programa Agr\u00edcola Aaron ayuda a dirigir el Programa Agr\u00edcola de LEDC que trabaja para asegurar subvenciones, administrar el presupuesto del programa y coordinar las actividades de capacitaci\u00f3n agr\u00edcola de LEDC, que incluyen; asistencia t\u00e9cnica empresarial a los agricultores, asistencia para la solicitud de pr\u00e9stamos, asistencia [&hellip;]<\/p>\n","protected":false},"author":1,"featured_media":0,"parent":0,"menu_order":0,"comment_status":"closed","ping_status":"closed","template":"elementor_header_footer","meta":{"_monsterinsights_skip_tracking":false,"_monsterinsights_sitenote_active":false,"_monsterinsights_sitenote_note":"","_monsterinsights_sitenote_category":0,"footnotes":""},"class_list":["post-1444","page","type-page","status-publish","hentry"],"_links":{"self":[{"href":"https:\/\/www.ledcmn.org\/es\/wp-json\/wp\/v2\/pages\/1444","targetHints":{"allow":["GET"]}}],"collection":[{"href":"https:\/\/www.ledcmn.org\/es\/wp-json\/wp\/v2\/pages"}],"about":[{"href":"https:\/\/www.ledcmn.org\/es\/wp-json\/wp\/v2\/types\/page"}],"author":[{"embeddable":true,"href":"https:\/\/www.ledcmn.org\/es\/wp-json\/wp\/v2\/users\/1"}],"replies":[{"embeddable":true,"href":"https:\/\/www.ledcmn.org\/es\/wp-json\/wp\/v2\/comments?post=1444"}],"version-history":[{"count":4,"href":"https:\/\/www.ledcmn.org\/es\/wp-json\/wp\/v2\/pages\/1444\/revisions"}],"predecessor-version":[{"id":6732,"href":"https:\/\/www.ledcmn.org\/es\/wp-json\/wp\/v2\/pages\/1444\/revisions\/6732"}],"wp:attachment":[{"href":"https:\/\/www.ledcmn.org\/es\/wp-json\/wp\/v2\/media?parent=1444"}],"curies":[{"name":"wp","href":"https:\/\/api.w.org\/{rel}","templated":true}]}}