{"id":10492,"date":"2026-01-06T17:00:41","date_gmt":"2026-01-06T23:00:41","guid":{"rendered":"https:\/\/www.ledcmn.org\/evan-uribe\/"},"modified":"2026-01-06T17:00:41","modified_gmt":"2026-01-06T23:00:41","slug":"evan-uribe","status":"publish","type":"page","link":"https:\/\/www.ledcmn.org\/es\/evan-uribe\/","title":{"rendered":"Evan Uribe"},"content":{"rendered":"\t\t<div data-elementor-type=\"wp-page\" data-elementor-id=\"10492\" class=\"elementor elementor-10492 elementor-10472\" data-elementor-post-type=\"page\">\n\t\t\t\t\t\t<section class=\"elementor-section elementor-top-section elementor-element elementor-element-0fd12e2 elementor-section-height-min-height elementor-section-boxed elementor-section-height-default elementor-section-items-middle\" data-id=\"0fd12e2\" data-element_type=\"section\" data-e-type=\"section\" data-settings=\"{&quot;background_background&quot;:&quot;classic&quot;,&quot;shape_divider_bottom&quot;:&quot;tilt&quot;}\">\n\t\t\t\t\t\t\t<div class=\"elementor-background-overlay\"><\/div>\n\t\t\t\t\t\t<div class=\"elementor-shape elementor-shape-bottom\" aria-hidden=\"true\" data-negative=\"false\">\n\t\t\t<svg xmlns=\"http:\/\/www.w3.org\/2000\/svg\" viewBox=\"0 0 1000 100\" preserveAspectRatio=\"none\">\n\t<path class=\"elementor-shape-fill\" d=\"M0,6V0h1000v100L0,6z\"\/>\n<\/svg>\t\t<\/div>\n\t\t\t\t\t<div class=\"elementor-container elementor-column-gap-default\">\n\t\t\t\t\t<div class=\"elementor-column elementor-col-100 elementor-top-column elementor-element elementor-element-0bdbbad\" data-id=\"0bdbbad\" data-element_type=\"column\" data-e-type=\"column\">\n\t\t\t<div class=\"elementor-widget-wrap elementor-element-populated\">\n\t\t\t\t\t\t<section class=\"elementor-section elementor-inner-section elementor-element elementor-element-93fafb2 elementor-section-boxed elementor-section-height-default elementor-section-height-default\" data-id=\"93fafb2\" data-element_type=\"section\" data-e-type=\"section\">\n\t\t\t\t\t\t<div class=\"elementor-container elementor-column-gap-default\">\n\t\t\t\t\t<div class=\"elementor-column elementor-col-50 elementor-inner-column elementor-element elementor-element-c133e2b elementor-hidden-phone\" data-id=\"c133e2b\" data-element_type=\"column\" data-e-type=\"column\">\n\t\t\t<div class=\"elementor-widget-wrap\">\n\t\t\t\t\t\t\t<\/div>\n\t\t<\/div>\n\t\t\t\t<div class=\"elementor-column elementor-col-50 elementor-inner-column elementor-element elementor-element-6c143c7\" data-id=\"6c143c7\" data-element_type=\"column\" data-e-type=\"column\">\n\t\t\t<div class=\"elementor-widget-wrap elementor-element-populated\">\n\t\t\t\t\t\t<div class=\"elementor-element elementor-element-4734bdd elementor-widget elementor-widget-heading\" data-id=\"4734bdd\" data-element_type=\"widget\" data-e-type=\"widget\" data-widget_type=\"heading.default\">\n\t\t\t\t<div class=\"elementor-widget-container\">\n\t\t\t\t\t<h2 class=\"elementor-heading-title elementor-size-default\">Miembro de la Junta Directiva<\/h2>\t\t\t\t<\/div>\n\t\t\t\t<\/div>\n\t\t\t\t\t<\/div>\n\t\t<\/div>\n\t\t\t\t\t<\/div>\n\t\t<\/section>\n\t\t\t\t\t<\/div>\n\t\t<\/div>\n\t\t\t\t\t<\/div>\n\t\t<\/section>\n\t\t\t\t<section class=\"elementor-section elementor-top-section elementor-element elementor-element-a4dadd2 elementor-section-boxed elementor-section-height-default elementor-section-height-default elementor-invisible\" data-id=\"a4dadd2\" data-element_type=\"section\" data-e-type=\"section\" data-settings=\"{&quot;animation&quot;:&quot;slideInUp&quot;}\">\n\t\t\t\t\t\t<div class=\"elementor-container elementor-column-gap-wider\">\n\t\t\t\t\t<div class=\"elementor-column elementor-col-33 elementor-top-column elementor-element elementor-element-03811ba\" data-id=\"03811ba\" data-element_type=\"column\" data-e-type=\"column\">\n\t\t\t<div class=\"elementor-widget-wrap elementor-element-populated\">\n\t\t\t\t\t\t<div class=\"elementor-element elementor-element-d90768f elementor-widget elementor-widget-image\" data-id=\"d90768f\" data-element_type=\"widget\" data-e-type=\"widget\" data-widget_type=\"image.default\">\n\t\t\t\t<div class=\"elementor-widget-container\">\n\t\t\t\t\t\t\t\t\t\t\t\t\t\t\t<img fetchpriority=\"high\" decoding=\"async\" width=\"800\" height=\"800\" src=\"https:\/\/www.ledcmn.org\/wp-content\/uploads\/2026\/01\/board-Evan-Uribe.jpg\" class=\"attachment-large size-large wp-image-10479\" alt=\"Foto de Evan Uribe\" srcset=\"https:\/\/www.ledcmn.org\/wp-content\/uploads\/2026\/01\/board-Evan-Uribe.jpg 850w, https:\/\/www.ledcmn.org\/wp-content\/uploads\/2026\/01\/board-Evan-Uribe-300x300.jpg 300w, https:\/\/www.ledcmn.org\/wp-content\/uploads\/2026\/01\/board-Evan-Uribe-150x150.jpg 150w, https:\/\/www.ledcmn.org\/wp-content\/uploads\/2026\/01\/board-Evan-Uribe-768x768.jpg 768w, https:\/\/www.ledcmn.org\/wp-content\/uploads\/2026\/01\/elementor\/thumbs\/board-Evan-Uribe-rh8mzmvj17u0kqm8luj15q3cp1p0oq2usje7pc8ja8.jpg 400w\" sizes=\"(max-width: 800px) 100vw, 800px\" \/>\t\t\t\t\t\t\t\t\t\t\t\t\t\t\t<\/div>\n\t\t\t\t<\/div>\n\t\t\t\t\t<\/div>\n\t\t<\/div>\n\t\t\t\t<div class=\"elementor-column elementor-col-66 elementor-top-column elementor-element elementor-element-7f3f1b4\" data-id=\"7f3f1b4\" data-element_type=\"column\" data-e-type=\"column\">\n\t\t\t<div class=\"elementor-widget-wrap elementor-element-populated\">\n\t\t\t\t\t\t<div class=\"elementor-element elementor-element-9282166 elementor-widget elementor-widget-heading\" data-id=\"9282166\" data-element_type=\"widget\" data-e-type=\"widget\" data-widget_type=\"heading.default\">\n\t\t\t\t<div class=\"elementor-widget-container\">\n\t\t\t\t\t<h1 class=\"elementor-heading-title elementor-size-default\">Evan Uribe<\/h1>\t\t\t\t<\/div>\n\t\t\t\t<\/div>\n\t\t\t\t<div class=\"elementor-element elementor-element-be00bca elementor-icon-list--layout-traditional elementor-list-item-link-full_width elementor-widget elementor-widget-icon-list\" data-id=\"be00bca\" data-element_type=\"widget\" data-e-type=\"widget\" data-widget_type=\"icon-list.default\">\n\t\t\t\t<div class=\"elementor-widget-container\">\n\t\t\t\t\t\t\t<ul class=\"elementor-icon-list-items\">\n\t\t\t\t\t\t\t<li class=\"elementor-icon-list-item\">\n\t\t\t\t\t\t\t\t\t\t\t<span class=\"elementor-icon-list-icon\">\n\t\t\t\t\t\t\t<i aria-hidden=\"true\" class=\"fas fa-chevron-right\"><\/i>\t\t\t\t\t\t<\/span>\n\t\t\t\t\t\t\t\t\t\t<span class=\"elementor-icon-list-text\">Propietario de 612 651 Properties<\/span>\n\t\t\t\t\t\t\t\t\t<\/li>\n\t\t\t\t\t\t\t\t<li class=\"elementor-icon-list-item\">\n\t\t\t\t\t\t\t\t\t\t\t<span class=\"elementor-icon-list-icon\">\n\t\t\t\t\t\t\t<i aria-hidden=\"true\" class=\"fas fa-chevron-right\"><\/i>\t\t\t\t\t\t<\/span>\n\t\t\t\t\t\t\t\t\t\t<span class=\"elementor-icon-list-text\">Oficial de Pr\u00e9stamos en Greater Minnesota Housing Fund<\/span>\n\t\t\t\t\t\t\t\t\t<\/li>\n\t\t\t\t\t\t\t\t<li class=\"elementor-icon-list-item\">\n\t\t\t\t\t\t\t\t\t\t\t<span class=\"elementor-icon-list-icon\">\n\t\t\t\t\t\t\t<i aria-hidden=\"true\" class=\"fas fa-chevron-right\"><\/i>\t\t\t\t\t\t<\/span>\n\t\t\t\t\t\t\t\t\t\t<span class=\"elementor-icon-list-text\">Miembro de la Junta Directiva<\/span>\n\t\t\t\t\t\t\t\t\t<\/li>\n\t\t\t\t\t\t<\/ul>\n\t\t\t\t\t\t<\/div>\n\t\t\t\t<\/div>\n\t\t\t\t<div class=\"elementor-element elementor-element-7dae32a elementor-widget-divider--view-line elementor-widget elementor-widget-divider\" data-id=\"7dae32a\" data-element_type=\"widget\" data-e-type=\"widget\" data-widget_type=\"divider.default\">\n\t\t\t\t<div class=\"elementor-widget-container\">\n\t\t\t\t\t\t\t<div class=\"elementor-divider\">\n\t\t\t<span class=\"elementor-divider-separator\">\n\t\t\t\t\t\t<\/span>\n\t\t<\/div>\n\t\t\t\t\t\t<\/div>\n\t\t\t\t<\/div>\n\t\t\t\t<div class=\"elementor-element elementor-element-163f13a elementor-widget elementor-widget-text-editor\" data-id=\"163f13a\" data-element_type=\"widget\" data-e-type=\"widget\" data-widget_type=\"text-editor.default\">\n\t\t\t\t<div class=\"elementor-widget-container\">\n\t\t\t\t\t\t\t\t\t<p>Evan Uribe es propietario de 612 651 Properties, una empresa desarrolladora de vivienda asequible con sede en las Ciudades Gemelas. Su trabajo se enfoca en la intersecci\u00f3n de las propiedades NOAH (Naturally Occurring Affordable Housing) y en c\u00f3mo recapitalizarlas, garantizando al mismo tiempo la asequibilidad a largo plazo para los inquilinos. <\/p><p>Adem\u00e1s de su labor en 612 651 Properties, Evan trabaja como oficial de pr\u00e9stamos en Greater Minnesota Housing Fund, donde apoya a desarrolladores emergentes que buscan adquirir su primera propiedad, as\u00ed como a desarrolladores con experiencia que utilizan LIHTC (Cr\u00e9ditos Fiscales para Vivienda de Bajos Ingresos) y bonos para construir nuevos proyectos de vivienda asequible y de apoyo. Evan ha originado m\u00e1s de 50 millones de d\u00f3lares en pr\u00e9stamos y cuenta con amplia experiencia en la estructuraci\u00f3n de acuerdos complejos que involucran socios tanto del sector p\u00fablico como del privado. <\/p><p>Evan forma parte del comit\u00e9 externo de pr\u00e9stamos de LEDC, donde contribuye a brindar supervisi\u00f3n estrat\u00e9gica y a asegurar que los proyectos est\u00e9n alineados con la misi\u00f3n y los objetivos de LEDC.<\/p><p>Evan es mexicano-estadounidense de primera generaci\u00f3n, nacido en Boston, Massachusetts, y criado en Minnesota. En su tiempo libre, es un apasionado ciclista de monta\u00f1a de ultra resistencia y disfruta pasar tiempo al aire libre con su esposa, sus tres hijos y sus dos perros. Obtuvo una Licenciatura en Ciencias Pol\u00edticas y Espa\u00f1ol en St. Olaf College.  <\/p>\t\t\t\t\t\t\t\t<\/div>\n\t\t\t\t<\/div>\n\t\t\t\t\t<\/div>\n\t\t<\/div>\n\t\t\t\t\t<\/div>\n\t\t<\/section>\n\t\t\t\t<\/div>\n\t\t","protected":false},"excerpt":{"rendered":"<p>Miembro de la Junta Directiva Evan Uribe Propietario de 612 651 Properties Oficial de Pr\u00e9stamos en Greater Minnesota Housing Fund Miembro de la Junta Directiva Evan Uribe es propietario de 612 651 Properties, una empresa desarrolladora de vivienda asequible con sede en las Ciudades Gemelas. Su trabajo se enfoca en la intersecci\u00f3n de las propiedades [&hellip;]<\/p>\n","protected":false},"author":1,"featured_media":0,"parent":0,"menu_order":0,"comment_status":"closed","ping_status":"closed","template":"elementor_header_footer","meta":{"_monsterinsights_skip_tracking":false,"_monsterinsights_sitenote_active":false,"_monsterinsights_sitenote_note":"","_monsterinsights_sitenote_category":0,"footnotes":""},"class_list":["post-10492","page","type-page","status-publish","hentry"],"_links":{"self":[{"href":"https:\/\/www.ledcmn.org\/es\/wp-json\/wp\/v2\/pages\/10492","targetHints":{"allow":["GET"]}}],"collection":[{"href":"https:\/\/www.ledcmn.org\/es\/wp-json\/wp\/v2\/pages"}],"about":[{"href":"https:\/\/www.ledcmn.org\/es\/wp-json\/wp\/v2\/types\/page"}],"author":[{"embeddable":true,"href":"https:\/\/www.ledcmn.org\/es\/wp-json\/wp\/v2\/users\/1"}],"replies":[{"embeddable":true,"href":"https:\/\/www.ledcmn.org\/es\/wp-json\/wp\/v2\/comments?post=10492"}],"version-history":[{"count":1,"href":"https:\/\/www.ledcmn.org\/es\/wp-json\/wp\/v2\/pages\/10492\/revisions"}],"predecessor-version":[{"id":10493,"href":"https:\/\/www.ledcmn.org\/es\/wp-json\/wp\/v2\/pages\/10492\/revisions\/10493"}],"wp:attachment":[{"href":"https:\/\/www.ledcmn.org\/es\/wp-json\/wp\/v2\/media?parent=10492"}],"curies":[{"name":"wp","href":"https:\/\/api.w.org\/{rel}","templated":true}]}}