{"id":10339,"date":"2025-12-01T21:15:31","date_gmt":"2025-12-02T03:15:31","guid":{"rendered":"https:\/\/www.ledcmn.org\/jennifer-carlson\/"},"modified":"2025-12-01T21:15:31","modified_gmt":"2025-12-02T03:15:31","slug":"jennifer-carlson","status":"publish","type":"page","link":"https:\/\/www.ledcmn.org\/es\/jennifer-carlson\/","title":{"rendered":"Jennifer Carlson"},"content":{"rendered":"\t\t<div data-elementor-type=\"wp-page\" data-elementor-id=\"10339\" class=\"elementor elementor-10339 elementor-10325\" data-elementor-post-type=\"page\">\n\t\t\t\t\t\t<section class=\"elementor-section elementor-top-section elementor-element elementor-element-3088bd7f elementor-section-height-min-height elementor-section-boxed elementor-section-height-default elementor-section-items-middle\" data-id=\"3088bd7f\" data-element_type=\"section\" data-e-type=\"section\" data-settings=\"{&quot;background_background&quot;:&quot;classic&quot;,&quot;shape_divider_bottom&quot;:&quot;tilt&quot;}\">\n\t\t\t\t\t\t\t<div class=\"elementor-background-overlay\"><\/div>\n\t\t\t\t\t\t<div class=\"elementor-shape elementor-shape-bottom\" aria-hidden=\"true\" data-negative=\"false\">\n\t\t\t<svg xmlns=\"http:\/\/www.w3.org\/2000\/svg\" viewBox=\"0 0 1000 100\" preserveAspectRatio=\"none\">\n\t<path class=\"elementor-shape-fill\" d=\"M0,6V0h1000v100L0,6z\"\/>\n<\/svg>\t\t<\/div>\n\t\t\t\t\t<div class=\"elementor-container elementor-column-gap-default\">\n\t\t\t\t\t<div class=\"elementor-column elementor-col-100 elementor-top-column elementor-element elementor-element-3888d7d\" data-id=\"3888d7d\" data-element_type=\"column\" data-e-type=\"column\">\n\t\t\t<div class=\"elementor-widget-wrap elementor-element-populated\">\n\t\t\t\t\t\t<section class=\"elementor-section elementor-inner-section elementor-element elementor-element-bfe9f33 elementor-section-boxed elementor-section-height-default elementor-section-height-default\" data-id=\"bfe9f33\" data-element_type=\"section\" data-e-type=\"section\">\n\t\t\t\t\t\t<div class=\"elementor-container elementor-column-gap-default\">\n\t\t\t\t\t<div class=\"elementor-column elementor-col-50 elementor-inner-column elementor-element elementor-element-778db64e elementor-hidden-phone\" data-id=\"778db64e\" data-element_type=\"column\" data-e-type=\"column\">\n\t\t\t<div class=\"elementor-widget-wrap\">\n\t\t\t\t\t\t\t<\/div>\n\t\t<\/div>\n\t\t\t\t<div class=\"elementor-column elementor-col-50 elementor-inner-column elementor-element elementor-element-477ccde\" data-id=\"477ccde\" data-element_type=\"column\" data-e-type=\"column\">\n\t\t\t<div class=\"elementor-widget-wrap elementor-element-populated\">\n\t\t\t\t\t\t<div class=\"elementor-element elementor-element-210cf559 elementor-widget elementor-widget-heading\" data-id=\"210cf559\" data-element_type=\"widget\" data-e-type=\"widget\" data-widget_type=\"heading.default\">\n\t\t\t\t<div class=\"elementor-widget-container\">\n\t\t\t\t\t<h2 class=\"elementor-heading-title elementor-size-default\">Miembro de la Junta Directiva<\/h2>\t\t\t\t<\/div>\n\t\t\t\t<\/div>\n\t\t\t\t\t<\/div>\n\t\t<\/div>\n\t\t\t\t\t<\/div>\n\t\t<\/section>\n\t\t\t\t\t<\/div>\n\t\t<\/div>\n\t\t\t\t\t<\/div>\n\t\t<\/section>\n\t\t\t\t<section class=\"elementor-section elementor-top-section elementor-element elementor-element-2a6aaf28 elementor-section-boxed elementor-section-height-default elementor-section-height-default elementor-invisible\" data-id=\"2a6aaf28\" data-element_type=\"section\" data-e-type=\"section\" data-settings=\"{&quot;animation&quot;:&quot;slideInUp&quot;}\">\n\t\t\t\t\t\t<div class=\"elementor-container elementor-column-gap-wider\">\n\t\t\t\t\t<div class=\"elementor-column elementor-col-33 elementor-top-column elementor-element elementor-element-d1771a9\" data-id=\"d1771a9\" data-element_type=\"column\" data-e-type=\"column\">\n\t\t\t<div class=\"elementor-widget-wrap elementor-element-populated\">\n\t\t\t\t\t\t<div class=\"elementor-element elementor-element-3c385d37 elementor-widget elementor-widget-image\" data-id=\"3c385d37\" data-element_type=\"widget\" data-e-type=\"widget\" data-widget_type=\"image.default\">\n\t\t\t\t<div class=\"elementor-widget-container\">\n\t\t\t\t\t\t\t\t\t\t\t\t\t\t\t<img fetchpriority=\"high\" decoding=\"async\" width=\"800\" height=\"800\" src=\"https:\/\/www.ledcmn.org\/wp-content\/uploads\/2025\/12\/board-Jennifer-Carlson-1024x1024.jpg\" class=\"attachment-large size-large wp-image-10335\" alt=\"\" srcset=\"https:\/\/www.ledcmn.org\/wp-content\/uploads\/2025\/12\/board-Jennifer-Carlson-1024x1024.jpg 1024w, https:\/\/www.ledcmn.org\/wp-content\/uploads\/2025\/12\/board-Jennifer-Carlson-300x300.jpg 300w, https:\/\/www.ledcmn.org\/wp-content\/uploads\/2025\/12\/board-Jennifer-Carlson-150x150.jpg 150w, https:\/\/www.ledcmn.org\/wp-content\/uploads\/2025\/12\/board-Jennifer-Carlson-768x768.jpg 768w, https:\/\/www.ledcmn.org\/wp-content\/uploads\/2025\/12\/elementor\/thumbs\/board-Jennifer-Carlson-rfjnmjgoj9hgqqlidcvy3g8hclrcaq6631e5g7e7c0.jpg 400w, https:\/\/www.ledcmn.org\/wp-content\/uploads\/2025\/12\/board-Jennifer-Carlson.jpg 1200w\" sizes=\"(max-width: 800px) 100vw, 800px\" \/>\t\t\t\t\t\t\t\t\t\t\t\t\t\t\t<\/div>\n\t\t\t\t<\/div>\n\t\t\t\t\t<\/div>\n\t\t<\/div>\n\t\t\t\t<div class=\"elementor-column elementor-col-66 elementor-top-column elementor-element elementor-element-ccedec3\" data-id=\"ccedec3\" data-element_type=\"column\" data-e-type=\"column\">\n\t\t\t<div class=\"elementor-widget-wrap elementor-element-populated\">\n\t\t\t\t\t\t<div class=\"elementor-element elementor-element-ab0d3b6 elementor-widget elementor-widget-heading\" data-id=\"ab0d3b6\" data-element_type=\"widget\" data-e-type=\"widget\" data-widget_type=\"heading.default\">\n\t\t\t\t<div class=\"elementor-widget-container\">\n\t\t\t\t\t<h1 class=\"elementor-heading-title elementor-size-default\">Jennifer Carlson<\/h1>\t\t\t\t<\/div>\n\t\t\t\t<\/div>\n\t\t\t\t<div class=\"elementor-element elementor-element-dca0785 elementor-icon-list--layout-traditional elementor-list-item-link-full_width elementor-widget elementor-widget-icon-list\" data-id=\"dca0785\" data-element_type=\"widget\" data-e-type=\"widget\" data-widget_type=\"icon-list.default\">\n\t\t\t\t<div class=\"elementor-widget-container\">\n\t\t\t\t\t\t\t<ul class=\"elementor-icon-list-items\">\n\t\t\t\t\t\t\t<li class=\"elementor-icon-list-item\">\n\t\t\t\t\t\t\t\t\t\t\t<span class=\"elementor-icon-list-icon\">\n\t\t\t\t\t\t\t<i aria-hidden=\"true\" class=\"fas fa-chevron-right\"><\/i>\t\t\t\t\t\t<\/span>\n\t\t\t\t\t\t\t\t\t\t<span class=\"elementor-icon-list-text\">Directora de Donaciones y Planificaci\u00f3n Patrimonial en The Salvation Army Northern<\/span>\n\t\t\t\t\t\t\t\t\t<\/li>\n\t\t\t\t\t\t\t\t<li class=\"elementor-icon-list-item\">\n\t\t\t\t\t\t\t\t\t\t\t<span class=\"elementor-icon-list-icon\">\n\t\t\t\t\t\t\t<i aria-hidden=\"true\" class=\"fas fa-chevron-right\"><\/i>\t\t\t\t\t\t<\/span>\n\t\t\t\t\t\t\t\t\t\t<span class=\"elementor-icon-list-text\">Miembro de la Junta Directiva<\/span>\n\t\t\t\t\t\t\t\t\t<\/li>\n\t\t\t\t\t\t<\/ul>\n\t\t\t\t\t\t<\/div>\n\t\t\t\t<\/div>\n\t\t\t\t<div class=\"elementor-element elementor-element-5fdccad3 elementor-widget-divider--view-line elementor-widget elementor-widget-divider\" data-id=\"5fdccad3\" data-element_type=\"widget\" data-e-type=\"widget\" data-widget_type=\"divider.default\">\n\t\t\t\t<div class=\"elementor-widget-container\">\n\t\t\t\t\t\t\t<div class=\"elementor-divider\">\n\t\t\t<span class=\"elementor-divider-separator\">\n\t\t\t\t\t\t<\/span>\n\t\t<\/div>\n\t\t\t\t\t\t<\/div>\n\t\t\t\t<\/div>\n\t\t\t\t<div class=\"elementor-element elementor-element-12ef40b0 elementor-widget elementor-widget-text-editor\" data-id=\"12ef40b0\" data-element_type=\"widget\" data-e-type=\"widget\" data-widget_type=\"text-editor.default\">\n\t\t\t\t<div class=\"elementor-widget-container\">\n\t\t\t\t\t\t\t\t\t<p>Jennifer tiene casi 20 a\u00f1os de experiencia en desarrollo institucional, con una trayectoria diversa en recaudaci\u00f3n de fondos que incluye donaciones planificadas, donaciones anuales, donaciones corporativas y patrocinio empresarial, administraci\u00f3n de subvenciones, participaci\u00f3n de voluntarios y trabajo en marketing. Jennifer tambi\u00e9n tiene formaci\u00f3n legal y trabaj\u00f3 en derecho de inmigraci\u00f3n. Actualmente se desempe\u00f1a como Directora de Donaciones y Planificaci\u00f3n Patrimonial en The Salvation Army Northern Division.  <\/p><p>Jennifer anteriormente vivi\u00f3 en Chile y ha pasado tiempo profesional, acad\u00e9mico y personal en Per\u00fa, Argentina, Ecuador, Brasil y Nicaragua. Ha formado parte de varias juntas y comit\u00e9s de desarrollo para organizaciones latinas y otras entidades en Minnesota. Jennifer tiene un gran inter\u00e9s en apoyar a que las personas latinas logren autosuficiencia econ\u00f3mica e independencia financiera a trav\u00e9s del emprendimiento y la creaci\u00f3n de peque\u00f1as empresas. Su trabajo en derecho de inmigraci\u00f3n la inspir\u00f3 a enfocarse en el desarrollo empresarial para la comunidad latina.   <\/p><p>Jennifer tiene una licenciatura en Espa\u00f1ol y Ciencias Pol\u00edticas de Gustavus Adolphus College, una maestr\u00eda en Estudios Latinoamericanos de la Universidad de Arizona, y estudi\u00f3 derecho en Mitchell Hamline College of Law. Es fluida en espa\u00f1ol. <\/p>\t\t\t\t\t\t\t\t<\/div>\n\t\t\t\t<\/div>\n\t\t\t\t\t<\/div>\n\t\t<\/div>\n\t\t\t\t\t<\/div>\n\t\t<\/section>\n\t\t\t\t<\/div>\n\t\t","protected":false},"excerpt":{"rendered":"<p>Miembro de la Junta Directiva Jennifer Carlson Directora de Donaciones y Planificaci\u00f3n Patrimonial en The Salvation Army Northern Miembro de la Junta Directiva Jennifer tiene casi 20 a\u00f1os de experiencia en desarrollo institucional, con una trayectoria diversa en recaudaci\u00f3n de fondos que incluye donaciones planificadas, donaciones anuales, donaciones corporativas y patrocinio empresarial, administraci\u00f3n de subvenciones, [&hellip;]<\/p>\n","protected":false},"author":1,"featured_media":0,"parent":0,"menu_order":0,"comment_status":"closed","ping_status":"closed","template":"elementor_header_footer","meta":{"_monsterinsights_skip_tracking":false,"_monsterinsights_sitenote_active":false,"_monsterinsights_sitenote_note":"","_monsterinsights_sitenote_category":0,"footnotes":""},"class_list":["post-10339","page","type-page","status-publish","hentry"],"_links":{"self":[{"href":"https:\/\/www.ledcmn.org\/es\/wp-json\/wp\/v2\/pages\/10339","targetHints":{"allow":["GET"]}}],"collection":[{"href":"https:\/\/www.ledcmn.org\/es\/wp-json\/wp\/v2\/pages"}],"about":[{"href":"https:\/\/www.ledcmn.org\/es\/wp-json\/wp\/v2\/types\/page"}],"author":[{"embeddable":true,"href":"https:\/\/www.ledcmn.org\/es\/wp-json\/wp\/v2\/users\/1"}],"replies":[{"embeddable":true,"href":"https:\/\/www.ledcmn.org\/es\/wp-json\/wp\/v2\/comments?post=10339"}],"version-history":[{"count":1,"href":"https:\/\/www.ledcmn.org\/es\/wp-json\/wp\/v2\/pages\/10339\/revisions"}],"predecessor-version":[{"id":10340,"href":"https:\/\/www.ledcmn.org\/es\/wp-json\/wp\/v2\/pages\/10339\/revisions\/10340"}],"wp:attachment":[{"href":"https:\/\/www.ledcmn.org\/es\/wp-json\/wp\/v2\/media?parent=10339"}],"curies":[{"name":"wp","href":"https:\/\/api.w.org\/{rel}","templated":true}]}}